{"id":783,"date":"2016-12-05T05:39:36","date_gmt":"2016-12-05T05:39:36","guid":{"rendered":"http:\/\/www.xdknitmachinery.com\/?page_id=783"},"modified":"2016-12-22T02:54:09","modified_gmt":"2016-12-22T02:54:09","slug":"privacy-policy","status":"publish","type":"page","link":"https:\/\/www.xdknitmachinery.com\/fr\/privacy-policy\/","title":{"rendered":"politique de confidentialit\u00e9"},"content":{"rendered":"<br \/>\n<h2>politique de confidentialit\u00e9<\/h2>\n<p>Cette politique de confidentialit\u00e9 d\u00e9finit comment www.xdknitmachinery.com utilise et prot\u00e8ge toutes les informations que vous nous fournissez lorsque vous utilisez ce site Web. www.xdknitmachinery.com s'engage \u00e0 garantir la protection de votre vie priv\u00e9e. Si nous vous demandons de fournir certaines informations permettant de vous identifier lors de l'utilisation de ce site Web, vous pouvez \u00eatre assur\u00e9 qu'elles ne seront utilis\u00e9es que conform\u00e9ment \u00e0 cette d\u00e9claration de confidentialit\u00e9. www.xdknitmachinery.com peut modifier cette politique de temps \u00e0 autre en mettant \u00e0 jour cette page. Vous devriez consulter cette page de temps en temps pour vous assurer que vous \u00eates satisfait de tout changement.<\/p>\n<p>Ce que nous collectons<\/p>\n<p>Nous pouvons collecter les informations suivantes :<\/p>\n<p>*Nom<br \/>\n*Coordonn\u00e9es, y compris l'adresse e-mail<br \/>\n*Informations d\u00e9mographiques telles que le code postal, les pr\u00e9f\u00e9rences et les int\u00e9r\u00eats<br \/>\n*Autres informations pertinentes pour les enqu\u00eates clients et\/ou les offres<\/p>\n<p>Ce que nous faisons avec les informations que nous collectons<\/p>\n<p>Nous avons besoin de ces informations pour comprendre vos besoins et vous offrir un meilleur service, et notamment pour les raisons suivantes :<\/p>\n<p>*Tenue de dossiers internes.<br \/>\n*Nous pouvons utiliser ces informations pour am\u00e9liorer nos produits et services.<br \/>\n*Nous pouvons p\u00e9riodiquement envoyer des e-mails promotionnels concernant de nouveaux produits, des offres sp\u00e9ciales ou d'autres informations que nous pensons susceptibles de vous int\u00e9resser en utilisant l'adresse e-mail que vous avez fournie.<br \/>\n*De temps en temps, nous pouvons \u00e9galement utiliser vos informations pour vous contacter \u00e0 des fins d'\u00e9tudes de march\u00e9. Nous pouvons vous contacter par e-mail, t\u00e9l\u00e9phone, fax ou courrier. Nous pouvons utiliser ces informations pour personnaliser le site Web en fonction de vos int\u00e9r\u00eats.<\/p>\n<p>Security<\/p>\n<p>Nous nous engageons \u00e0 garantir la s\u00e9curit\u00e9 de vos informations. Afin d'emp\u00eacher tout acc\u00e8s ou divulgation non autoris\u00e9, nous avons mis en place des proc\u00e9dures physiques, \u00e9lectroniques et de gestion appropri\u00e9es pour sauvegarder et s\u00e9curiser les informations que nous collectons en ligne.<\/p>\n<p>Liens vers d'autres sites Web<\/p>\n<p>Notre site Web peut contenir des liens vers d\u2019autres sites Web int\u00e9ressants. Cependant, une fois que vous avez utilis\u00e9 ces liens pour quitter notre site, vous devez noter que nous n'avons aucun contr\u00f4le sur cet autre site Web. Par cons\u00e9quent, nous ne pouvons \u00eatre responsables de la protection et de la confidentialit\u00e9 des informations que vous fournissez lors de votre visite sur ces sites et ces sites ne sont pas r\u00e9gis par cette d\u00e9claration de confidentialit\u00e9. Vous devez faire preuve de prudence et consulter la d\u00e9claration de confidentialit\u00e9 applicable au site Web en question.<\/p>\n<p>Contr\u00f4ler vos informations personnelles<\/p>\n<p>Vous pouvez choisir de restreindre la collecte ou l'utilisation de vos informations personnelles des mani\u00e8res suivantes\u00a0:<\/p>\n<p>*Chaque fois que vous \u00eates invit\u00e9 \u00e0 remplir un formulaire sur le site Web, recherchez la case sur laquelle vous pouvez cliquer pour indiquer que vous ne souhaitez pas que les informations soient utilis\u00e9es par quiconque \u00e0 des fins de marketing direct.<br \/>\n*Si vous avez d\u00e9j\u00e0 accept\u00e9 que nous utilisions vos informations personnelles \u00e0 des fins de marketing direct, vous pouvez changer d'avis \u00e0 tout moment en nous \u00e9crivant ou en nous envoyant un e-mail.<\/p>\n<p>Nous ne vendrons, distribuerons ou louerons pas vos informations personnelles \u00e0 des tiers, sauf si nous avons votre autorisation ou si la loi nous y oblige. Nous pouvons utiliser vos informations personnelles pour vous envoyer des informations promotionnelles sur des tiers qui, selon nous, pourraient vous int\u00e9resser si vous nous dites que vous souhaitez que cela se produise.<\/p>\n<p>Si vous pensez que les informations que nous d\u00e9tenons sur vous sont incorrectes ou incompl\u00e8tes, veuillez nous \u00e9crire ou nous envoyer un e-mail d\u00e8s que possible. Nous corrigerons rapidement toute information jug\u00e9e incorrecte.<\/p>","protected":false},"excerpt":{"rendered":"<p>Privacy Policy This privacy policy sets out how www.xdknitmachinery.com uses and protects any information that you give us when you use this website www.xdknitmachinery.com is committed to ensuring that your privacy is protected. Should we ask you to provide certain information by which you can be identified when using this website, then you can be [&hellip;]<\/p>\n","protected":false},"author":2,"featured_media":0,"parent":0,"menu_order":0,"comment_status":"closed","ping_status":"closed","template":"","meta":{"footnotes":""},"class_list":["post-783","page","type-page","status-publish","hentry"],"acf":[],"yoast_head":"<!-- This site is optimized with the Yoast SEO plugin v27.3 - https:\/\/yoast.com\/product\/yoast-seo-wordpress\/ -->\n<title>Privacy Policy -<\/title>\n<meta name=\"robots\" content=\"noindex, nofollow\" \/>\n<meta property=\"og:locale\" content=\"fr_FR\" \/>\n<meta property=\"og:type\" content=\"article\" \/>\n<meta property=\"og:title\" content=\"Privacy Policy -\" \/>\n<meta property=\"og:description\" content=\"Privacy Policy This privacy policy sets out how www.xdknitmachinery.com uses and protects any information that you give us when you use this website www.xdknitmachinery.com is committed to ensuring that your privacy is protected. Should we ask you to provide certain information by which you can be identified when using this website, then you can be [&hellip;]\" \/>\n<meta property=\"og:url\" content=\"https:\/\/xd.demo.somue.com\/privacy-policy\/\" \/>\n<meta property=\"article:modified_time\" content=\"2016-12-22T02:54:09+00:00\" \/>\n<meta name=\"twitter:card\" content=\"summary_large_image\" \/>\n<meta name=\"twitter:label1\" content=\"Dur\u00e9e de lecture estim\u00e9e\" \/>\n\t<meta name=\"twitter:data1\" content=\"3 minutes\" \/>\n<script type=\"application\/ld+json\" class=\"yoast-schema-graph\">{\"@context\":\"https:\\\/\\\/schema.org\",\"@graph\":[{\"@type\":\"WebPage\",\"@id\":\"https:\\\/\\\/xd.demo.somue.com\\\/privacy-policy\\\/\",\"url\":\"https:\\\/\\\/xd.demo.somue.com\\\/privacy-policy\\\/\",\"name\":\"Privacy Policy -\",\"isPartOf\":{\"@id\":\"https:\\\/\\\/xd.demo.somue.com\\\/#website\"},\"datePublished\":\"2016-12-05T05:39:36+00:00\",\"dateModified\":\"2016-12-22T02:54:09+00:00\",\"breadcrumb\":{\"@id\":\"https:\\\/\\\/xd.demo.somue.com\\\/privacy-policy\\\/#breadcrumb\"},\"inLanguage\":\"fr-FR\",\"potentialAction\":[{\"@type\":\"ReadAction\",\"target\":[\"https:\\\/\\\/xd.demo.somue.com\\\/privacy-policy\\\/\"]}]},{\"@type\":\"BreadcrumbList\",\"@id\":\"https:\\\/\\\/xd.demo.somue.com\\\/privacy-policy\\\/#breadcrumb\",\"itemListElement\":[{\"@type\":\"ListItem\",\"position\":1,\"name\":\"Home\",\"item\":\"https:\\\/\\\/xd.demo.somue.com\\\/\"},{\"@type\":\"ListItem\",\"position\":2,\"name\":\"Privacy Policy\"}]},{\"@type\":\"WebSite\",\"@id\":\"https:\\\/\\\/xd.demo.somue.com\\\/#website\",\"url\":\"https:\\\/\\\/xd.demo.somue.com\\\/\",\"name\":\"\",\"description\":\"\",\"potentialAction\":[{\"@type\":\"SearchAction\",\"target\":{\"@type\":\"EntryPoint\",\"urlTemplate\":\"https:\\\/\\\/xd.demo.somue.com\\\/?s={search_term_string}\"},\"query-input\":{\"@type\":\"PropertyValueSpecification\",\"valueRequired\":true,\"valueName\":\"search_term_string\"}}],\"inLanguage\":\"fr-FR\"}]}<\/script>\n<!-- \/ Yoast SEO plugin. -->","yoast_head_json":{"title":"Privacy Policy -","robots":{"index":"noindex","follow":"nofollow"},"og_locale":"fr_FR","og_type":"article","og_title":"Privacy Policy -","og_description":"Privacy Policy This privacy policy sets out how www.xdknitmachinery.com uses and protects any information that you give us when you use this website www.xdknitmachinery.com is committed to ensuring that your privacy is protected. Should we ask you to provide certain information by which you can be identified when using this website, then you can be [&hellip;]","og_url":"https:\/\/xd.demo.somue.com\/privacy-policy\/","article_modified_time":"2016-12-22T02:54:09+00:00","twitter_card":"summary_large_image","twitter_misc":{"Dur\u00e9e de lecture estim\u00e9e":"3 minutes"},"schema":{"@context":"https:\/\/schema.org","@graph":[{"@type":"WebPage","@id":"https:\/\/xd.demo.somue.com\/privacy-policy\/","url":"https:\/\/xd.demo.somue.com\/privacy-policy\/","name":"Privacy Policy -","isPartOf":{"@id":"https:\/\/xd.demo.somue.com\/#website"},"datePublished":"2016-12-05T05:39:36+00:00","dateModified":"2016-12-22T02:54:09+00:00","breadcrumb":{"@id":"https:\/\/xd.demo.somue.com\/privacy-policy\/#breadcrumb"},"inLanguage":"fr-FR","potentialAction":[{"@type":"ReadAction","target":["https:\/\/xd.demo.somue.com\/privacy-policy\/"]}]},{"@type":"BreadcrumbList","@id":"https:\/\/xd.demo.somue.com\/privacy-policy\/#breadcrumb","itemListElement":[{"@type":"ListItem","position":1,"name":"Home","item":"https:\/\/xd.demo.somue.com\/"},{"@type":"ListItem","position":2,"name":"Privacy Policy"}]},{"@type":"WebSite","@id":"https:\/\/xd.demo.somue.com\/#website","url":"https:\/\/xd.demo.somue.com\/","name":"","description":"","potentialAction":[{"@type":"SearchAction","target":{"@type":"EntryPoint","urlTemplate":"https:\/\/xd.demo.somue.com\/?s={search_term_string}"},"query-input":{"@type":"PropertyValueSpecification","valueRequired":true,"valueName":"search_term_string"}}],"inLanguage":"fr-FR"}]}},"_links":{"self":[{"href":"https:\/\/www.xdknitmachinery.com\/fr\/wp-json\/wp\/v2\/pages\/783","targetHints":{"allow":["GET"]}}],"collection":[{"href":"https:\/\/www.xdknitmachinery.com\/fr\/wp-json\/wp\/v2\/pages"}],"about":[{"href":"https:\/\/www.xdknitmachinery.com\/fr\/wp-json\/wp\/v2\/types\/page"}],"author":[{"embeddable":true,"href":"https:\/\/www.xdknitmachinery.com\/fr\/wp-json\/wp\/v2\/users\/2"}],"replies":[{"embeddable":true,"href":"https:\/\/www.xdknitmachinery.com\/fr\/wp-json\/wp\/v2\/comments?post=783"}],"version-history":[{"count":0,"href":"https:\/\/www.xdknitmachinery.com\/fr\/wp-json\/wp\/v2\/pages\/783\/revisions"}],"wp:attachment":[{"href":"https:\/\/www.xdknitmachinery.com\/fr\/wp-json\/wp\/v2\/media?parent=783"}],"curies":[{"name":"wp","href":"https:\/\/api.w.org\/{rel}","templated":true}]}}