{"id":180,"date":"2016-10-20T08:11:56","date_gmt":"2016-10-20T08:11:56","guid":{"rendered":"http:\/\/www.xdknitmachinery.com\/?page_id=180"},"modified":"2025-02-19T10:33:04","modified_gmt":"2025-02-19T10:33:04","slug":"double","status":"publish","type":"page","link":"https:\/\/www.xdknitmachinery.com\/fr\/products\/double\/","title":{"rendered":"S\u00e9rie Double Tricot"},"content":{"rendered":"<section class=\"uk-section  uk-section-default uk-light\" style=\"background-image:url(https:\/\/www.xdknitmachinery.com\/wp-content\/uploads\/2025\/02\/banner1920X300px2.jpg)\">\n    <div class=\"uk-container\">\n        \r\n<div class=\"uk-custom-columns  uk-text-center\" uk-grid>\n\r\n<div class=\"uk-width-1-1@m\">\n    \r\n\r\n<h2 class=\"wp-block-heading\">S\u00e9rie Double Tricot<\/h2>\r\n\r\n\r\n\r\n<span><span><a href=\"https:\/\/xd.demo.somue.com\/\">Home<\/a><\/span><\/span>\r\n\r\n\n<\/div>\n\r\n\n<\/div>\n\r\n\n    <\/div>\n<\/section>\r\n\r\n<section class=\"uk-section  uk-section-default\" style=\"background-image:url()\">\n    <div class=\"uk-container\">\n        \r\n<div class=\"uk-custom-columns uk-grid- uk-text-\" uk-grid>\n\r\n<div class=\"uk-width-1-3@m\">\n    \r\n\r\n<figure class=\"wp-block-image size-full\"><img fetchpriority=\"high\" decoding=\"async\" width=\"550\" height=\"575\" src=\"https:\/\/www.xdknitmachinery.com\/wp-content\/uploads\/2023\/08\/Body-Size-Double-Jersey-Circular-Knitting-Machine.jpg\" alt=\"Body Size Double Jersey Circular Knitting Machine\" class=\"wp-image-5549\" srcset=\"https:\/\/www.xdknitmachinery.com\/wp-content\/uploads\/2023\/08\/Body-Size-Double-Jersey-Circular-Knitting-Machine.jpg 550w, https:\/\/www.xdknitmachinery.com\/wp-content\/uploads\/2023\/08\/Body-Size-Double-Jersey-Circular-Knitting-Machine-287x300.jpg 287w\" sizes=\"(max-width: 550px) 100vw, 550px\" \/><\/figure>\r\n\r\n\n<\/div>\n\r\n\r\n<div class=\"uk-width-2-3@m\">\n    \r\n\r\n<h2 class=\"wp-block-heading\">Machine \u00e0 tricoter circulaire \u00e0 double jersey interlock<\/h2>\r\n\r\n\r\n<style>\n\n    \n        hr:after{border-top:2px solid #ffa500!important;}\n\n    <\/style>\n\n<hr class=\"uk-divider-small\">\r\n\r\n\r\n<p>Les principaux composants sont con\u00e7us par le syst\u00e8me CAO et usin\u00e9s par CNC pour am\u00e9liorer la pr\u00e9cision de l'\u00e9quipement. Utilisation d'un lubrificateur d'huile automatique pour lubrifier respectivement le cylindre et les aiguilles, ce qui emp\u00eache les aiguilles de s'endommager facilement.<\/p>\r\n\r\n\r\n\n\r\n<div class=\"uk-grid-small uk-child-width-expand uk-flex-middle\" uk-grid>\n\n    <div class=\"uk-width-auto\"><span class=\"uk-icon\" uk-icon=\"icon:check;ratio:1\"><\/span><\/div>\n\n    <div>\r\n\r\n<p>Haute productivit\u00e9. Chaque mod\u00e8le peut \u00eatre \u00e9quip\u00e9 d'un feeder Lycra en option<\/p>\r\n\r\n<\/div>\n\n<\/div>\r\n\r\n<div class=\"uk-grid-small uk-child-width-expand uk-flex-middle\" uk-grid>\n\n    <div class=\"uk-width-auto\"><span class=\"uk-icon\" uk-icon=\"icon:check;ratio:1\"><\/span><\/div>\n\n    <div>\r\n\r\n<p>Forte inter-convertibilit\u00e9. Les kits de conversion permettent de modifier les nervures et les verrouillages<\/p>\r\n\r\n<\/div>\n\n<\/div>\r\n\r\n<div class=\"uk-grid-small uk-child-width-expand uk-flex-middle\" uk-grid>\n\n    <div class=\"uk-width-auto\"><span class=\"uk-icon\" uk-icon=\"icon:check;ratio:1\"><\/span><\/div>\n\n    <div>\r\n\r\n<p>Donn\u00e9es technologiques : 16''-40'', 10G-36G, 32F-96F<\/p>\r\n\r\n<\/div>\n\n<\/div>\r\n\r\n\r\n<a href=\"\/fr\/products\/double\/interlock\/\" class=\"uk-button uk-button-primary  uk-border-default  uk-margin-top\">Voir plus<\/a>\r\n\n<\/div>\n\r\n\n<\/div>\n\r\n\n    <\/div>\n<\/section>\r\n\r\n<section class=\"uk-section  uk-section-muted\" style=\"background-image:url()\">\n    <div class=\"uk-container\">\n        \r\n<div class=\"uk-custom-columns uk-grid- uk-text-\" uk-grid>\n\r\n<div class=\"uk-width-1-3@m\">\n    \r\n\r\n<figure class=\"wp-block-image size-full\"><img decoding=\"async\" width=\"550\" height=\"575\" src=\"https:\/\/www.xdknitmachinery.com\/wp-content\/uploads\/2023\/08\/rib-circular-knitting-machine.jpg\" alt=\"rib circular knitting machine\" class=\"wp-image-5551\" srcset=\"https:\/\/www.xdknitmachinery.com\/wp-content\/uploads\/2023\/08\/rib-circular-knitting-machine.jpg 550w, https:\/\/www.xdknitmachinery.com\/wp-content\/uploads\/2023\/08\/rib-circular-knitting-machine-287x300.jpg 287w\" sizes=\"(max-width: 550px) 100vw, 550px\" \/><\/figure>\r\n\r\n\n<\/div>\n\r\n\r\n<div class=\"uk-width-2-3@m  uk-flex-first@l\">\n    \r\n\r\n<h2 class=\"wp-block-heading\">Machine \u00e0 tricoter circulaire nervur\u00e9e<\/h2>\r\n\r\n\r\n<style>\n\n    \n        hr:after{border-top:2px solid #ffa500!important;}\n\n    <\/style>\n\n<hr class=\"uk-divider-small\">\r\n\r\n\r\n<p>Largement utilis\u00e9 dans la production en grand volume de tissus de sous-v\u00eatements doux et confortables<\/p>\r\n\r\n\r\n\n\r\n<div class=\"uk-grid-small uk-child-width-expand uk-flex-middle\" uk-grid>\n\n    <div class=\"uk-width-auto\"><span class=\"uk-icon\" uk-icon=\"icon:check;ratio:1\"><\/span><\/div>\n\n    <div>\r\n\r\n<p>Mod\u00e8le le plus populaire, capable de tricoter diff\u00e9rents types de tissus en jersey double<\/p>\r\n\r\n<\/div>\n\n<\/div>\r\n\r\n<div class=\"uk-grid-small uk-child-width-expand uk-flex-middle\" uk-grid>\n\n    <div class=\"uk-width-auto\"><span class=\"uk-icon\" uk-icon=\"icon:check;ratio:1\"><\/span><\/div>\n\n    <div>\r\n\r\n<p>Conception interchangeable pour embo\u00eeter la machine \u00e0 tricoter<\/p>\r\n\r\n<\/div>\n\n<\/div>\r\n\r\n<div class=\"uk-grid-small uk-child-width-expand uk-flex-middle\" uk-grid>\n\n    <div class=\"uk-width-auto\"><span class=\"uk-icon\" uk-icon=\"icon:check;ratio:1\"><\/span><\/div>\n\n    <div>\r\n\r\n<p>Donn\u00e9es technologiques : 30''-38'', 10G-22G, 52F-72F<\/p>\r\n\r\n<\/div>\n\n<\/div>\r\n\r\n\r\n<a href=\"\/fr\/products\/double\/rib\/\" class=\"uk-button uk-button-primary  uk-border-default  uk-margin-top\">Voir plus<\/a>\r\n\n<\/div>\n\r\n\n<\/div>\n\r\n\n    <\/div>\n<\/section>\r\n\r\n<section class=\"uk-section  uk-section-default\" style=\"background-image:url()\">\n    <div class=\"uk-container\">\n        \r\n<div class=\"uk-custom-columns uk-grid- uk-text-\" uk-grid>\n\r\n<div class=\"uk-width-1-3@m\">\n    \r\n\r\n<figure class=\"wp-block-image size-full\"><img decoding=\"async\" width=\"550\" height=\"575\" src=\"https:\/\/www.xdknitmachinery.com\/wp-content\/uploads\/2023\/08\/Double-Jersey-Open-Width-Circular-Knitting-Machine.jpg\" alt=\"Double Jersey Open Width Circular Knitting Machine\" class=\"wp-image-5550\" srcset=\"https:\/\/www.xdknitmachinery.com\/wp-content\/uploads\/2023\/08\/Double-Jersey-Open-Width-Circular-Knitting-Machine.jpg 550w, https:\/\/www.xdknitmachinery.com\/wp-content\/uploads\/2023\/08\/Double-Jersey-Open-Width-Circular-Knitting-Machine-287x300.jpg 287w\" sizes=\"(max-width: 550px) 100vw, 550px\" \/><\/figure>\r\n\r\n\n<\/div>\n\r\n\r\n<div class=\"uk-width-2-3@m\">\n    \r\n\r\n<h2 class=\"wp-block-heading\">Machine \u00e0 tricoter circulaire en jersey double taille du corps<\/h2>\r\n\r\n\r\n<style>\n\n    \n        hr:after{border-top:2px solid #ffa500!important;}\n\n    <\/style>\n\n<hr class=\"uk-divider-small\">\r\n\r\n\r\n<p>Nouveau type d\u00e9velopp\u00e9 pour r\u00e9pondre aux diff\u00e9rents changements du march\u00e9. Cette machine \u00e0 tricoter de petit diam\u00e8tre peut produire des chemises, des sous-v\u00eatements, des maillots de bain sans couture, etc.<\/p>\r\n\r\n\r\n\n\r\n<div class=\"uk-grid-small uk-child-width-expand uk-flex-middle\" uk-grid>\n\n    <div class=\"uk-width-auto\"><span class=\"uk-icon\" uk-icon=\"icon:check;ratio:1\"><\/span><\/div>\n\n    <div>\r\n\r\n<p>Un format mini \u00e0 grande vitesse pour r\u00e9pondre \u00e0 la demande du march\u00e9<\/p>\r\n\r\n<\/div>\n\n<\/div>\r\n\r\n<div class=\"uk-grid-small uk-child-width-expand uk-flex-middle\" uk-grid>\n\n    <div class=\"uk-width-auto\"><span class=\"uk-icon\" uk-icon=\"icon:check;ratio:1\"><\/span><\/div>\n\n    <div>\r\n\r\n<p>Capable de produire n\u2019importe quel tricot sans couture<\/p>\r\n\r\n<\/div>\n\n<\/div>\r\n\r\n<div class=\"uk-grid-small uk-child-width-expand uk-flex-middle\" uk-grid>\n\n    <div class=\"uk-width-auto\"><span class=\"uk-icon\" uk-icon=\"icon:check;ratio:1\"><\/span><\/div>\n\n    <div>\r\n\r\n<p>Donn\u00e9es technologiques : 12''-28'', 16-28G, 24-56F<\/p>\r\n\r\n<\/div>\n\n<\/div>\r\n\r\n\r\n<a href=\"\/fr\/products\/double\/body-size\/\" class=\"uk-button uk-button-primary  uk-border-default  uk-margin-top\">Voir plus<\/a>\r\n\n<\/div>\n\r\n\n<\/div>\n\r\n\n    <\/div>\n<\/section>\r\n\r\n<section class=\"uk-section  uk-section-muted\" style=\"background-image:url()\">\n    <div class=\"uk-container\">\n        \r\n<div class=\"uk-custom-columns uk-grid- uk-text-\" uk-grid>\n\r\n<div class=\"uk-width-1-3@m\">\n    \r\n\r\n<figure class=\"wp-block-image size-full\"><img loading=\"lazy\" decoding=\"async\" width=\"550\" height=\"575\" src=\"https:\/\/www.xdknitmachinery.com\/wp-content\/uploads\/2020\/07\/Double-JerseyInterlock-Circular-Knitting-Machine.jpg\" alt=\"Double Jersey Interlock Circular Knitting Machine\" class=\"wp-image-3333\" srcset=\"https:\/\/www.xdknitmachinery.com\/wp-content\/uploads\/2020\/07\/Double-JerseyInterlock-Circular-Knitting-Machine.jpg 550w, https:\/\/www.xdknitmachinery.com\/wp-content\/uploads\/2020\/07\/Double-JerseyInterlock-Circular-Knitting-Machine-287x300.jpg 287w\" sizes=\"(max-width: 550px) 100vw, 550px\" \/><\/figure>\r\n\r\n\n<\/div>\n\r\n\r\n<div class=\"uk-width-2-3@m uk-flex-first@l\">\n    \r\n\r\n<h2 class=\"wp-block-heading\">Machine \u00e0 tricoter circulaire \u00e0 largeur ouverte en jersey double<\/h2>\r\n\r\n\r\n<style>\n\n    \n        hr:after{border-top:2px solid #ffa500!important;}\n\n    <\/style>\n\n<hr class=\"uk-divider-small\">\r\n\r\n\r\n<p>Suivre la conception de l'engrenage sans d\u00e9plier le tissu permet d'enrouler facilement le tissu. Son dispositif d'arr\u00eat de s\u00e9curit\u00e9 fonctionne lorsque le tissu n'est pas compl\u00e8tement coup\u00e9.<\/p>\r\n\r\n\r\n\n\r\n<div class=\"uk-grid-small uk-child-width-expand uk-flex-middle\" uk-grid>\n\n    <div class=\"uk-width-auto\"><span class=\"uk-icon\" uk-icon=\"icon:check;ratio:1\"><\/span><\/div>\n\n    <div>\r\n\r\n<p>Qualit\u00e9 de tissu haut de gamme sans aucun pli central sur toute la surface du tissu<\/p>\r\n\r\n<\/div>\n\n<\/div>\r\n\r\n<div class=\"uk-grid-small uk-child-width-expand uk-flex-middle\" uk-grid>\n\n    <div class=\"uk-width-auto\"><span class=\"uk-icon\" uk-icon=\"icon:check;ratio:1\"><\/span><\/div>\n\n    <div>\r\n\r\n<p>Moins de d\u00e9chets de coupe lors du traitement ult\u00e9rieur du tissu<\/p>\r\n\r\n<\/div>\n\n<\/div>\r\n\r\n<div class=\"uk-grid-small uk-child-width-expand uk-flex-middle\" uk-grid>\n\n    <div class=\"uk-width-auto\"><span class=\"uk-icon\" uk-icon=\"icon:check;ratio:1\"><\/span><\/div>\n\n    <div>\r\n\r\n<p>Donn\u00e9es technologiques : 16''-44'', 10G-36G, 32F-96F<\/p>\r\n\r\n<\/div>\n\n<\/div>\r\n\r\n\r\n<a href=\"\/fr\/products\/double\/open-width\/\" class=\"uk-button uk-button-primary  uk-border-default  uk-margin-top\">Voir plus<\/a>\r\n\n<\/div>\n\r\n\n<\/div>\n\r\n\n    <\/div>\n<\/section>","protected":false},"excerpt":{"rendered":"","protected":false},"author":3,"featured_media":0,"parent":11,"menu_order":0,"comment_status":"closed","ping_status":"closed","template":"page-templates\/prodcuts-double.php","meta":{"footnotes":""},"class_list":["post-180","page","type-page","status-publish","hentry"],"acf":[],"yoast_head":"<!-- This site is optimized with the Yoast SEO plugin v27.3 - https:\/\/yoast.com\/product\/yoast-seo-wordpress\/ -->\n<title>Double Jersey Circular Knitting Machine | Sintelli<\/title>\n<meta name=\"description\" content=\"Double Circular Knitting Machine Series including interlock \u00b7 Rib \u00b7 Body Size \u00b7 Open Width, Check Details\" \/>\n<meta name=\"robots\" content=\"index, follow, max-snippet:-1, max-image-preview:large, max-video-preview:-1\" \/>\n<link rel=\"canonical\" href=\"https:\/\/xd.demo.somue.com\/products\/double\/\" \/>\n<meta property=\"og:locale\" content=\"fr_FR\" \/>\n<meta property=\"og:type\" content=\"article\" \/>\n<meta property=\"og:title\" content=\"Double Jersey Circular Knitting Machine | Sintelli\" \/>\n<meta property=\"og:description\" content=\"Double Circular Knitting Machine Series including interlock \u00b7 Rib \u00b7 Body Size \u00b7 Open Width, Check Details\" \/>\n<meta property=\"og:url\" content=\"https:\/\/xd.demo.somue.com\/products\/double\/\" \/>\n<meta property=\"article:modified_time\" content=\"2025-02-19T10:33:04+00:00\" \/>\n<meta property=\"og:image\" content=\"https:\/\/www.xdknitmachinery.com\/wp-content\/uploads\/2023\/08\/Body-Size-Double-Jersey-Circular-Knitting-Machine.jpg\" \/>\n<meta name=\"twitter:card\" content=\"summary_large_image\" \/>\n<meta name=\"twitter:label1\" content=\"Dur\u00e9e de lecture estim\u00e9e\" \/>\n\t<meta name=\"twitter:data1\" content=\"2 minutes\" \/>\n<script type=\"application\/ld+json\" class=\"yoast-schema-graph\">{\"@context\":\"https:\\\/\\\/schema.org\",\"@graph\":[{\"@type\":\"WebPage\",\"@id\":\"https:\\\/\\\/xd.demo.somue.com\\\/products\\\/double\\\/\",\"url\":\"https:\\\/\\\/xd.demo.somue.com\\\/products\\\/double\\\/\",\"name\":\"Double Jersey Circular Knitting Machine | Sintelli\",\"isPartOf\":{\"@id\":\"https:\\\/\\\/xd.demo.somue.com\\\/#website\"},\"primaryImageOfPage\":{\"@id\":\"https:\\\/\\\/xd.demo.somue.com\\\/products\\\/double\\\/#primaryimage\"},\"image\":{\"@id\":\"https:\\\/\\\/xd.demo.somue.com\\\/products\\\/double\\\/#primaryimage\"},\"thumbnailUrl\":\"https:\\\/\\\/www.xdknitmachinery.com\\\/wp-content\\\/uploads\\\/2023\\\/08\\\/Body-Size-Double-Jersey-Circular-Knitting-Machine.jpg\",\"datePublished\":\"2016-10-20T08:11:56+00:00\",\"dateModified\":\"2025-02-19T10:33:04+00:00\",\"description\":\"Double Circular Knitting Machine Series including interlock \u00b7 Rib \u00b7 Body Size \u00b7 Open Width, Check Details\",\"breadcrumb\":{\"@id\":\"https:\\\/\\\/xd.demo.somue.com\\\/products\\\/double\\\/#breadcrumb\"},\"inLanguage\":\"fr-FR\",\"potentialAction\":[{\"@type\":\"ReadAction\",\"target\":[\"https:\\\/\\\/xd.demo.somue.com\\\/products\\\/double\\\/\"]}]},{\"@type\":\"ImageObject\",\"inLanguage\":\"fr-FR\",\"@id\":\"https:\\\/\\\/xd.demo.somue.com\\\/products\\\/double\\\/#primaryimage\",\"url\":\"https:\\\/\\\/www.xdknitmachinery.com\\\/wp-content\\\/uploads\\\/2023\\\/08\\\/Body-Size-Double-Jersey-Circular-Knitting-Machine.jpg\",\"contentUrl\":\"https:\\\/\\\/www.xdknitmachinery.com\\\/wp-content\\\/uploads\\\/2023\\\/08\\\/Body-Size-Double-Jersey-Circular-Knitting-Machine.jpg\"},{\"@type\":\"BreadcrumbList\",\"@id\":\"https:\\\/\\\/xd.demo.somue.com\\\/products\\\/double\\\/#breadcrumb\",\"itemListElement\":[{\"@type\":\"ListItem\",\"position\":1,\"name\":\"Home\",\"item\":\"https:\\\/\\\/xd.demo.somue.com\\\/\"},{\"@type\":\"ListItem\",\"position\":2,\"name\":\"Products\",\"item\":\"https:\\\/\\\/xd.demo.somue.com\\\/products\\\/\"},{\"@type\":\"ListItem\",\"position\":3,\"name\":\"Double Knit Series\"}]},{\"@type\":\"WebSite\",\"@id\":\"https:\\\/\\\/xd.demo.somue.com\\\/#website\",\"url\":\"https:\\\/\\\/xd.demo.somue.com\\\/\",\"name\":\"\",\"description\":\"\",\"potentialAction\":[{\"@type\":\"SearchAction\",\"target\":{\"@type\":\"EntryPoint\",\"urlTemplate\":\"https:\\\/\\\/xd.demo.somue.com\\\/?s={search_term_string}\"},\"query-input\":{\"@type\":\"PropertyValueSpecification\",\"valueRequired\":true,\"valueName\":\"search_term_string\"}}],\"inLanguage\":\"fr-FR\"}]}<\/script>\n<!-- \/ Yoast SEO plugin. -->","yoast_head_json":{"title":"Machine \u00e0 tricoter circulaire double jersey | Sintelli","description":"S\u00e9rie de machines \u00e0 tricoter double circulaire avec interlock \u00b7 C\u00f4tes \u00b7 Taille du corps \u00b7 Largeur ouverte, v\u00e9rifier les d\u00e9tails","robots":{"index":"index","follow":"follow","max-snippet":"max-snippet:-1","max-image-preview":"max-image-preview:large","max-video-preview":"max-video-preview:-1"},"canonical":"https:\/\/xd.demo.somue.com\/products\/double\/","og_locale":"fr_FR","og_type":"article","og_title":"Double Jersey Circular Knitting Machine | Sintelli","og_description":"Double Circular Knitting Machine Series including interlock \u00b7 Rib \u00b7 Body Size \u00b7 Open Width, Check Details","og_url":"https:\/\/xd.demo.somue.com\/products\/double\/","article_modified_time":"2025-02-19T10:33:04+00:00","og_image":[{"url":"https:\/\/www.xdknitmachinery.com\/wp-content\/uploads\/2023\/08\/Body-Size-Double-Jersey-Circular-Knitting-Machine.jpg","type":"","width":"","height":""}],"twitter_card":"summary_large_image","twitter_misc":{"Dur\u00e9e de lecture estim\u00e9e":"2 minutes"},"schema":{"@context":"https:\/\/schema.org","@graph":[{"@type":"WebPage","@id":"https:\/\/xd.demo.somue.com\/products\/double\/","url":"https:\/\/xd.demo.somue.com\/products\/double\/","name":"Machine \u00e0 tricoter circulaire double jersey | Sintelli","isPartOf":{"@id":"https:\/\/xd.demo.somue.com\/#website"},"primaryImageOfPage":{"@id":"https:\/\/xd.demo.somue.com\/products\/double\/#primaryimage"},"image":{"@id":"https:\/\/xd.demo.somue.com\/products\/double\/#primaryimage"},"thumbnailUrl":"https:\/\/www.xdknitmachinery.com\/wp-content\/uploads\/2023\/08\/Body-Size-Double-Jersey-Circular-Knitting-Machine.jpg","datePublished":"2016-10-20T08:11:56+00:00","dateModified":"2025-02-19T10:33:04+00:00","description":"S\u00e9rie de machines \u00e0 tricoter double circulaire avec interlock \u00b7 C\u00f4tes \u00b7 Taille du corps \u00b7 Largeur ouverte, v\u00e9rifier les d\u00e9tails","breadcrumb":{"@id":"https:\/\/xd.demo.somue.com\/products\/double\/#breadcrumb"},"inLanguage":"fr-FR","potentialAction":[{"@type":"ReadAction","target":["https:\/\/xd.demo.somue.com\/products\/double\/"]}]},{"@type":"ImageObject","inLanguage":"fr-FR","@id":"https:\/\/xd.demo.somue.com\/products\/double\/#primaryimage","url":"https:\/\/www.xdknitmachinery.com\/wp-content\/uploads\/2023\/08\/Body-Size-Double-Jersey-Circular-Knitting-Machine.jpg","contentUrl":"https:\/\/www.xdknitmachinery.com\/wp-content\/uploads\/2023\/08\/Body-Size-Double-Jersey-Circular-Knitting-Machine.jpg"},{"@type":"BreadcrumbList","@id":"https:\/\/xd.demo.somue.com\/products\/double\/#breadcrumb","itemListElement":[{"@type":"ListItem","position":1,"name":"Home","item":"https:\/\/xd.demo.somue.com\/"},{"@type":"ListItem","position":2,"name":"Products","item":"https:\/\/xd.demo.somue.com\/products\/"},{"@type":"ListItem","position":3,"name":"Double Knit Series"}]},{"@type":"WebSite","@id":"https:\/\/xd.demo.somue.com\/#website","url":"https:\/\/xd.demo.somue.com\/","name":"","description":"","potentialAction":[{"@type":"SearchAction","target":{"@type":"EntryPoint","urlTemplate":"https:\/\/xd.demo.somue.com\/?s={search_term_string}"},"query-input":{"@type":"PropertyValueSpecification","valueRequired":true,"valueName":"search_term_string"}}],"inLanguage":"fr-FR"}]}},"_links":{"self":[{"href":"https:\/\/www.xdknitmachinery.com\/fr\/wp-json\/wp\/v2\/pages\/180","targetHints":{"allow":["GET"]}}],"collection":[{"href":"https:\/\/www.xdknitmachinery.com\/fr\/wp-json\/wp\/v2\/pages"}],"about":[{"href":"https:\/\/www.xdknitmachinery.com\/fr\/wp-json\/wp\/v2\/types\/page"}],"author":[{"embeddable":true,"href":"https:\/\/www.xdknitmachinery.com\/fr\/wp-json\/wp\/v2\/users\/3"}],"replies":[{"embeddable":true,"href":"https:\/\/www.xdknitmachinery.com\/fr\/wp-json\/wp\/v2\/comments?post=180"}],"version-history":[{"count":46,"href":"https:\/\/www.xdknitmachinery.com\/fr\/wp-json\/wp\/v2\/pages\/180\/revisions"}],"predecessor-version":[{"id":5975,"href":"https:\/\/www.xdknitmachinery.com\/fr\/wp-json\/wp\/v2\/pages\/180\/revisions\/5975"}],"up":[{"embeddable":true,"href":"https:\/\/www.xdknitmachinery.com\/fr\/wp-json\/wp\/v2\/pages\/11"}],"wp:attachment":[{"href":"https:\/\/www.xdknitmachinery.com\/fr\/wp-json\/wp\/v2\/media?parent=180"}],"curies":[{"name":"wp","href":"https:\/\/api.w.org\/{rel}","templated":true}]}}