{"id":178,"date":"2016-10-20T08:11:29","date_gmt":"2016-10-20T08:11:29","guid":{"rendered":"http:\/\/www.xdknitmachinery.com\/?page_id=178"},"modified":"2025-02-19T09:50:26","modified_gmt":"2025-02-19T09:50:26","slug":"single","status":"publish","type":"page","link":"https:\/\/www.xdknitmachinery.com\/fr\/products\/single\/","title":{"rendered":"S\u00e9rie tricot unique"},"content":{"rendered":"\r\n<h3>\r\n\t\tSingle Series\r\n\t<\/h3>\r\n\t<code>[yoast-breadcrumb]<\/code>\r\n\t\t\t\t<img fetchpriority=\"high\" decoding=\"async\" src=\"https:\/\/www.xdknitmachinery.com\/wp-content\/uploads\/2020\/07\/Single-Jersey-Circular-Knitting-Machine.jpg\" alt=\"Single Jersey Circular Knitting Machine\" itemprop=\"image\" height=\"575\" width=\"550\" title=\"Single Jersey Circular Knitting Machine\">\r\n<h2>\r\n\t\tSingle Jersey Circular Knitting Machine\r\n\t<\/h2>\r\n\t<p>Designed with the central adjustment system to adjust fabrics in different levels of density easily and conveniently, normally equipped with different gauges of cylinders which is easy to alter and can meet the varying requirements in the knitting market.<\/p>\r\n\t\t\t<a href=\"http:\/\/www.xdknitmachinery.com\/products\/single\/single-jersey\/\" target=\"_self\" role=\"button\" rel=\"noopener noreferrer\">\r\n\t\t\t\t\t\t\tView Details\r\n\t\t\t\t\t<\/a>\r\n<h2>\r\n\t\tSingle Terry Circular Knitting Machine\r\n\t<\/h2>\r\n\t<p>Featuring different types of sinkers, the terry single knitting machine is capable of knitting high-quality terry fabric of different loop height. With the Lycra attachment, it can also knit stretchy towel. <\/p>\r\n\t\t\t<a href=\"http:\/\/www.xdknitmachinery.com\/products\/single\/single-terry\/\" target=\"_self\" role=\"button\" rel=\"noopener noreferrer\">\r\n\t\t\t\t\t\t\tView Details\r\n\t\t\t\t\t<\/a>\r\n\t\t\t\t<img decoding=\"async\" src=\"https:\/\/www.xdknitmachinery.com\/wp-content\/uploads\/2020\/07\/Single-Terry-Circular-Knitting-Machine.png\" alt=\"Single Terry Circular Knitting Machine\" itemprop=\"image\" height=\"575\" width=\"550\" title=\"Single Terry Circular Knitting Machine\">\r\n\t\t\t\t<img decoding=\"async\" src=\"https:\/\/www.xdknitmachinery.com\/wp-content\/uploads\/2020\/07\/Open-Width-Single-Jersey-Circular-Knitting-Machine.jpg\" alt=\"Open Width Single Jersey Circular Knitting Machine\" itemprop=\"image\" height=\"575\" width=\"550\" title=\"Open Width Single Jersey Circular Knitting Machine\">\r\n<h2>\r\n\t\tOpen Width Single Jersey Circular Knitting Machine\r\n\t<\/h2>\r\n\t<p>The cloth-cutting machine is equipped with a roller speed adjustment device that guarantees a uniform and stable knitting tightness to the fabric.<\/p>\r\n\t\t\t<a href=\"http:\/\/www.xdknitmachinery.com\/products\/single\/open-width\/\" target=\"_self\" role=\"button\" rel=\"noopener noreferrer\">\r\n\t\t\t\t\t\t\tView Details\r\n\t\t\t\t\t<\/a>\r\n<h2>\r\n\t\tSingle Reverse Plated Loop Circular Knitting Machine\r\n\t<\/h2>\r\n\t<p>Reverse Plated Loop Single Circular Knitting Machine features different types of sinkers, which can knit to welling with differing heights of loops pile. This machine can feature reversed cams and normal cams respectively. <\/p>\r\n\t\t\t<a href=\"http:\/\/www.xdknitmachinery.com\/products\/single\/reverse-plated-loop\/\" target=\"_self\" role=\"button\" rel=\"noopener noreferrer\">\r\n\t\t\t\t\t\t\tView Details\r\n\t\t\t\t\t<\/a>\r\n\t\t\t\t<img loading=\"lazy\" decoding=\"async\" src=\"https:\/\/www.xdknitmachinery.com\/wp-content\/uploads\/2020\/07\/Single-Reverse-Plated-Loop-Circular-Knitting-Machine.png\" alt=\"Single Reverse Plated Loop Circular Knitting Machine\" itemprop=\"image\" height=\"575\" width=\"550\" title=\"Single Reverse Plated Loop Circular Knitting Machine\">\r\n\t\t\t\t<img loading=\"lazy\" decoding=\"async\" src=\"https:\/\/www.xdknitmachinery.com\/wp-content\/uploads\/2020\/07\/Single-Three-Thread-Fleece-Circular-Knitting-Machine.jpg\" alt=\"Single Three-Thread Fleece Circular Knitting Machine\" itemprop=\"image\" height=\"575\" width=\"550\" title=\"Single Three-Thread Fleece Circular Knitting Machine\">\r\n<h2>\r\n\t\tSingle Three-Thread Fleece Circular Knitting Machine\r\n\t<\/h2>\r\n\t<p>This 3-thread fleece machine offers high productivity because of the high number of feeders included, replacing older, obsolete models. The length of the wool yarn can be adjusted by changing the sinkers and cams.<\/p>\r\n\t\t\t<a href=\"http:\/\/www.xdknitmachinery.com\/products\/single\/three-thread-fleece-2\/\" target=\"_self\" role=\"button\" rel=\"noopener noreferrer\">\r\n\t\t\t\t\t\t\tView Details\r\n\t\t\t\t\t<\/a>\r\n","protected":false},"excerpt":{"rendered":"","protected":false},"author":3,"featured_media":0,"parent":11,"menu_order":0,"comment_status":"closed","ping_status":"closed","template":"page-templates\/products-single.php","meta":{"footnotes":""},"class_list":["post-178","page","type-page","status-publish","hentry"],"acf":[],"yoast_head":"<!-- This site is optimized with the Yoast SEO plugin v27.3 - https:\/\/yoast.com\/product\/yoast-seo-wordpress\/ -->\n<title>Single Circular Knitting Machine | Sintelli<\/title>\n<meta name=\"description\" content=\"Most used knitting machines in knitting industry. Including Jersey \u00b7 Terry \u00b7 Open Width \u00b7Reverse Plated Loop \u00b7 Three-Thead Fleece. Check Details\" \/>\n<meta name=\"robots\" content=\"index, follow, max-snippet:-1, max-image-preview:large, max-video-preview:-1\" \/>\n<link rel=\"canonical\" href=\"https:\/\/xd.demo.somue.com\/products\/single\/\" \/>\n<meta property=\"og:locale\" content=\"fr_FR\" \/>\n<meta property=\"og:type\" content=\"article\" \/>\n<meta property=\"og:title\" content=\"Single Circular Knitting Machine | Sintelli\" \/>\n<meta property=\"og:description\" content=\"Most used knitting machines in knitting industry. Including Jersey \u00b7 Terry \u00b7 Open Width \u00b7Reverse Plated Loop \u00b7 Three-Thead Fleece. Check Details\" \/>\n<meta property=\"og:url\" content=\"https:\/\/xd.demo.somue.com\/products\/single\/\" \/>\n<meta property=\"article:modified_time\" content=\"2025-02-19T09:50:26+00:00\" \/>\n<meta property=\"og:image\" content=\"https:\/\/www.xdknitmachinery.com\/wp-content\/uploads\/2020\/07\/Single-Jersey-Circular-Knitting-Machine.jpg\" \/>\n<meta name=\"twitter:card\" content=\"summary_large_image\" \/>\n<meta name=\"twitter:label1\" content=\"Dur\u00e9e de lecture estim\u00e9e\" \/>\n\t<meta name=\"twitter:data1\" content=\"2 minutes\" \/>\n<script type=\"application\/ld+json\" class=\"yoast-schema-graph\">{\"@context\":\"https:\\\/\\\/schema.org\",\"@graph\":[{\"@type\":\"WebPage\",\"@id\":\"https:\\\/\\\/xd.demo.somue.com\\\/products\\\/single\\\/\",\"url\":\"https:\\\/\\\/xd.demo.somue.com\\\/products\\\/single\\\/\",\"name\":\"Single Circular Knitting Machine | Sintelli\",\"isPartOf\":{\"@id\":\"https:\\\/\\\/xd.demo.somue.com\\\/#website\"},\"primaryImageOfPage\":{\"@id\":\"https:\\\/\\\/xd.demo.somue.com\\\/products\\\/single\\\/#primaryimage\"},\"image\":{\"@id\":\"https:\\\/\\\/xd.demo.somue.com\\\/products\\\/single\\\/#primaryimage\"},\"thumbnailUrl\":\"https:\\\/\\\/www.xdknitmachinery.com\\\/wp-content\\\/uploads\\\/2020\\\/07\\\/Single-Jersey-Circular-Knitting-Machine.jpg\",\"datePublished\":\"2016-10-20T08:11:29+00:00\",\"dateModified\":\"2025-02-19T09:50:26+00:00\",\"description\":\"Most used knitting machines in knitting industry. Including Jersey \u00b7 Terry \u00b7 Open Width \u00b7Reverse Plated Loop \u00b7 Three-Thead Fleece. Check Details\",\"breadcrumb\":{\"@id\":\"https:\\\/\\\/xd.demo.somue.com\\\/products\\\/single\\\/#breadcrumb\"},\"inLanguage\":\"fr-FR\",\"potentialAction\":[{\"@type\":\"ReadAction\",\"target\":[\"https:\\\/\\\/xd.demo.somue.com\\\/products\\\/single\\\/\"]}]},{\"@type\":\"ImageObject\",\"inLanguage\":\"fr-FR\",\"@id\":\"https:\\\/\\\/xd.demo.somue.com\\\/products\\\/single\\\/#primaryimage\",\"url\":\"https:\\\/\\\/www.xdknitmachinery.com\\\/wp-content\\\/uploads\\\/2020\\\/07\\\/Single-Jersey-Circular-Knitting-Machine.jpg\",\"contentUrl\":\"https:\\\/\\\/www.xdknitmachinery.com\\\/wp-content\\\/uploads\\\/2020\\\/07\\\/Single-Jersey-Circular-Knitting-Machine.jpg\"},{\"@type\":\"BreadcrumbList\",\"@id\":\"https:\\\/\\\/xd.demo.somue.com\\\/products\\\/single\\\/#breadcrumb\",\"itemListElement\":[{\"@type\":\"ListItem\",\"position\":1,\"name\":\"Home\",\"item\":\"https:\\\/\\\/xd.demo.somue.com\\\/\"},{\"@type\":\"ListItem\",\"position\":2,\"name\":\"Products\",\"item\":\"https:\\\/\\\/xd.demo.somue.com\\\/products\\\/\"},{\"@type\":\"ListItem\",\"position\":3,\"name\":\"Single Knit Series\"}]},{\"@type\":\"WebSite\",\"@id\":\"https:\\\/\\\/xd.demo.somue.com\\\/#website\",\"url\":\"https:\\\/\\\/xd.demo.somue.com\\\/\",\"name\":\"\",\"description\":\"\",\"potentialAction\":[{\"@type\":\"SearchAction\",\"target\":{\"@type\":\"EntryPoint\",\"urlTemplate\":\"https:\\\/\\\/xd.demo.somue.com\\\/?s={search_term_string}\"},\"query-input\":{\"@type\":\"PropertyValueSpecification\",\"valueRequired\":true,\"valueName\":\"search_term_string\"}}],\"inLanguage\":\"fr-FR\"}]}<\/script>\n<!-- \/ Yoast SEO plugin. -->","yoast_head_json":{"title":"Machine \u00e0 tricoter circulaire unique | Sintelli","description":"Machines \u00e0 tricoter les plus utilis\u00e9es dans l\u2019industrie du tricot. Y compris Jersey \u00b7 Terry \u00b7 Largeur ouverte \u00b7 Boucle plaqu\u00e9e invers\u00e9e \u00b7 Polaire \u00e0 trois fils. V\u00e9rifier les d\u00e9tails","robots":{"index":"index","follow":"follow","max-snippet":"max-snippet:-1","max-image-preview":"max-image-preview:large","max-video-preview":"max-video-preview:-1"},"canonical":"https:\/\/xd.demo.somue.com\/products\/single\/","og_locale":"fr_FR","og_type":"article","og_title":"Single Circular Knitting Machine | Sintelli","og_description":"Most used knitting machines in knitting industry. Including Jersey \u00b7 Terry \u00b7 Open Width \u00b7Reverse Plated Loop \u00b7 Three-Thead Fleece. Check Details","og_url":"https:\/\/xd.demo.somue.com\/products\/single\/","article_modified_time":"2025-02-19T09:50:26+00:00","og_image":[{"url":"https:\/\/www.xdknitmachinery.com\/wp-content\/uploads\/2020\/07\/Single-Jersey-Circular-Knitting-Machine.jpg","type":"","width":"","height":""}],"twitter_card":"summary_large_image","twitter_misc":{"Dur\u00e9e de lecture estim\u00e9e":"2 minutes"},"schema":{"@context":"https:\/\/schema.org","@graph":[{"@type":"WebPage","@id":"https:\/\/xd.demo.somue.com\/products\/single\/","url":"https:\/\/xd.demo.somue.com\/products\/single\/","name":"Machine \u00e0 tricoter circulaire unique | Sintelli","isPartOf":{"@id":"https:\/\/xd.demo.somue.com\/#website"},"primaryImageOfPage":{"@id":"https:\/\/xd.demo.somue.com\/products\/single\/#primaryimage"},"image":{"@id":"https:\/\/xd.demo.somue.com\/products\/single\/#primaryimage"},"thumbnailUrl":"https:\/\/www.xdknitmachinery.com\/wp-content\/uploads\/2020\/07\/Single-Jersey-Circular-Knitting-Machine.jpg","datePublished":"2016-10-20T08:11:29+00:00","dateModified":"2025-02-19T09:50:26+00:00","description":"Machines \u00e0 tricoter les plus utilis\u00e9es dans l\u2019industrie du tricot. Y compris Jersey \u00b7 Terry \u00b7 Largeur ouverte \u00b7 Boucle plaqu\u00e9e invers\u00e9e \u00b7 Polaire \u00e0 trois fils. V\u00e9rifier les d\u00e9tails","breadcrumb":{"@id":"https:\/\/xd.demo.somue.com\/products\/single\/#breadcrumb"},"inLanguage":"fr-FR","potentialAction":[{"@type":"ReadAction","target":["https:\/\/xd.demo.somue.com\/products\/single\/"]}]},{"@type":"ImageObject","inLanguage":"fr-FR","@id":"https:\/\/xd.demo.somue.com\/products\/single\/#primaryimage","url":"https:\/\/www.xdknitmachinery.com\/wp-content\/uploads\/2020\/07\/Single-Jersey-Circular-Knitting-Machine.jpg","contentUrl":"https:\/\/www.xdknitmachinery.com\/wp-content\/uploads\/2020\/07\/Single-Jersey-Circular-Knitting-Machine.jpg"},{"@type":"BreadcrumbList","@id":"https:\/\/xd.demo.somue.com\/products\/single\/#breadcrumb","itemListElement":[{"@type":"ListItem","position":1,"name":"Home","item":"https:\/\/xd.demo.somue.com\/"},{"@type":"ListItem","position":2,"name":"Products","item":"https:\/\/xd.demo.somue.com\/products\/"},{"@type":"ListItem","position":3,"name":"Single Knit Series"}]},{"@type":"WebSite","@id":"https:\/\/xd.demo.somue.com\/#website","url":"https:\/\/xd.demo.somue.com\/","name":"","description":"","potentialAction":[{"@type":"SearchAction","target":{"@type":"EntryPoint","urlTemplate":"https:\/\/xd.demo.somue.com\/?s={search_term_string}"},"query-input":{"@type":"PropertyValueSpecification","valueRequired":true,"valueName":"search_term_string"}}],"inLanguage":"fr-FR"}]}},"_links":{"self":[{"href":"https:\/\/www.xdknitmachinery.com\/fr\/wp-json\/wp\/v2\/pages\/178","targetHints":{"allow":["GET"]}}],"collection":[{"href":"https:\/\/www.xdknitmachinery.com\/fr\/wp-json\/wp\/v2\/pages"}],"about":[{"href":"https:\/\/www.xdknitmachinery.com\/fr\/wp-json\/wp\/v2\/types\/page"}],"author":[{"embeddable":true,"href":"https:\/\/www.xdknitmachinery.com\/fr\/wp-json\/wp\/v2\/users\/3"}],"replies":[{"embeddable":true,"href":"https:\/\/www.xdknitmachinery.com\/fr\/wp-json\/wp\/v2\/comments?post=178"}],"version-history":[{"count":3,"href":"https:\/\/www.xdknitmachinery.com\/fr\/wp-json\/wp\/v2\/pages\/178\/revisions"}],"predecessor-version":[{"id":5512,"href":"https:\/\/www.xdknitmachinery.com\/fr\/wp-json\/wp\/v2\/pages\/178\/revisions\/5512"}],"up":[{"embeddable":true,"href":"https:\/\/www.xdknitmachinery.com\/fr\/wp-json\/wp\/v2\/pages\/11"}],"wp:attachment":[{"href":"https:\/\/www.xdknitmachinery.com\/fr\/wp-json\/wp\/v2\/media?parent=178"}],"curies":[{"name":"wp","href":"https:\/\/api.w.org\/{rel}","templated":true}]}}