{"id":15,"date":"2016-10-05T07:38:57","date_gmt":"2016-10-05T07:38:57","guid":{"rendered":"http:\/\/www.xdknitmachinery.com\/?page_id=15"},"modified":"2023-08-01T06:21:58","modified_gmt":"2023-08-01T06:21:58","slug":"services","status":"publish","type":"page","link":"https:\/\/www.xdknitmachinery.com\/fr\/services\/","title":{"rendered":"Services"},"content":{"rendered":"","protected":false},"excerpt":{"rendered":"","protected":false},"author":3,"featured_media":0,"parent":0,"menu_order":0,"comment_status":"closed","ping_status":"closed","template":"page-templates\/services.php","meta":{"footnotes":""},"class_list":["post-15","page","type-page","status-publish","hentry"],"acf":[],"yoast_head":"<!-- This site is optimized with the Yoast SEO plugin v27.3 - https:\/\/yoast.com\/product\/yoast-seo-wordpress\/ -->\n<title>Circular Knitting Machine Accessories &amp; Fabric Analyzing | Sintelli<\/title>\n<meta name=\"description\" content=\"We analyzing your fabric samples for free, and we have full range of spare parts and accessories such as Yarn Feeders \u00b7 Cylinders \u00b7 Cams in stock.\" \/>\n<meta name=\"robots\" content=\"index, follow, max-snippet:-1, max-image-preview:large, max-video-preview:-1\" \/>\n<link rel=\"canonical\" href=\"https:\/\/xd.demo.somue.com\/services\/\" \/>\n<meta property=\"og:locale\" content=\"fr_FR\" \/>\n<meta property=\"og:type\" content=\"article\" \/>\n<meta property=\"og:title\" content=\"Circular Knitting Machine Accessories &amp; Fabric Analyzing | Sintelli\" \/>\n<meta property=\"og:description\" content=\"We analyzing your fabric samples for free, and we have full range of spare parts and accessories such as Yarn Feeders \u00b7 Cylinders \u00b7 Cams in stock.\" \/>\n<meta property=\"og:url\" content=\"https:\/\/xd.demo.somue.com\/services\/\" \/>\n<meta property=\"article:modified_time\" content=\"2023-08-01T06:21:58+00:00\" \/>\n<meta name=\"twitter:card\" content=\"summary_large_image\" \/>\n<script type=\"application\/ld+json\" class=\"yoast-schema-graph\">{\"@context\":\"https:\\\/\\\/schema.org\",\"@graph\":[{\"@type\":\"WebPage\",\"@id\":\"https:\\\/\\\/xd.demo.somue.com\\\/services\\\/\",\"url\":\"https:\\\/\\\/xd.demo.somue.com\\\/services\\\/\",\"name\":\"Circular Knitting Machine Accessories & Fabric Analyzing | Sintelli\",\"isPartOf\":{\"@id\":\"https:\\\/\\\/xd.demo.somue.com\\\/#website\"},\"datePublished\":\"2016-10-05T07:38:57+00:00\",\"dateModified\":\"2023-08-01T06:21:58+00:00\",\"description\":\"We analyzing your fabric samples for free, and we have full range of spare parts and accessories such as Yarn Feeders \u00b7 Cylinders \u00b7 Cams in stock.\",\"breadcrumb\":{\"@id\":\"https:\\\/\\\/xd.demo.somue.com\\\/services\\\/#breadcrumb\"},\"inLanguage\":\"fr-FR\",\"potentialAction\":[{\"@type\":\"ReadAction\",\"target\":[\"https:\\\/\\\/xd.demo.somue.com\\\/services\\\/\"]}]},{\"@type\":\"BreadcrumbList\",\"@id\":\"https:\\\/\\\/xd.demo.somue.com\\\/services\\\/#breadcrumb\",\"itemListElement\":[{\"@type\":\"ListItem\",\"position\":1,\"name\":\"Home\",\"item\":\"https:\\\/\\\/xd.demo.somue.com\\\/\"},{\"@type\":\"ListItem\",\"position\":2,\"name\":\"Services\"}]},{\"@type\":\"WebSite\",\"@id\":\"https:\\\/\\\/xd.demo.somue.com\\\/#website\",\"url\":\"https:\\\/\\\/xd.demo.somue.com\\\/\",\"name\":\"\",\"description\":\"\",\"potentialAction\":[{\"@type\":\"SearchAction\",\"target\":{\"@type\":\"EntryPoint\",\"urlTemplate\":\"https:\\\/\\\/xd.demo.somue.com\\\/?s={search_term_string}\"},\"query-input\":{\"@type\":\"PropertyValueSpecification\",\"valueRequired\":true,\"valueName\":\"search_term_string\"}}],\"inLanguage\":\"fr-FR\"}]}<\/script>\n<!-- \/ Yoast SEO plugin. -->","yoast_head_json":{"title":"Accessoires pour machines \u00e0 tricoter circulaires et analyse de tissus | Sintelli","description":"Nous analysons gratuitement vos \u00e9chantillons de tissus et nous avons une gamme compl\u00e8te de pi\u00e8ces de rechange et d'accessoires tels que des distributeurs de fil \u00b7 Cylindres \u00b7 Cames en stock.","robots":{"index":"index","follow":"follow","max-snippet":"max-snippet:-1","max-image-preview":"max-image-preview:large","max-video-preview":"max-video-preview:-1"},"canonical":"https:\/\/xd.demo.somue.com\/services\/","og_locale":"fr_FR","og_type":"article","og_title":"Circular Knitting Machine Accessories & Fabric Analyzing | Sintelli","og_description":"We analyzing your fabric samples for free, and we have full range of spare parts and accessories such as Yarn Feeders \u00b7 Cylinders \u00b7 Cams in stock.","og_url":"https:\/\/xd.demo.somue.com\/services\/","article_modified_time":"2023-08-01T06:21:58+00:00","twitter_card":"summary_large_image","schema":{"@context":"https:\/\/schema.org","@graph":[{"@type":"WebPage","@id":"https:\/\/xd.demo.somue.com\/services\/","url":"https:\/\/xd.demo.somue.com\/services\/","name":"Accessoires pour machines \u00e0 tricoter circulaires et analyse de tissus | Sintelli","isPartOf":{"@id":"https:\/\/xd.demo.somue.com\/#website"},"datePublished":"2016-10-05T07:38:57+00:00","dateModified":"2023-08-01T06:21:58+00:00","description":"Nous analysons gratuitement vos \u00e9chantillons de tissus et nous avons une gamme compl\u00e8te de pi\u00e8ces de rechange et d'accessoires tels que des distributeurs de fil \u00b7 Cylindres \u00b7 Cames en stock.","breadcrumb":{"@id":"https:\/\/xd.demo.somue.com\/services\/#breadcrumb"},"inLanguage":"fr-FR","potentialAction":[{"@type":"ReadAction","target":["https:\/\/xd.demo.somue.com\/services\/"]}]},{"@type":"BreadcrumbList","@id":"https:\/\/xd.demo.somue.com\/services\/#breadcrumb","itemListElement":[{"@type":"ListItem","position":1,"name":"Home","item":"https:\/\/xd.demo.somue.com\/"},{"@type":"ListItem","position":2,"name":"Services"}]},{"@type":"WebSite","@id":"https:\/\/xd.demo.somue.com\/#website","url":"https:\/\/xd.demo.somue.com\/","name":"","description":"","potentialAction":[{"@type":"SearchAction","target":{"@type":"EntryPoint","urlTemplate":"https:\/\/xd.demo.somue.com\/?s={search_term_string}"},"query-input":{"@type":"PropertyValueSpecification","valueRequired":true,"valueName":"search_term_string"}}],"inLanguage":"fr-FR"}]}},"_links":{"self":[{"href":"https:\/\/www.xdknitmachinery.com\/fr\/wp-json\/wp\/v2\/pages\/15","targetHints":{"allow":["GET"]}}],"collection":[{"href":"https:\/\/www.xdknitmachinery.com\/fr\/wp-json\/wp\/v2\/pages"}],"about":[{"href":"https:\/\/www.xdknitmachinery.com\/fr\/wp-json\/wp\/v2\/types\/page"}],"author":[{"embeddable":true,"href":"https:\/\/www.xdknitmachinery.com\/fr\/wp-json\/wp\/v2\/users\/3"}],"replies":[{"embeddable":true,"href":"https:\/\/www.xdknitmachinery.com\/fr\/wp-json\/wp\/v2\/comments?post=15"}],"version-history":[{"count":2,"href":"https:\/\/www.xdknitmachinery.com\/fr\/wp-json\/wp\/v2\/pages\/15\/revisions"}],"predecessor-version":[{"id":5509,"href":"https:\/\/www.xdknitmachinery.com\/fr\/wp-json\/wp\/v2\/pages\/15\/revisions\/5509"}],"wp:attachment":[{"href":"https:\/\/www.xdknitmachinery.com\/fr\/wp-json\/wp\/v2\/media?parent=15"}],"curies":[{"name":"wp","href":"https:\/\/api.w.org\/{rel}","templated":true}]}}