{"id":1066,"date":"2018-05-04T08:01:10","date_gmt":"2018-05-04T08:01:10","guid":{"rendered":"https:\/\/www.xdknitmachinery.com\/?page_id=1066"},"modified":"2023-08-04T02:59:23","modified_gmt":"2023-08-04T02:59:23","slug":"become-our-partner","status":"publish","type":"page","link":"https:\/\/www.xdknitmachinery.com\/fr\/become-our-partner\/","title":{"rendered":"Devenez notre partenaire"},"content":{"rendered":"<h2><strong>Devenez notre partenaire<\/strong><\/h2>\n<h2>POURQUOI FAIRE AFFAIRE AVEC NOUS<\/h2>\n<h3>Capacit\u00e9 de fabrication \u00e9lev\u00e9e<\/h3>\n<p>1\u00a0500 \u00e0 2\u00a0000 machines produites chaque ann\u00e9e et un taux de fid\u00e9lisation des clients de 85\u00a0%<\/p>\n<h3>\u00c9quipe professionnelle<\/h3>\n<p>Usine de 100 000 m\u00e8tres carr\u00e9s avec 300 employ\u00e9s et ouvriers.<\/p>\n<h3>Prix \u200b\u200bcomp\u00e9titif<\/h3>\n<p>Usine autonome pour accueillir la machine \u00e0 bon prix.<\/p>\n<h3>Warranty<\/h3>\n<p>1\u00a0500 \u00e0 2\u00a0000 machines produites chaque ann\u00e9e et un taux de fid\u00e9lisation des clients de 85\u00a0%<\/p>\n<h3>Development<\/h3>\n<p>40 ans dans l'industrie textile, nous disposons d'un d\u00e9partement R&amp;D enti\u00e8rement exp\u00e9riment\u00e9.<\/p>\n<h3>Support<\/h3>\n<p>75 % des pi\u00e8ces de rechange sont fabriqu\u00e9es par nos soins et soutiennent votre service apr\u00e8s-vente !<\/p>\n<h2 data-fontsize=\"41\" data-lineheight=\"45\">Le type de partenaires que nous recherchons\u00a0:<\/h2>\n<h4>\n\tConstruire un r\u00e9seau commercial de partenariats \u00e0 long terme<\/h4>\n<p>Nous cherchons \u00e0 \u00e9largir notre r\u00e9seau de partenaires, avec des personnes expertes dans ce secteur, qui ont un portefeuille de clients, des ant\u00e9c\u00e9dents de ventes r\u00e9ussies, des r\u00e9f\u00e9rences et qui se consid\u00e8rent comme les meilleures.<\/p>\n<p>Nous recherchons avant tout des partenaires int\u00e8gres, dot\u00e9s d\u2019une \u00e9thique de travail, d\u2019une vision et de valeurs.<\/p>\n<p>Notre objectif est de construire des partenariats \u00e0 long terme qui nous aideront \u00e0 conserver notre avantage concurrentiel et \u00e0 garantir les b\u00e9n\u00e9fices des deux parties.<\/p>\n<p>&nbsp;<\/p>\n<ul>\n<li>Connaissance professionnelle de l'industrie textile et bonnes relations avec les clients potentiels.<\/li>\n<li>Support technique ou dispos\u00e9 \u00e0 former des ing\u00e9nieurs pour le service apr\u00e8s-vente.<\/li>\n<li>Passionn\u00e9 par la vente de machines et veut se mettre au d\u00e9fi pour obtenir plus de commandes chaque ann\u00e9e.<\/li>\n<\/ul>\n<p><img fetchpriority=\"high\" decoding=\"async\" src=\"https:\/\/www.xdknitmachinery.com\/wp-content\/uploads\/2017\/05\/14th-Dhaka-Intl-Textile-Garment-Machinery-Exhibition.jpg\" alt=\"14th Dhaka Int'l Textile&amp; Garment Machinery Exhibition\" itemprop=\"image\" height=\"641\" width=\"854\" title=\"14e Salon international des machines pour le textile et l&#039;habillement de Dhaka\"><\/p>\n<h3>\n\t\tT\u00e9l\u00e9chargez une br\u00e8ve introduction pour en savoir plus<\/h3>\n<p><a href=\"https:\/\/www.xdknitmachinery.com\/wp-content\/uploads\/2018\/05\/XINDA-brief-introduction-2018.pdf\" target=\"_blank\" role=\"button\" rel=\"noopener\"><br \/>\nT\u00e9l\u00e9charger le PDF<br \/>\n<\/a><br \/>\n<img decoding=\"async\" src=\"https:\/\/www.xdknitmachinery.com\/wp-content\/uploads\/2016\/10\/single-terry.jpg\" alt=\"single-terry\" itemprop=\"image\" height=\"380\" width=\"360\" title=\"single-terry\"><\/p>\n<h2>\n\tNos gammes de machines<\/h2>\n<p>Nous cherchons \u00e0 \u00e9largir notre r\u00e9seau de partenaires, avec des personnes expertes en outils, qui ont un portefeuille de clients, des ant\u00e9c\u00e9dents de ventes r\u00e9ussies, des r\u00e9f\u00e9rences et qui se consid\u00e8rent comme les meilleures.<\/p>\n<h4><b>Machines \u00e0 tricoter circulaires\u00a0:<\/b><\/h4>\n<ul>\n<li>S\u00e9rie tricot unique<\/li>\n<li>S\u00e9rie Double Tricot<\/li>\n<li>S\u00e9rie informatis\u00e9e Jacquard<\/li>\n<li>Et plus<\/li>\n<\/ul>\n<h5>Nous ne fabriquons pas seulement des machines \u00e0 tricoter circulaires, mais \u00e9galement des pi\u00e8ces et proposons des machines \u00e0 tricoter d'occasion.<\/h5>\n<h2>\n\t\tEXCELLENTES PRESTATIONS<\/h2>\n<h3>Analyse du tissu<\/h3>\n<p>En fournissant la meilleure solution \u00e0 notre client, nous analysons gratuitement des \u00e9chantillons de tissus en 24 heures.<\/p>\n<h3>Installation<\/h3>\n<p>Ce n'est que lorsque la machine est d\u00e9bogu\u00e9e pour atteindre un \u00e9tat de fonctionnement r\u00e9gulier et stable, comme requis, que l'installation est termin\u00e9e.<\/p>\n<h3>Training<\/h3>\n<p>Vous pouvez envoyer vos techniciens dans notre entreprise pour suivre une formation avec h\u00e9bergement et repas gratuits.<\/p>\n<h3>Maintenance<\/h3>\n<p>Assistance technique instantan\u00e9e par t\u00e9l\u00e9phone\/vid\u00e9o ou description photo. Nos ing\u00e9nieurs seront pr\u00eats \u00e0 vous aider si n\u00e9cessaire.<\/p>\n<h3>Delivery<\/h3>\n<p>Environ 30 \u00e0 40 jours apr\u00e8s r\u00e9ception du d\u00e9p\u00f4t ou de la lettre de cr\u00e9dit<\/p>\n<h3>Warranty<\/h3>\n<p>Remplacez librement toutes les pi\u00e8ces pr\u00e9sentant un probl\u00e8me de qualit\u00e9 sous garantie, \u00e0 l'exception des pi\u00e8ces \u00e0 usure rapide.<\/p>\n<h3>\n\t\tVous voulez devenir notre partenaire ? \u00c9crivez-nous maintenant\u00a0!<\/h3>\n<p><a href=\"\/fr\/contact\/\" target=\"_self\" role=\"button\" rel=\"noopener\"><br \/>\nContactez-nous<br \/>\n<\/a><\/p>\n<h3>\n\t\tDes questions pour devenir notre agent\u00a0?<br \/>\n\u00c9crivez-nous !<\/h3>\n<p>Obtenez des conseils gratuits aujourd'hui avec les machines \u00e0 tricoter Sintelli, discutons\u00a0!<\/p>\n<p>Veuillez utiliser le formulaire de contact ci-dessous et votre dossier recevra une r\u00e9ponse dans les 12 heures\u00a0!<\/p>\n\n<div class=\"wpcf7 no-js\" id=\"wpcf7-f105-o1\" lang=\"en-US\" dir=\"ltr\" data-wpcf7-id=\"105\">\n<div class=\"screen-reader-response\"><p role=\"status\" aria-live=\"polite\" aria-atomic=\"true\"><\/p> <ul><\/ul><\/div>\n<form action=\"\/fr\/wp-json\/wp\/v2\/pages\/1066#wpcf7-f105-o1\" method=\"post\" class=\"wpcf7-form init\" aria-label=\"Formulaire de contact\" novalidate=\"novalidate\" data-status=\"init\" data-trp-original-action=\"\/fr\/wp-json\/wp\/v2\/pages\/1066#wpcf7-f105-o1\">\n<fieldset class=\"hidden-fields-container\"><input type=\"hidden\" name=\"_wpcf7\" value=\"105\" \/><input type=\"hidden\" name=\"_wpcf7_version\" value=\"6.1.5\" \/><input type=\"hidden\" name=\"_wpcf7_locale\" value=\"en_US\" \/><input type=\"hidden\" name=\"_wpcf7_unit_tag\" value=\"wpcf7-f105-o1\" \/><input type=\"hidden\" name=\"_wpcf7_container_post\" value=\"0\" \/><input type=\"hidden\" name=\"_wpcf7_posted_data_hash\" value=\"\" \/><input type=\"hidden\" name=\"_wpcf7_recaptcha_response\" value=\"\" \/>\n<\/fieldset>\n<div class=\"uk-grid-small\" uk-grid>\n\t<div class=\"uk-width-1-2@m\">\n\t\t<p><span class=\"wpcf7-form-control-wrap\" data-name=\"your-name\"><input size=\"40\" maxlength=\"400\" class=\"wpcf7-form-control wpcf7-text wpcf7-validates-as-required\" aria-required=\"true\" aria-invalid=\"false\" placeholder=\"Votre nom*\" value=\"\" type=\"text\" name=\"your-name\" \/><\/span>\n\t\t<\/p>\n\t<\/div>\n\t<div class=\"uk-width-1-2@m\">\n\t\t<p><span class=\"wpcf7-form-control-wrap\" data-name=\"your-email\"><input size=\"40\" maxlength=\"400\" class=\"wpcf7-form-control wpcf7-email wpcf7-validates-as-required wpcf7-text wpcf7-validates-as-email\" aria-required=\"true\" aria-invalid=\"false\" placeholder=\"Votre email*\" value=\"\" type=\"email\" name=\"your-email\" \/><\/span>\n\t\t<\/p>\n\t<\/div>\n\t<div class=\"fl-col\" style=\"width: 100%;\">\n\t\t<p><span class=\"wpcf7-form-control-wrap\" data-name=\"your-number\"><input size=\"40\" maxlength=\"400\" class=\"wpcf7-form-control wpcf7-text\" aria-invalid=\"false\" placeholder=\"Votre t\u00e9l\u00e9phone\" value=\"\" type=\"text\" name=\"your-number\" \/><\/span>\n\t\t<\/p>\n\t<\/div>\n\t<div class=\"fl-col\" style=\"width: 100%;\">\n\t\t<p><span class=\"wpcf7-form-control-wrap\" data-name=\"your-subject\"><input size=\"40\" maxlength=\"400\" class=\"wpcf7-form-control wpcf7-text\" aria-invalid=\"false\" placeholder=\"Subject\" value=\"\" type=\"text\" name=\"your-subject\" \/><\/span>\n\t\t<\/p>\n\t<\/div>\n\t<div class=\"fl-col\" style=\"width: 100%;\">\n\t\t<p><span class=\"wpcf7-form-control-wrap\" data-name=\"your-message\"><textarea cols=\"40\" rows=\"8\" maxlength=\"2000\" class=\"wpcf7-form-control wpcf7-textarea\" aria-invalid=\"false\" placeholder=\"Message\" name=\"your-message\"><\/textarea><\/span>\n\t\t<\/p>\n\t<\/div>\n\t<div class=\"fl-col\" style=\"width: 100%;\">\n\t\t<p><input class=\"wpcf7-form-control wpcf7-submit has-spinner uk-button uk-button-primary\" type=\"submit\" value=\"ENVOYER UN MESSAGE\" \/>\n\t\t<\/p>\n\t<\/div>\n<\/div><p style=\"display: none !important;\" class=\"akismet-fields-container\" data-prefix=\"_wpcf7_ak_\"><label>\u0394<textarea name=\"_wpcf7_ak_hp_textarea\" cols=\"45\" rows=\"8\" maxlength=\"100\"><\/textarea><\/label><input type=\"hidden\" id=\"ak_js_1\" name=\"_wpcf7_ak_js\" value=\"47\"\/><script>document.getElementById( \"ak_js_1\" ).setAttribute( \"value\", ( new Date() ).getTime() );<\/script><\/p><div class=\"wpcf7-response-output\" aria-hidden=\"true\"><\/div>\n<input type=\"hidden\" name=\"trp-form-language\" value=\"fr\"\/><\/form>\n<\/div>","protected":false},"excerpt":{"rendered":"<p>Become Our Partner WHY DO BUSINESS WITH US High Manufacturing Capacity 1,500-2,000 machines produced every year and 85% Client Retention Rate Professional Team 100,000 square meters factory with 300 staffs and workers. Competitive Price Self-own factory to accommodate the machine with good price. Warranty 1,500-2,000 machines produced every year and 85% Client Retention Rate Development [&hellip;]<\/p>\n","protected":false},"author":2,"featured_media":0,"parent":0,"menu_order":0,"comment_status":"closed","ping_status":"closed","template":"page-templates\/become-our-partner.php","meta":{"footnotes":""},"class_list":["post-1066","page","type-page","status-publish","hentry"],"acf":[],"yoast_head":"<!-- This site is optimized with the Yoast SEO plugin v27.3 - https:\/\/yoast.com\/product\/yoast-seo-wordpress\/ -->\n<title>Become Our Partner -<\/title>\n<meta name=\"robots\" content=\"index, follow, max-snippet:-1, max-image-preview:large, max-video-preview:-1\" \/>\n<link rel=\"canonical\" href=\"https:\/\/xd.demo.somue.com\/become-our-partner\/\" \/>\n<meta property=\"og:locale\" content=\"fr_FR\" \/>\n<meta property=\"og:type\" content=\"article\" \/>\n<meta property=\"og:title\" content=\"Become Our Partner -\" \/>\n<meta property=\"og:description\" content=\"Become Our Partner WHY DO BUSINESS WITH US High Manufacturing Capacity 1,500-2,000 machines produced every year and 85% Client Retention Rate Professional Team 100,000 square meters factory with 300 staffs and workers. Competitive Price Self-own factory to accommodate the machine with good price. Warranty 1,500-2,000 machines produced every year and 85% Client Retention Rate Development [&hellip;]\" \/>\n<meta property=\"og:url\" content=\"https:\/\/xd.demo.somue.com\/become-our-partner\/\" \/>\n<meta property=\"article:modified_time\" content=\"2023-08-04T02:59:23+00:00\" \/>\n<meta property=\"og:image\" content=\"https:\/\/www.xdknitmachinery.com\/wp-content\/uploads\/2017\/05\/14th-Dhaka-Intl-Textile-Garment-Machinery-Exhibition.jpg\" \/>\n<meta name=\"twitter:card\" content=\"summary_large_image\" \/>\n<meta name=\"twitter:label1\" content=\"Dur\u00e9e de lecture estim\u00e9e\" \/>\n\t<meta name=\"twitter:data1\" content=\"3 minutes\" \/>\n<script type=\"application\/ld+json\" class=\"yoast-schema-graph\">{\"@context\":\"https:\\\/\\\/schema.org\",\"@graph\":[{\"@type\":\"WebPage\",\"@id\":\"https:\\\/\\\/xd.demo.somue.com\\\/become-our-partner\\\/\",\"url\":\"https:\\\/\\\/xd.demo.somue.com\\\/become-our-partner\\\/\",\"name\":\"Become Our Partner -\",\"isPartOf\":{\"@id\":\"https:\\\/\\\/xd.demo.somue.com\\\/#website\"},\"primaryImageOfPage\":{\"@id\":\"https:\\\/\\\/xd.demo.somue.com\\\/become-our-partner\\\/#primaryimage\"},\"image\":{\"@id\":\"https:\\\/\\\/xd.demo.somue.com\\\/become-our-partner\\\/#primaryimage\"},\"thumbnailUrl\":\"https:\\\/\\\/www.xdknitmachinery.com\\\/wp-content\\\/uploads\\\/2017\\\/05\\\/14th-Dhaka-Intl-Textile-Garment-Machinery-Exhibition.jpg\",\"datePublished\":\"2018-05-04T08:01:10+00:00\",\"dateModified\":\"2023-08-04T02:59:23+00:00\",\"breadcrumb\":{\"@id\":\"https:\\\/\\\/xd.demo.somue.com\\\/become-our-partner\\\/#breadcrumb\"},\"inLanguage\":\"fr-FR\",\"potentialAction\":[{\"@type\":\"ReadAction\",\"target\":[\"https:\\\/\\\/xd.demo.somue.com\\\/become-our-partner\\\/\"]}]},{\"@type\":\"ImageObject\",\"inLanguage\":\"fr-FR\",\"@id\":\"https:\\\/\\\/xd.demo.somue.com\\\/become-our-partner\\\/#primaryimage\",\"url\":\"https:\\\/\\\/www.xdknitmachinery.com\\\/wp-content\\\/uploads\\\/2017\\\/05\\\/14th-Dhaka-Intl-Textile-Garment-Machinery-Exhibition.jpg\",\"contentUrl\":\"https:\\\/\\\/www.xdknitmachinery.com\\\/wp-content\\\/uploads\\\/2017\\\/05\\\/14th-Dhaka-Intl-Textile-Garment-Machinery-Exhibition.jpg\"},{\"@type\":\"BreadcrumbList\",\"@id\":\"https:\\\/\\\/xd.demo.somue.com\\\/become-our-partner\\\/#breadcrumb\",\"itemListElement\":[{\"@type\":\"ListItem\",\"position\":1,\"name\":\"Home\",\"item\":\"https:\\\/\\\/xd.demo.somue.com\\\/\"},{\"@type\":\"ListItem\",\"position\":2,\"name\":\"Become Our Partner\"}]},{\"@type\":\"WebSite\",\"@id\":\"https:\\\/\\\/xd.demo.somue.com\\\/#website\",\"url\":\"https:\\\/\\\/xd.demo.somue.com\\\/\",\"name\":\"\",\"description\":\"\",\"potentialAction\":[{\"@type\":\"SearchAction\",\"target\":{\"@type\":\"EntryPoint\",\"urlTemplate\":\"https:\\\/\\\/xd.demo.somue.com\\\/?s={search_term_string}\"},\"query-input\":{\"@type\":\"PropertyValueSpecification\",\"valueRequired\":true,\"valueName\":\"search_term_string\"}}],\"inLanguage\":\"fr-FR\"}]}<\/script>\n<!-- \/ Yoast SEO plugin. -->","yoast_head_json":{"title":"Devenez notre partenaire -","robots":{"index":"index","follow":"follow","max-snippet":"max-snippet:-1","max-image-preview":"max-image-preview:large","max-video-preview":"max-video-preview:-1"},"canonical":"https:\/\/xd.demo.somue.com\/become-our-partner\/","og_locale":"fr_FR","og_type":"article","og_title":"Become Our Partner -","og_description":"Become Our Partner WHY DO BUSINESS WITH US High Manufacturing Capacity 1,500-2,000 machines produced every year and 85% Client Retention Rate Professional Team 100,000 square meters factory with 300 staffs and workers. Competitive Price Self-own factory to accommodate the machine with good price. Warranty 1,500-2,000 machines produced every year and 85% Client Retention Rate Development [&hellip;]","og_url":"https:\/\/xd.demo.somue.com\/become-our-partner\/","article_modified_time":"2023-08-04T02:59:23+00:00","og_image":[{"url":"https:\/\/www.xdknitmachinery.com\/wp-content\/uploads\/2017\/05\/14th-Dhaka-Intl-Textile-Garment-Machinery-Exhibition.jpg","type":"","width":"","height":""}],"twitter_card":"summary_large_image","twitter_misc":{"Dur\u00e9e de lecture estim\u00e9e":"3 minutes"},"schema":{"@context":"https:\/\/schema.org","@graph":[{"@type":"WebPage","@id":"https:\/\/xd.demo.somue.com\/become-our-partner\/","url":"https:\/\/xd.demo.somue.com\/become-our-partner\/","name":"Devenez notre partenaire -","isPartOf":{"@id":"https:\/\/xd.demo.somue.com\/#website"},"primaryImageOfPage":{"@id":"https:\/\/xd.demo.somue.com\/become-our-partner\/#primaryimage"},"image":{"@id":"https:\/\/xd.demo.somue.com\/become-our-partner\/#primaryimage"},"thumbnailUrl":"https:\/\/www.xdknitmachinery.com\/wp-content\/uploads\/2017\/05\/14th-Dhaka-Intl-Textile-Garment-Machinery-Exhibition.jpg","datePublished":"2018-05-04T08:01:10+00:00","dateModified":"2023-08-04T02:59:23+00:00","breadcrumb":{"@id":"https:\/\/xd.demo.somue.com\/become-our-partner\/#breadcrumb"},"inLanguage":"fr-FR","potentialAction":[{"@type":"ReadAction","target":["https:\/\/xd.demo.somue.com\/become-our-partner\/"]}]},{"@type":"ImageObject","inLanguage":"fr-FR","@id":"https:\/\/xd.demo.somue.com\/become-our-partner\/#primaryimage","url":"https:\/\/www.xdknitmachinery.com\/wp-content\/uploads\/2017\/05\/14th-Dhaka-Intl-Textile-Garment-Machinery-Exhibition.jpg","contentUrl":"https:\/\/www.xdknitmachinery.com\/wp-content\/uploads\/2017\/05\/14th-Dhaka-Intl-Textile-Garment-Machinery-Exhibition.jpg"},{"@type":"BreadcrumbList","@id":"https:\/\/xd.demo.somue.com\/become-our-partner\/#breadcrumb","itemListElement":[{"@type":"ListItem","position":1,"name":"Home","item":"https:\/\/xd.demo.somue.com\/"},{"@type":"ListItem","position":2,"name":"Become Our Partner"}]},{"@type":"WebSite","@id":"https:\/\/xd.demo.somue.com\/#website","url":"https:\/\/xd.demo.somue.com\/","name":"","description":"","potentialAction":[{"@type":"SearchAction","target":{"@type":"EntryPoint","urlTemplate":"https:\/\/xd.demo.somue.com\/?s={search_term_string}"},"query-input":{"@type":"PropertyValueSpecification","valueRequired":true,"valueName":"search_term_string"}}],"inLanguage":"fr-FR"}]}},"_links":{"self":[{"href":"https:\/\/www.xdknitmachinery.com\/fr\/wp-json\/wp\/v2\/pages\/1066","targetHints":{"allow":["GET"]}}],"collection":[{"href":"https:\/\/www.xdknitmachinery.com\/fr\/wp-json\/wp\/v2\/pages"}],"about":[{"href":"https:\/\/www.xdknitmachinery.com\/fr\/wp-json\/wp\/v2\/types\/page"}],"author":[{"embeddable":true,"href":"https:\/\/www.xdknitmachinery.com\/fr\/wp-json\/wp\/v2\/users\/2"}],"replies":[{"embeddable":true,"href":"https:\/\/www.xdknitmachinery.com\/fr\/wp-json\/wp\/v2\/comments?post=1066"}],"version-history":[{"count":1,"href":"https:\/\/www.xdknitmachinery.com\/fr\/wp-json\/wp\/v2\/pages\/1066\/revisions"}],"predecessor-version":[{"id":5542,"href":"https:\/\/www.xdknitmachinery.com\/fr\/wp-json\/wp\/v2\/pages\/1066\/revisions\/5542"}],"wp:attachment":[{"href":"https:\/\/www.xdknitmachinery.com\/fr\/wp-json\/wp\/v2\/media?parent=1066"}],"curies":[{"name":"wp","href":"https:\/\/api.w.org\/{rel}","templated":true}]}}