{"id":783,"date":"2016-12-05T05:39:36","date_gmt":"2016-12-05T05:39:36","guid":{"rendered":"http:\/\/www.xdknitmachinery.com\/?page_id=783"},"modified":"2016-12-22T02:54:09","modified_gmt":"2016-12-22T02:54:09","slug":"privacy-policy","status":"publish","type":"page","link":"https:\/\/www.xdknitmachinery.com\/es\/privacy-policy\/","title":{"rendered":"pol\u00edtica de privacidad"},"content":{"rendered":"<br \/>\n<h2>pol\u00edtica de privacidad<\/h2>\n<p>Esta pol\u00edtica de privacidad establece c\u00f3mo www.xdknitmachinery.com utiliza y protege cualquier informaci\u00f3n que usted nos proporcione cuando utiliza este sitio web. www.xdknitmachinery.com se compromete a garantizar que su privacidad est\u00e9 protegida. Si le pedimos que proporcione cierta informaci\u00f3n mediante la cual pueda ser identificado al utilizar este sitio web, puede estar seguro de que solo se utilizar\u00e1 de acuerdo con esta declaraci\u00f3n de privacidad. www.xdknitmachinery.com puede cambiar esta pol\u00edtica de vez en cuando actualizando esta p\u00e1gina. Debe consultar esta p\u00e1gina de vez en cuando para asegurarse de que est\u00e1 satisfecho con los cambios.<\/p>\n<p>lo que recopilamos<\/p>\n<p>Podemos recopilar la siguiente informaci\u00f3n:<\/p>\n<p>*Nombre<br \/>\n*Informaci\u00f3n de contacto incluida la direcci\u00f3n de correo electr\u00f3nico<br \/>\n*Informaci\u00f3n demogr\u00e1fica como c\u00f3digo postal, preferencias e intereses<br \/>\n*Otra informaci\u00f3n relevante para encuestas y\/u ofertas de clientes.<\/p>\n<p>Qu\u00e9 hacemos con la informaci\u00f3n que recopilamos<\/p>\n<p>Requerimos esta informaci\u00f3n para comprender sus necesidades y brindarle un mejor servicio, y en particular por las siguientes razones:<\/p>\n<p>*Mantenimiento de registros internos.<br \/>\n*Podemos utilizar la informaci\u00f3n para mejorar nuestros productos y servicios.<br \/>\n*Podemos enviar peri\u00f3dicamente correos electr\u00f3nicos promocionales sobre nuevos productos, ofertas especiales u otra informaci\u00f3n que creemos que puede resultarle interesante utilizando la direcci\u00f3n de correo electr\u00f3nico que nos ha proporcionado.<br \/>\n*De vez en cuando, tambi\u00e9n podemos utilizar su informaci\u00f3n para comunicarnos con usted con fines de investigaci\u00f3n de mercado. Podemos comunicarnos con usted por correo electr\u00f3nico, tel\u00e9fono, fax o correo postal. Podemos utilizar la informaci\u00f3n para personalizar el sitio web de acuerdo con sus intereses.<\/p>\n<p>Security<\/p>\n<p>Estamos comprometidos a garantizar que su informaci\u00f3n est\u00e9 segura. Para evitar el acceso o la divulgaci\u00f3n no autorizados, hemos implementado procedimientos f\u00edsicos, electr\u00f3nicos y administrativos adecuados para salvaguardar y asegurar la informaci\u00f3n que recopilamos en l\u00ednea.<\/p>\n<p>Enlaces a otros sitios web<\/p>\n<p>Nuestro sitio web puede contener enlaces a otros sitios web de inter\u00e9s. Sin embargo, una vez que haya utilizado estos enlaces para abandonar nuestro sitio, debe tener en cuenta que no tenemos ning\u00fan control sobre ese otro sitio web. Por lo tanto, no podemos ser responsables de la protecci\u00f3n y privacidad de la informaci\u00f3n que usted proporcione mientras visita dichos sitios y dichos sitios no se rigen por esta declaraci\u00f3n de privacidad. Debe tener precauci\u00f3n y consultar la declaraci\u00f3n de privacidad aplicable al sitio web en cuesti\u00f3n.<\/p>\n<p>Controlar su informaci\u00f3n personal<\/p>\n<p>Puede optar por restringir la recopilaci\u00f3n o el uso de su informaci\u00f3n personal de las siguientes maneras:<\/p>\n<p>*Siempre que se le solicite completar un formulario en el sitio web, busque la casilla en la que puede hacer clic para indicar que no desea que nadie utilice la informaci\u00f3n con fines de marketing directo.<br \/>\n*Si previamente acept\u00f3 que utilicemos su informaci\u00f3n personal con fines de marketing directo, puede cambiar de opini\u00f3n en cualquier momento escribi\u00e9ndonos o envi\u00e1ndonos un correo electr\u00f3nico.<\/p>\n<p>No venderemos, distribuiremos ni cederemos su informaci\u00f3n personal a terceros a menos que tengamos su permiso o la ley nos exija hacerlo. Podemos utilizar su informaci\u00f3n personal para enviarle informaci\u00f3n promocional sobre terceros que creemos que puede resultarle interesante si nos dice que desea que esto suceda.<\/p>\n<p>Si cree que la informaci\u00f3n que tenemos sobre usted es incorrecta o est\u00e1 incompleta, escr\u00edbanos o env\u00edenos un correo electr\u00f3nico lo antes posible. Corregiremos de inmediato cualquier informaci\u00f3n que se considere incorrecta.<\/p>","protected":false},"excerpt":{"rendered":"<p>Privacy Policy This privacy policy sets out how www.xdknitmachinery.com uses and protects any information that you give us when you use this website www.xdknitmachinery.com is committed to ensuring that your privacy is protected. Should we ask you to provide certain information by which you can be identified when using this website, then you can be [&hellip;]<\/p>\n","protected":false},"author":2,"featured_media":0,"parent":0,"menu_order":0,"comment_status":"closed","ping_status":"closed","template":"","meta":{"footnotes":""},"class_list":["post-783","page","type-page","status-publish","hentry"],"acf":[],"yoast_head":"<!-- This site is optimized with the Yoast SEO plugin v27.3 - https:\/\/yoast.com\/product\/yoast-seo-wordpress\/ -->\n<title>Privacy Policy -<\/title>\n<meta name=\"robots\" content=\"noindex, nofollow\" \/>\n<meta property=\"og:locale\" content=\"es_ES\" \/>\n<meta property=\"og:type\" content=\"article\" \/>\n<meta property=\"og:title\" content=\"Privacy Policy -\" \/>\n<meta property=\"og:description\" content=\"Privacy Policy This privacy policy sets out how www.xdknitmachinery.com uses and protects any information that you give us when you use this website www.xdknitmachinery.com is committed to ensuring that your privacy is protected. Should we ask you to provide certain information by which you can be identified when using this website, then you can be [&hellip;]\" \/>\n<meta property=\"og:url\" content=\"https:\/\/xd.demo.somue.com\/privacy-policy\/\" \/>\n<meta property=\"article:modified_time\" content=\"2016-12-22T02:54:09+00:00\" \/>\n<meta name=\"twitter:card\" content=\"summary_large_image\" \/>\n<meta name=\"twitter:label1\" content=\"Tiempo de lectura\" \/>\n\t<meta name=\"twitter:data1\" content=\"3 minutos\" \/>\n<script type=\"application\/ld+json\" class=\"yoast-schema-graph\">{\"@context\":\"https:\\\/\\\/schema.org\",\"@graph\":[{\"@type\":\"WebPage\",\"@id\":\"https:\\\/\\\/xd.demo.somue.com\\\/privacy-policy\\\/\",\"url\":\"https:\\\/\\\/xd.demo.somue.com\\\/privacy-policy\\\/\",\"name\":\"Privacy Policy -\",\"isPartOf\":{\"@id\":\"https:\\\/\\\/xd.demo.somue.com\\\/#website\"},\"datePublished\":\"2016-12-05T05:39:36+00:00\",\"dateModified\":\"2016-12-22T02:54:09+00:00\",\"breadcrumb\":{\"@id\":\"https:\\\/\\\/xd.demo.somue.com\\\/privacy-policy\\\/#breadcrumb\"},\"inLanguage\":\"es\",\"potentialAction\":[{\"@type\":\"ReadAction\",\"target\":[\"https:\\\/\\\/xd.demo.somue.com\\\/privacy-policy\\\/\"]}]},{\"@type\":\"BreadcrumbList\",\"@id\":\"https:\\\/\\\/xd.demo.somue.com\\\/privacy-policy\\\/#breadcrumb\",\"itemListElement\":[{\"@type\":\"ListItem\",\"position\":1,\"name\":\"Home\",\"item\":\"https:\\\/\\\/xd.demo.somue.com\\\/\"},{\"@type\":\"ListItem\",\"position\":2,\"name\":\"Privacy Policy\"}]},{\"@type\":\"WebSite\",\"@id\":\"https:\\\/\\\/xd.demo.somue.com\\\/#website\",\"url\":\"https:\\\/\\\/xd.demo.somue.com\\\/\",\"name\":\"\",\"description\":\"\",\"potentialAction\":[{\"@type\":\"SearchAction\",\"target\":{\"@type\":\"EntryPoint\",\"urlTemplate\":\"https:\\\/\\\/xd.demo.somue.com\\\/?s={search_term_string}\"},\"query-input\":{\"@type\":\"PropertyValueSpecification\",\"valueRequired\":true,\"valueName\":\"search_term_string\"}}],\"inLanguage\":\"es\"}]}<\/script>\n<!-- \/ Yoast SEO plugin. -->","yoast_head_json":{"title":"Privacy Policy -","robots":{"index":"noindex","follow":"nofollow"},"og_locale":"es_ES","og_type":"article","og_title":"Privacy Policy -","og_description":"Privacy Policy This privacy policy sets out how www.xdknitmachinery.com uses and protects any information that you give us when you use this website www.xdknitmachinery.com is committed to ensuring that your privacy is protected. Should we ask you to provide certain information by which you can be identified when using this website, then you can be [&hellip;]","og_url":"https:\/\/xd.demo.somue.com\/privacy-policy\/","article_modified_time":"2016-12-22T02:54:09+00:00","twitter_card":"summary_large_image","twitter_misc":{"Tiempo de lectura":"3 minutos"},"schema":{"@context":"https:\/\/schema.org","@graph":[{"@type":"WebPage","@id":"https:\/\/xd.demo.somue.com\/privacy-policy\/","url":"https:\/\/xd.demo.somue.com\/privacy-policy\/","name":"Privacy Policy -","isPartOf":{"@id":"https:\/\/xd.demo.somue.com\/#website"},"datePublished":"2016-12-05T05:39:36+00:00","dateModified":"2016-12-22T02:54:09+00:00","breadcrumb":{"@id":"https:\/\/xd.demo.somue.com\/privacy-policy\/#breadcrumb"},"inLanguage":"es","potentialAction":[{"@type":"ReadAction","target":["https:\/\/xd.demo.somue.com\/privacy-policy\/"]}]},{"@type":"BreadcrumbList","@id":"https:\/\/xd.demo.somue.com\/privacy-policy\/#breadcrumb","itemListElement":[{"@type":"ListItem","position":1,"name":"Home","item":"https:\/\/xd.demo.somue.com\/"},{"@type":"ListItem","position":2,"name":"Privacy Policy"}]},{"@type":"WebSite","@id":"https:\/\/xd.demo.somue.com\/#website","url":"https:\/\/xd.demo.somue.com\/","name":"","description":"","potentialAction":[{"@type":"SearchAction","target":{"@type":"EntryPoint","urlTemplate":"https:\/\/xd.demo.somue.com\/?s={search_term_string}"},"query-input":{"@type":"PropertyValueSpecification","valueRequired":true,"valueName":"search_term_string"}}],"inLanguage":"es"}]}},"_links":{"self":[{"href":"https:\/\/www.xdknitmachinery.com\/es\/wp-json\/wp\/v2\/pages\/783","targetHints":{"allow":["GET"]}}],"collection":[{"href":"https:\/\/www.xdknitmachinery.com\/es\/wp-json\/wp\/v2\/pages"}],"about":[{"href":"https:\/\/www.xdknitmachinery.com\/es\/wp-json\/wp\/v2\/types\/page"}],"author":[{"embeddable":true,"href":"https:\/\/www.xdknitmachinery.com\/es\/wp-json\/wp\/v2\/users\/2"}],"replies":[{"embeddable":true,"href":"https:\/\/www.xdknitmachinery.com\/es\/wp-json\/wp\/v2\/comments?post=783"}],"version-history":[{"count":0,"href":"https:\/\/www.xdknitmachinery.com\/es\/wp-json\/wp\/v2\/pages\/783\/revisions"}],"wp:attachment":[{"href":"https:\/\/www.xdknitmachinery.com\/es\/wp-json\/wp\/v2\/media?parent=783"}],"curies":[{"name":"wp","href":"https:\/\/api.w.org\/{rel}","templated":true}]}}