{"id":432,"date":"2016-11-23T12:26:49","date_gmt":"2016-11-23T12:26:49","guid":{"rendered":"http:\/\/www.xdknitmachinery.com\/?page_id=432"},"modified":"2023-07-31T10:51:52","modified_gmt":"2023-07-31T10:51:52","slug":"open-width","status":"publish","type":"page","link":"https:\/\/www.xdknitmachinery.com\/es\/products\/double\/open-width\/","title":{"rendered":"M\u00e1quina para hacer punto circular de ancho abierto de doble jersey"},"content":{"rendered":"\n<h1>\n\t\tDouble Jersey Open Width Circular Knitting Machine\n\t<\/h1>\n\t<code>[yoast-breadcrumb]<\/code>\n\t\t\t\t<img fetchpriority=\"high\" decoding=\"async\" src=\"https:\/\/www.xdknitmachinery.com\/wp-content\/uploads\/2016\/10\/double-open-width.jpg\" alt=\"double-open-width\" itemprop=\"image\" height=\"380\" width=\"360\" title=\"double-open-width\">\n<h2>\n\t\tDouble Jersey Open Width Circular Knitting Machine\n\t<\/h2>\n\t<p>Following the gear design without unfolding the fabric, allows easy rolling up of cloth. Its safety shutdown device functions when the cloth is not cut completely.<\/p>\n\t\t\t<a href=\"http:\/\/www.xdknitmachinery.com\/wp-content\/uploads\/2016\/12\/8-Double-Jersey-Open-Width-Circular-Knitting-Machine.pdf\" target=\"_blank\" role=\"button\" rel=\"noopener noreferrer\">\n\t\t\t\t\t\tDownload Specifications\n\t\t\t\t\t<\/a>\n\t\t\t<a href=\"\/contact\" target=\"_self\" role=\"button\" rel=\"noopener noreferrer\">\n\t\t\t\t\t\tInquire This Item\n\t\t\t\t\t<\/a>\n\t\t<h3>\t\t\n\tCloth Cutting System<\/h3>\t\t\n\t\t\t<p>Guarantee a uniform and stable knitting tightness of fabric, crease-free and reduce wastage<\/p>\n\t\t<h3>\t\t\n\tPremium quality cylinder steel<\/h3>\t\t\n\t\t\t<p>Longer lifespan, higher utilization <\/p>\n<h2>\n\t\tMain Features\n\t<\/h2>\n\t<img decoding=\"async\" src=\"http:\/\/www.xdknitmachinery.com\/wp-content\/uploads\/2016\/11\/open-width-cloth-cutting-system-1.png\" alt=\"open-width-cloth-cutting-system-1\" width=\"300\" height=\"200\">\n<h3>Cloth Cutting System<\/h3>\n<p>Following the gear design without unfolding the fabric, allows easy rolling up of cloth. Its safety shutdown device functions when the cloth is not cut completely. The cloth collecting stick can roll up cloth automatically, to process cloth of diverse sizes, even those which are too small to strain. The cloth-cutting machine is equipped with a roller speed adjustment device, guaranteeing a uniform and stable knitting tightness for the fabric.<\/p>\n<p><img decoding=\"async\" src=\"http:\/\/www.xdknitmachinery.com\/wp-content\/uploads\/2016\/11\/double-cam-300x200.jpg\" alt=\"double-cam\" width=\"300\" height=\"200\"><\/p>\n<h3>High-volume fabric output<\/h3>\n<p>Combining the characteristics of double jersey and crease-free for cloths from knitting machines. High fabric output, equipped with a large diameter cylinder and high-speed motor; automatic cutting system to ensure unnecessary fabric loss.<\/p>\n\t\t\tTechnical Data\t\t\n\t\t\tFabric Sample\t\t\n\t\t\tEquipment\t\t\n\t\t\t\tTechnical Data\n\t\t\t\t<table>\n<tbody>\n<tr>\n<th>Model<\/th>\n<th>Cylinder Diameter<\/th>\n<th>Machine Gauges<\/th>\n<th>No. of Feeders<\/th>\n<th>Speed<\/th>\n<\/tr>\n<tr>\n<td>DJOW<\/td>\n<td>16\u2019\u2019-44\u2019\u2019<\/td>\n<td>10-36G<\/td>\n<td>32 &#8211; 96 F\/Inch<\/td>\n<td>15-25 RPM<\/td>\n<\/tr>\n<\/tbody>\n<\/table>\n\t\t\t\tFabric Sample\n\t\t\t\t<strong>Application Area: <\/strong> sportswear and leisurewear<br>\n<img loading=\"lazy\" decoding=\"async\" src=\"http:\/\/www.xdknitmachinery.com\/wp-content\/uploads\/2016\/11\/double-300x200.jpg\" alt=\"double\" width=\"300\" height=\"200\">\n<p><img loading=\"lazy\" decoding=\"async\" src=\"http:\/\/www.xdknitmachinery.com\/wp-content\/uploads\/2016\/11\/double-fabric-1-300x200.jpg\" alt=\"double-fabric\" width=\"300\" height=\"200\"><\/p>\n\t\t\t\tEquipment\n\t\t\t\t<table>\n<tbody>\n<tr>\n<th>Equipment<\/th>\n<th>STANDARD<\/th>\n<th>OPTION A<\/th>\n<th>OPTION B<\/th>\n<\/tr>\n<tr>\n<td>Needle<\/td>\n<td>Groz Beckert, Germany<\/td>\n<td>Samsung, Korea<\/td>\n<td>Yantex, Korea<\/td>\n<\/tr>\n<tr>\n<td>Sinker (For single knit)<\/td>\n<td>Kern Libbers, Germany<\/td>\n<td>Samsung, Korea<\/td>\n<td>Yantex, Korea<\/td>\n<\/tr>\n<tr>\n<td>High Rigidity Special Design Robust Frame<\/td>\n<td>SINTELLI<\/td>\n<td>\/<\/td>\n<td>\/<\/td>\n<\/tr>\n<tr>\n<td>Zirconia Yarn Guide<\/td>\n<td>SINTELLI<\/td>\n<td>\/<\/td>\n<td>\/<\/td>\n<\/tr>\n<tr>\n<td>Yarn Feeder<\/td>\n<td>SUN Feeder (B19)<\/td>\n<td>SUN Feeder (B23K)<\/td>\n<td>Global OR Memminger<\/td>\n<\/tr>\n<tr>\n<td>Automatic oil Lubricator<\/td>\n<td>Shengsong, Taiwan<\/td>\n<td>Taiguan, Taiwan<\/td>\n<td>Can be customized<\/td>\n<\/tr>\n<tr>\n<td>Tube Creel<\/td>\n<td>Triangle Creel<\/td>\n<td>Creel with tube<\/td>\n<td>\/<\/td>\n<\/tr>\n<tr>\n<td>4 PCS Teeth Belt<\/td>\n<td>MEGADYNE<\/td>\n<td>\/<\/td>\n<td>\/<\/td>\n<\/tr>\n<tr>\n<td>Micro-computer control panel (3-shift counter and 4 digital RPM counter)<\/td>\n<td>SINTELLI<\/td>\n<td>Can be customized<\/td>\n<td>\/<\/td>\n<\/tr>\n<tr>\n<td>Air System<\/td>\n<td>Taiguan, Taiwan<\/td>\n<td>Shengsong, Taiwan<\/td>\n<td>Taishan<\/td>\n<\/tr>\n<tr>\n<td>Inverter<\/td>\n<td>TOSHIBA, Japan<\/td>\n<td>Delta, Taiwan<\/td>\n<td>Yolico, Japan<\/td>\n<\/tr>\n<tr>\n<td>Motor<\/td>\n<td>Teco, Taiwan<\/td>\n<td>Sintelli<\/td>\n<td>Delta, Taiwan<\/td>\n<\/tr>\n<tr>\n<td>Take Down System<\/td>\n<td>Fabric open take-down system<\/td>\n<td>Sintelli Folding &amp; Rolling take-down system<\/td>\n<td>\/<\/td>\n<\/tr>\n<tr>\n<td>Cylinder<\/td>\n<td>SINTELLI Japanese High Precision Alloy Steel material<\/td>\n<td>\/<\/td>\n<td>\/<\/td>\n<\/tr>\n<tr>\n<td>Machine CAM setting<\/td>\n<td>Single Jersey: 4 tracks Double Jersey: Dial 2 tracks, cylinder 4 tracks<\/td>\n<td>Exchange cam parts for structions<\/td>\n<td>\/<\/td>\n<\/tr>\n<tr>\n<td>Lycra feeder<\/td>\n<td>SUN WAL5-4A\/B<\/td>\n<td>SUN WAL2-4A\/B<\/td>\n<td>Memminger<\/td>\n<\/tr>\n<\/tbody>\n<\/table>\n","protected":false},"excerpt":{"rendered":"","protected":false},"author":2,"featured_media":0,"parent":180,"menu_order":0,"comment_status":"closed","ping_status":"closed","template":"page-templates\/open-width-double.php","meta":{"footnotes":""},"class_list":["post-432","page","type-page","status-publish","hentry"],"acf":[],"yoast_head":"<!-- This site is optimized with the Yoast SEO plugin v27.3 - https:\/\/yoast.com\/product\/yoast-seo-wordpress\/ -->\n<title>Double Jersey Open Width Circular Knitting Machine | Sintelli<\/title>\n<meta name=\"description\" content=\"Following the gear design without unfolding the fabric, allows easy rolling up of cloth. Produces sportswear and leisurewear.\" \/>\n<meta name=\"robots\" content=\"index, follow, max-snippet:-1, max-image-preview:large, max-video-preview:-1\" \/>\n<link rel=\"canonical\" href=\"https:\/\/xd.demo.somue.com\/products\/double\/open-width\/\" \/>\n<meta property=\"og:locale\" content=\"es_ES\" \/>\n<meta property=\"og:type\" content=\"article\" \/>\n<meta property=\"og:title\" content=\"Double Jersey Open Width Circular Knitting Machine | Sintelli\" \/>\n<meta property=\"og:description\" content=\"Following the gear design without unfolding the fabric, allows easy rolling up of cloth. Produces sportswear and leisurewear.\" \/>\n<meta property=\"og:url\" content=\"https:\/\/xd.demo.somue.com\/products\/double\/open-width\/\" \/>\n<meta property=\"article:modified_time\" content=\"2023-07-31T10:51:52+00:00\" \/>\n<meta property=\"og:image\" content=\"https:\/\/www.xdknitmachinery.com\/wp-content\/uploads\/2016\/10\/double-open-width.jpg\" \/>\n<meta name=\"twitter:card\" content=\"summary_large_image\" \/>\n<meta name=\"twitter:label1\" content=\"Tiempo de lectura\" \/>\n\t<meta name=\"twitter:data1\" content=\"3 minutos\" \/>\n<script type=\"application\/ld+json\" class=\"yoast-schema-graph\">{\"@context\":\"https:\\\/\\\/schema.org\",\"@graph\":[{\"@type\":\"WebPage\",\"@id\":\"https:\\\/\\\/xd.demo.somue.com\\\/products\\\/double\\\/open-width\\\/\",\"url\":\"https:\\\/\\\/xd.demo.somue.com\\\/products\\\/double\\\/open-width\\\/\",\"name\":\"Double Jersey Open Width Circular Knitting Machine | Sintelli\",\"isPartOf\":{\"@id\":\"https:\\\/\\\/xd.demo.somue.com\\\/#website\"},\"primaryImageOfPage\":{\"@id\":\"https:\\\/\\\/xd.demo.somue.com\\\/products\\\/double\\\/open-width\\\/#primaryimage\"},\"image\":{\"@id\":\"https:\\\/\\\/xd.demo.somue.com\\\/products\\\/double\\\/open-width\\\/#primaryimage\"},\"thumbnailUrl\":\"https:\\\/\\\/www.xdknitmachinery.com\\\/wp-content\\\/uploads\\\/2016\\\/10\\\/double-open-width.jpg\",\"datePublished\":\"2016-11-23T12:26:49+00:00\",\"dateModified\":\"2023-07-31T10:51:52+00:00\",\"description\":\"Following the gear design without unfolding the fabric, allows easy rolling up of cloth. Produces sportswear and leisurewear.\",\"breadcrumb\":{\"@id\":\"https:\\\/\\\/xd.demo.somue.com\\\/products\\\/double\\\/open-width\\\/#breadcrumb\"},\"inLanguage\":\"es\",\"potentialAction\":[{\"@type\":\"ReadAction\",\"target\":[\"https:\\\/\\\/xd.demo.somue.com\\\/products\\\/double\\\/open-width\\\/\"]}]},{\"@type\":\"ImageObject\",\"inLanguage\":\"es\",\"@id\":\"https:\\\/\\\/xd.demo.somue.com\\\/products\\\/double\\\/open-width\\\/#primaryimage\",\"url\":\"https:\\\/\\\/www.xdknitmachinery.com\\\/wp-content\\\/uploads\\\/2016\\\/10\\\/double-open-width.jpg\",\"contentUrl\":\"https:\\\/\\\/www.xdknitmachinery.com\\\/wp-content\\\/uploads\\\/2016\\\/10\\\/double-open-width.jpg\"},{\"@type\":\"BreadcrumbList\",\"@id\":\"https:\\\/\\\/xd.demo.somue.com\\\/products\\\/double\\\/open-width\\\/#breadcrumb\",\"itemListElement\":[{\"@type\":\"ListItem\",\"position\":1,\"name\":\"Home\",\"item\":\"https:\\\/\\\/xd.demo.somue.com\\\/\"},{\"@type\":\"ListItem\",\"position\":2,\"name\":\"Products\",\"item\":\"https:\\\/\\\/xd.demo.somue.com\\\/products\\\/\"},{\"@type\":\"ListItem\",\"position\":3,\"name\":\"Double Knit Series\",\"item\":\"https:\\\/\\\/xd.demo.somue.com\\\/products\\\/double\\\/\"},{\"@type\":\"ListItem\",\"position\":4,\"name\":\"Double Jersey Open Width Circular Knitting Machine\"}]},{\"@type\":\"WebSite\",\"@id\":\"https:\\\/\\\/xd.demo.somue.com\\\/#website\",\"url\":\"https:\\\/\\\/xd.demo.somue.com\\\/\",\"name\":\"\",\"description\":\"\",\"potentialAction\":[{\"@type\":\"SearchAction\",\"target\":{\"@type\":\"EntryPoint\",\"urlTemplate\":\"https:\\\/\\\/xd.demo.somue.com\\\/?s={search_term_string}\"},\"query-input\":{\"@type\":\"PropertyValueSpecification\",\"valueRequired\":true,\"valueName\":\"search_term_string\"}}],\"inLanguage\":\"es\"}]}<\/script>\n<!-- \/ Yoast SEO plugin. -->","yoast_head_json":{"title":"M\u00e1quina para hacer punto circular de ancho abierto de doble jersey | Sintelli","description":"Siguiendo el dise\u00f1o del engranaje sin desplegar la tela, permite enrollarla f\u00e1cilmente. Produce ropa deportiva y ropa de ocio.","robots":{"index":"index","follow":"follow","max-snippet":"max-snippet:-1","max-image-preview":"max-image-preview:large","max-video-preview":"max-video-preview:-1"},"canonical":"https:\/\/xd.demo.somue.com\/products\/double\/open-width\/","og_locale":"es_ES","og_type":"article","og_title":"Double Jersey Open Width Circular Knitting Machine | Sintelli","og_description":"Following the gear design without unfolding the fabric, allows easy rolling up of cloth. Produces sportswear and leisurewear.","og_url":"https:\/\/xd.demo.somue.com\/products\/double\/open-width\/","article_modified_time":"2023-07-31T10:51:52+00:00","og_image":[{"url":"https:\/\/www.xdknitmachinery.com\/wp-content\/uploads\/2016\/10\/double-open-width.jpg","type":"","width":"","height":""}],"twitter_card":"summary_large_image","twitter_misc":{"Tiempo de lectura":"3 minutos"},"schema":{"@context":"https:\/\/schema.org","@graph":[{"@type":"WebPage","@id":"https:\/\/xd.demo.somue.com\/products\/double\/open-width\/","url":"https:\/\/xd.demo.somue.com\/products\/double\/open-width\/","name":"M\u00e1quina para hacer punto circular de ancho abierto de doble jersey | Sintelli","isPartOf":{"@id":"https:\/\/xd.demo.somue.com\/#website"},"primaryImageOfPage":{"@id":"https:\/\/xd.demo.somue.com\/products\/double\/open-width\/#primaryimage"},"image":{"@id":"https:\/\/xd.demo.somue.com\/products\/double\/open-width\/#primaryimage"},"thumbnailUrl":"https:\/\/www.xdknitmachinery.com\/wp-content\/uploads\/2016\/10\/double-open-width.jpg","datePublished":"2016-11-23T12:26:49+00:00","dateModified":"2023-07-31T10:51:52+00:00","description":"Siguiendo el dise\u00f1o del engranaje sin desplegar la tela, permite enrollarla f\u00e1cilmente. Produce ropa deportiva y ropa de ocio.","breadcrumb":{"@id":"https:\/\/xd.demo.somue.com\/products\/double\/open-width\/#breadcrumb"},"inLanguage":"es","potentialAction":[{"@type":"ReadAction","target":["https:\/\/xd.demo.somue.com\/products\/double\/open-width\/"]}]},{"@type":"ImageObject","inLanguage":"es","@id":"https:\/\/xd.demo.somue.com\/products\/double\/open-width\/#primaryimage","url":"https:\/\/www.xdknitmachinery.com\/wp-content\/uploads\/2016\/10\/double-open-width.jpg","contentUrl":"https:\/\/www.xdknitmachinery.com\/wp-content\/uploads\/2016\/10\/double-open-width.jpg"},{"@type":"BreadcrumbList","@id":"https:\/\/xd.demo.somue.com\/products\/double\/open-width\/#breadcrumb","itemListElement":[{"@type":"ListItem","position":1,"name":"Home","item":"https:\/\/xd.demo.somue.com\/"},{"@type":"ListItem","position":2,"name":"Products","item":"https:\/\/xd.demo.somue.com\/products\/"},{"@type":"ListItem","position":3,"name":"Double Knit Series","item":"https:\/\/xd.demo.somue.com\/products\/double\/"},{"@type":"ListItem","position":4,"name":"Double Jersey Open Width Circular Knitting Machine"}]},{"@type":"WebSite","@id":"https:\/\/xd.demo.somue.com\/#website","url":"https:\/\/xd.demo.somue.com\/","name":"","description":"","potentialAction":[{"@type":"SearchAction","target":{"@type":"EntryPoint","urlTemplate":"https:\/\/xd.demo.somue.com\/?s={search_term_string}"},"query-input":{"@type":"PropertyValueSpecification","valueRequired":true,"valueName":"search_term_string"}}],"inLanguage":"es"}]}},"_links":{"self":[{"href":"https:\/\/www.xdknitmachinery.com\/es\/wp-json\/wp\/v2\/pages\/432","targetHints":{"allow":["GET"]}}],"collection":[{"href":"https:\/\/www.xdknitmachinery.com\/es\/wp-json\/wp\/v2\/pages"}],"about":[{"href":"https:\/\/www.xdknitmachinery.com\/es\/wp-json\/wp\/v2\/types\/page"}],"author":[{"embeddable":true,"href":"https:\/\/www.xdknitmachinery.com\/es\/wp-json\/wp\/v2\/users\/2"}],"replies":[{"embeddable":true,"href":"https:\/\/www.xdknitmachinery.com\/es\/wp-json\/wp\/v2\/comments?post=432"}],"version-history":[{"count":3,"href":"https:\/\/www.xdknitmachinery.com\/es\/wp-json\/wp\/v2\/pages\/432\/revisions"}],"predecessor-version":[{"id":5475,"href":"https:\/\/www.xdknitmachinery.com\/es\/wp-json\/wp\/v2\/pages\/432\/revisions\/5475"}],"up":[{"embeddable":true,"href":"https:\/\/www.xdknitmachinery.com\/es\/wp-json\/wp\/v2\/pages\/180"}],"wp:attachment":[{"href":"https:\/\/www.xdknitmachinery.com\/es\/wp-json\/wp\/v2\/media?parent=432"}],"curies":[{"name":"wp","href":"https:\/\/api.w.org\/{rel}","templated":true}]}}