{"id":430,"date":"2016-11-23T12:26:35","date_gmt":"2016-11-23T12:26:35","guid":{"rendered":"http:\/\/www.xdknitmachinery.com\/?page_id=430"},"modified":"2023-07-31T10:46:41","modified_gmt":"2023-07-31T10:46:41","slug":"rib","status":"publish","type":"page","link":"https:\/\/www.xdknitmachinery.com\/es\/products\/double\/rib\/","title":{"rendered":"M\u00e1quina para hacer punto circular de costillas"},"content":{"rendered":"\n<h1>\n\t\tRib Circular Knitting Machine\n\t<\/h1>\n\t<code>[yoast-breadcrumb]<\/code>\n\t\t\t\t<img fetchpriority=\"high\" decoding=\"async\" src=\"https:\/\/www.xdknitmachinery.com\/wp-content\/uploads\/2020\/07\/Rib-Circular-Knitting-Machine.jpg\" alt=\"Rib Circular Knitting Machine\" itemprop=\"image\" height=\"575\" width=\"550\" title=\"Rib Circular Knitting Machine\">\n<h2>\n\t\tRib Circular Knitting Machine\n\t<\/h2>\n\t<p>Widely used in high-volume production of soft and comfortable underwear fabric<\/p>\n\t\t\t<a href=\"http:\/\/www.xdknitmachinery.com\/wp-content\/uploads\/2016\/12\/7-Rib-Circular-Knitting-Machine.pdf\" target=\"_blank\" role=\"button\" rel=\"noopener noreferrer\">\n\t\t\t\t\t\tDownload Specifications\n\t\t\t\t\t<\/a>\n\t\t\t<a href=\"\/contact\" target=\"_self\" role=\"button\" rel=\"noopener noreferrer\">\n\t\t\t\t\t\tInquire This Item\n\t\t\t\t\t<\/a>\n\t\t<h3>\t\t\n\tAdvanced gear system<\/h3>\t\t\n\t\t\t<p>Lubricate and prolong machine lifespan,high utilization of your investment<\/p>\n\t\t<h3>\t\t\n\tEasily changed cylinder systems<\/h3>\t\t\n\t\t\t<p>Meeting different demands, flexible and efficiency in knitting fabrics<\/p>\n<h2>\n\t\tMain Features\n\t<\/h2>\n\t<p>Widely used in high-volume production of soft and comfortable underwear fabric. Sintelli\u2019s main gear systems are all embedded in an oil bath to lubricate and prolong the lifespan of the gear system. All gears are fluted simultaneously to minimize backlash between dial and cylinder needles. Users can handle different fabric changes by choosing Sintelli\u2019s double series.<\/p>\n\t<img decoding=\"async\" src=\"http:\/\/www.xdknitmachinery.com\/wp-content\/uploads\/2016\/11\/rib-detail-300x200.jpg\" alt=\"rib-detail\" width=\"300\" height=\"200\">\n<h3>Interchangeable<\/h3>\n<p>Flexibility in the machine application, Sintelli\u2019s double series allows users to change the fabric from jersey to rib to interlock. This precision conversion system allows you to meet the ever-changing demand of the market, as and when required.<\/p>\n\t\t\tTechnical Data\t\t\n\t\t\tFabric Sample\t\t\n\t\t\tEquipment\t\t\n\t\t\t\tTechnical Data\n\t\t\t\t<table>\n<tbody>\n<tr>\n<th>Model<\/th>\n<th>Cylinder Diameter<\/th>\n<th>Machine Gauges<\/th>\n<th>No. of Feeders<\/th>\n<th>Speed<\/th>\n<\/tr>\n<tr>\n<td>DJR<\/td>\n<td>30\u2019\u2019-38\u2019\u2019<\/td>\n<td>10-22G<\/td>\n<td>52-72 F\/Inch<\/td>\n<td>15-30 RPM<\/td>\n<\/tr>\n<\/tbody>\n<\/table>\n\t\t\t\tFabric Sample\n\t\t\t\t<strong>Application Area: <\/strong> Leisurewear<br>\n<img decoding=\"async\" src=\"http:\/\/www.xdknitmachinery.com\/wp-content\/uploads\/2016\/11\/rib-fabric-300x200.jpg\" alt=\"rib-fabric\" width=\"300\" height=\"200\">\n<p><img loading=\"lazy\" decoding=\"async\" src=\"http:\/\/www.xdknitmachinery.com\/wp-content\/uploads\/2016\/11\/rib-sample-300x200.jpg\" alt=\"rib-sample\" width=\"300\" height=\"200\"><\/p>\n\t\t\t\tEquipment\n\t\t\t\t<table>\n<tbody>\n<tr>\n<th>Equipment<\/th>\n<th>STANDARD<\/th>\n<th>OPTION A<\/th>\n<th>OPTION B<\/th>\n<\/tr>\n<tr>\n<td>Needle<\/td>\n<td>Groz Beckert, Germany<\/td>\n<td>Samsung, Korea<\/td>\n<td>Yantex, Korea<\/td>\n<\/tr>\n<tr>\n<td>Sinker (For single knit)<\/td>\n<td>Kern Libbers, Germany<\/td>\n<td>Samsung, Korea<\/td>\n<td>Yantex, Korea<\/td>\n<\/tr>\n<tr>\n<td>High Rigidity Special Design Robust Frame<\/td>\n<td>SINTELLI<\/td>\n<td>\/<\/td>\n<td>\/<\/td>\n<\/tr>\n<tr>\n<td>Zirconia Yarn Guide<\/td>\n<td>SINTELLI<\/td>\n<td>\/<\/td>\n<td>\/<\/td>\n<\/tr>\n<tr>\n<td>Yarn Feeder<\/td>\n<td>SUN Feeder (B19)<\/td>\n<td>SUN Feeder (B23K)<\/td>\n<td>Global OR Memminger<\/td>\n<\/tr>\n<tr>\n<td>Automatic oil Lubricator<\/td>\n<td>Shengsong, Taiwan<\/td>\n<td>Taiguan, Taiwan<\/td>\n<td>Can be customized<\/td>\n<\/tr>\n<tr>\n<td>Tube Creel<\/td>\n<td>Triangle Creel<\/td>\n<td>Creel with tube<\/td>\n<td>\/<\/td>\n<\/tr>\n<tr>\n<td>4 PCS Teeth Belt<\/td>\n<td>MEGADYNE<\/td>\n<td>\/<\/td>\n<td>\/<\/td>\n<\/tr>\n<tr>\n<td>Micro-computer control panel (3-shift counter and 4 digital RPM counter)<\/td>\n<td>SINTELLI<\/td>\n<td>Can be customized<\/td>\n<td>\/<\/td>\n<\/tr>\n<tr>\n<td>Air System<\/td>\n<td>Taiguan, Taiwan<\/td>\n<td>Shengsong, Taiwan<\/td>\n<td>Taishan<\/td>\n<\/tr>\n<tr>\n<td>Inverter<\/td>\n<td>TOSHIBA, Japan<\/td>\n<td>Delta, Taiwan<\/td>\n<td>Yolico, Japan<\/td>\n<\/tr>\n<tr>\n<td>Motor<\/td>\n<td>Teco, Taiwan<\/td>\n<td>Sintelli<\/td>\n<td>Delta, Taiwan<\/td>\n<\/tr>\n<tr>\n<td>Take Down System<\/td>\n<td>Fabric open take-down system<\/td>\n<td>Sintelli Folding &amp; Rolling take-down system<\/td>\n<td>\/<\/td>\n<\/tr>\n<tr>\n<td>Cylinder<\/td>\n<td>SINTELLI Japanese High Precision Alloy Steel material<\/td>\n<td>\/<\/td>\n<td>\/<\/td>\n<\/tr>\n<tr>\n<td>Machine CAM setting<\/td>\n<td>Single Jersey: 4 tracks Double Jersey: Dial 2 tracks, cylinder 4 tracks<\/td>\n<td>Exchange cam parts for structions<\/td>\n<td>\/<\/td>\n<\/tr>\n<tr>\n<td>Lycra feeder<\/td>\n<td>SUN WAL5-4A\/B<\/td>\n<td>SUN WAL2-4A\/B<\/td>\n<td>Memminger<\/td>\n<\/tr>\n<\/tbody>\n<\/table>\n","protected":false},"excerpt":{"rendered":"","protected":false},"author":2,"featured_media":0,"parent":180,"menu_order":0,"comment_status":"closed","ping_status":"closed","template":"page-templates\/rib.php","meta":{"footnotes":""},"class_list":["post-430","page","type-page","status-publish","hentry"],"acf":[],"yoast_head":"<!-- This site is optimized with the Yoast SEO plugin v27.3 - https:\/\/yoast.com\/product\/yoast-seo-wordpress\/ -->\n<title>Rib Circular Knitting Machine | Sintelli<\/title>\n<meta name=\"description\" content=\"Widely used in high-volume production of soft and comfortable underwear fabric meet the ever-changing demand of the market, as and when required.\" \/>\n<meta name=\"robots\" content=\"index, follow, max-snippet:-1, max-image-preview:large, max-video-preview:-1\" \/>\n<link rel=\"canonical\" href=\"https:\/\/xd.demo.somue.com\/products\/double\/rib\/\" \/>\n<meta property=\"og:locale\" content=\"es_ES\" \/>\n<meta property=\"og:type\" content=\"article\" \/>\n<meta property=\"og:title\" content=\"Rib Circular Knitting Machine | Sintelli\" \/>\n<meta property=\"og:description\" content=\"Widely used in high-volume production of soft and comfortable underwear fabric meet the ever-changing demand of the market, as and when required.\" \/>\n<meta property=\"og:url\" content=\"https:\/\/xd.demo.somue.com\/products\/double\/rib\/\" \/>\n<meta property=\"article:modified_time\" content=\"2023-07-31T10:46:41+00:00\" \/>\n<meta property=\"og:image\" content=\"https:\/\/www.xdknitmachinery.com\/wp-content\/uploads\/2020\/07\/Rib-Circular-Knitting-Machine.jpg\" \/>\n<meta name=\"twitter:card\" content=\"summary_large_image\" \/>\n<meta name=\"twitter:label1\" content=\"Tiempo de lectura\" \/>\n\t<meta name=\"twitter:data1\" content=\"3 minutos\" \/>\n<script type=\"application\/ld+json\" class=\"yoast-schema-graph\">{\"@context\":\"https:\\\/\\\/schema.org\",\"@graph\":[{\"@type\":\"WebPage\",\"@id\":\"https:\\\/\\\/xd.demo.somue.com\\\/products\\\/double\\\/rib\\\/\",\"url\":\"https:\\\/\\\/xd.demo.somue.com\\\/products\\\/double\\\/rib\\\/\",\"name\":\"Rib Circular Knitting Machine | Sintelli\",\"isPartOf\":{\"@id\":\"https:\\\/\\\/xd.demo.somue.com\\\/#website\"},\"primaryImageOfPage\":{\"@id\":\"https:\\\/\\\/xd.demo.somue.com\\\/products\\\/double\\\/rib\\\/#primaryimage\"},\"image\":{\"@id\":\"https:\\\/\\\/xd.demo.somue.com\\\/products\\\/double\\\/rib\\\/#primaryimage\"},\"thumbnailUrl\":\"https:\\\/\\\/www.xdknitmachinery.com\\\/wp-content\\\/uploads\\\/2020\\\/07\\\/Rib-Circular-Knitting-Machine.jpg\",\"datePublished\":\"2016-11-23T12:26:35+00:00\",\"dateModified\":\"2023-07-31T10:46:41+00:00\",\"description\":\"Widely used in high-volume production of soft and comfortable underwear fabric meet the ever-changing demand of the market, as and when required.\",\"breadcrumb\":{\"@id\":\"https:\\\/\\\/xd.demo.somue.com\\\/products\\\/double\\\/rib\\\/#breadcrumb\"},\"inLanguage\":\"es\",\"potentialAction\":[{\"@type\":\"ReadAction\",\"target\":[\"https:\\\/\\\/xd.demo.somue.com\\\/products\\\/double\\\/rib\\\/\"]}]},{\"@type\":\"ImageObject\",\"inLanguage\":\"es\",\"@id\":\"https:\\\/\\\/xd.demo.somue.com\\\/products\\\/double\\\/rib\\\/#primaryimage\",\"url\":\"https:\\\/\\\/www.xdknitmachinery.com\\\/wp-content\\\/uploads\\\/2020\\\/07\\\/Rib-Circular-Knitting-Machine.jpg\",\"contentUrl\":\"https:\\\/\\\/www.xdknitmachinery.com\\\/wp-content\\\/uploads\\\/2020\\\/07\\\/Rib-Circular-Knitting-Machine.jpg\"},{\"@type\":\"BreadcrumbList\",\"@id\":\"https:\\\/\\\/xd.demo.somue.com\\\/products\\\/double\\\/rib\\\/#breadcrumb\",\"itemListElement\":[{\"@type\":\"ListItem\",\"position\":1,\"name\":\"Home\",\"item\":\"https:\\\/\\\/xd.demo.somue.com\\\/\"},{\"@type\":\"ListItem\",\"position\":2,\"name\":\"Products\",\"item\":\"https:\\\/\\\/xd.demo.somue.com\\\/products\\\/\"},{\"@type\":\"ListItem\",\"position\":3,\"name\":\"Double Knit Series\",\"item\":\"https:\\\/\\\/xd.demo.somue.com\\\/products\\\/double\\\/\"},{\"@type\":\"ListItem\",\"position\":4,\"name\":\"Rib Circular Knitting Machine\"}]},{\"@type\":\"WebSite\",\"@id\":\"https:\\\/\\\/xd.demo.somue.com\\\/#website\",\"url\":\"https:\\\/\\\/xd.demo.somue.com\\\/\",\"name\":\"\",\"description\":\"\",\"potentialAction\":[{\"@type\":\"SearchAction\",\"target\":{\"@type\":\"EntryPoint\",\"urlTemplate\":\"https:\\\/\\\/xd.demo.somue.com\\\/?s={search_term_string}\"},\"query-input\":{\"@type\":\"PropertyValueSpecification\",\"valueRequired\":true,\"valueName\":\"search_term_string\"}}],\"inLanguage\":\"es\"}]}<\/script>\n<!-- \/ Yoast SEO plugin. -->","yoast_head_json":{"title":"M\u00e1quina para hacer punto circular de costillas | Sintelli","description":"Ampliamente utilizado en la producci\u00f3n de gran volumen de telas para ropa interior suave y c\u00f3moda, satisface la demanda siempre cambiante del mercado, cuando sea necesario.","robots":{"index":"index","follow":"follow","max-snippet":"max-snippet:-1","max-image-preview":"max-image-preview:large","max-video-preview":"max-video-preview:-1"},"canonical":"https:\/\/xd.demo.somue.com\/products\/double\/rib\/","og_locale":"es_ES","og_type":"article","og_title":"Rib Circular Knitting Machine | Sintelli","og_description":"Widely used in high-volume production of soft and comfortable underwear fabric meet the ever-changing demand of the market, as and when required.","og_url":"https:\/\/xd.demo.somue.com\/products\/double\/rib\/","article_modified_time":"2023-07-31T10:46:41+00:00","og_image":[{"url":"https:\/\/www.xdknitmachinery.com\/wp-content\/uploads\/2020\/07\/Rib-Circular-Knitting-Machine.jpg","type":"","width":"","height":""}],"twitter_card":"summary_large_image","twitter_misc":{"Tiempo de lectura":"3 minutos"},"schema":{"@context":"https:\/\/schema.org","@graph":[{"@type":"WebPage","@id":"https:\/\/xd.demo.somue.com\/products\/double\/rib\/","url":"https:\/\/xd.demo.somue.com\/products\/double\/rib\/","name":"M\u00e1quina para hacer punto circular de costillas | Sintelli","isPartOf":{"@id":"https:\/\/xd.demo.somue.com\/#website"},"primaryImageOfPage":{"@id":"https:\/\/xd.demo.somue.com\/products\/double\/rib\/#primaryimage"},"image":{"@id":"https:\/\/xd.demo.somue.com\/products\/double\/rib\/#primaryimage"},"thumbnailUrl":"https:\/\/www.xdknitmachinery.com\/wp-content\/uploads\/2020\/07\/Rib-Circular-Knitting-Machine.jpg","datePublished":"2016-11-23T12:26:35+00:00","dateModified":"2023-07-31T10:46:41+00:00","description":"Ampliamente utilizado en la producci\u00f3n de gran volumen de telas para ropa interior suave y c\u00f3moda, satisface la demanda siempre cambiante del mercado, cuando sea necesario.","breadcrumb":{"@id":"https:\/\/xd.demo.somue.com\/products\/double\/rib\/#breadcrumb"},"inLanguage":"es","potentialAction":[{"@type":"ReadAction","target":["https:\/\/xd.demo.somue.com\/products\/double\/rib\/"]}]},{"@type":"ImageObject","inLanguage":"es","@id":"https:\/\/xd.demo.somue.com\/products\/double\/rib\/#primaryimage","url":"https:\/\/www.xdknitmachinery.com\/wp-content\/uploads\/2020\/07\/Rib-Circular-Knitting-Machine.jpg","contentUrl":"https:\/\/www.xdknitmachinery.com\/wp-content\/uploads\/2020\/07\/Rib-Circular-Knitting-Machine.jpg"},{"@type":"BreadcrumbList","@id":"https:\/\/xd.demo.somue.com\/products\/double\/rib\/#breadcrumb","itemListElement":[{"@type":"ListItem","position":1,"name":"Home","item":"https:\/\/xd.demo.somue.com\/"},{"@type":"ListItem","position":2,"name":"Products","item":"https:\/\/xd.demo.somue.com\/products\/"},{"@type":"ListItem","position":3,"name":"Double Knit Series","item":"https:\/\/xd.demo.somue.com\/products\/double\/"},{"@type":"ListItem","position":4,"name":"Rib Circular Knitting Machine"}]},{"@type":"WebSite","@id":"https:\/\/xd.demo.somue.com\/#website","url":"https:\/\/xd.demo.somue.com\/","name":"","description":"","potentialAction":[{"@type":"SearchAction","target":{"@type":"EntryPoint","urlTemplate":"https:\/\/xd.demo.somue.com\/?s={search_term_string}"},"query-input":{"@type":"PropertyValueSpecification","valueRequired":true,"valueName":"search_term_string"}}],"inLanguage":"es"}]}},"_links":{"self":[{"href":"https:\/\/www.xdknitmachinery.com\/es\/wp-json\/wp\/v2\/pages\/430","targetHints":{"allow":["GET"]}}],"collection":[{"href":"https:\/\/www.xdknitmachinery.com\/es\/wp-json\/wp\/v2\/pages"}],"about":[{"href":"https:\/\/www.xdknitmachinery.com\/es\/wp-json\/wp\/v2\/types\/page"}],"author":[{"embeddable":true,"href":"https:\/\/www.xdknitmachinery.com\/es\/wp-json\/wp\/v2\/users\/2"}],"replies":[{"embeddable":true,"href":"https:\/\/www.xdknitmachinery.com\/es\/wp-json\/wp\/v2\/comments?post=430"}],"version-history":[{"count":2,"href":"https:\/\/www.xdknitmachinery.com\/es\/wp-json\/wp\/v2\/pages\/430\/revisions"}],"predecessor-version":[{"id":5474,"href":"https:\/\/www.xdknitmachinery.com\/es\/wp-json\/wp\/v2\/pages\/430\/revisions\/5474"}],"up":[{"embeddable":true,"href":"https:\/\/www.xdknitmachinery.com\/es\/wp-json\/wp\/v2\/pages\/180"}],"wp:attachment":[{"href":"https:\/\/www.xdknitmachinery.com\/es\/wp-json\/wp\/v2\/media?parent=430"}],"curies":[{"name":"wp","href":"https:\/\/api.w.org\/{rel}","templated":true}]}}