{"id":222,"date":"2016-10-24T06:57:47","date_gmt":"2016-10-24T06:57:47","guid":{"rendered":"http:\/\/www.xdknitmachinery.com\/?page_id=222"},"modified":"2023-07-31T09:22:02","modified_gmt":"2023-07-31T09:22:02","slug":"single-jersey","status":"publish","type":"page","link":"https:\/\/www.xdknitmachinery.com\/es\/products\/single\/single-jersey\/","title":{"rendered":"M\u00e1quina para hacer punto circular de un solo jersey"},"content":{"rendered":"\n<h1>\n\t\tSingle Jersey Circular Knitting Machine \n\t<\/h1>\n\t<code>[yoast-breadcrumb]<\/code>\n\t\t\t\t<img fetchpriority=\"high\" decoding=\"async\" src=\"https:\/\/www.xdknitmachinery.com\/wp-content\/uploads\/2020\/07\/Single-Jersey-Circular-Knitting-Machine.jpg\" alt=\"Single Jersey Circular Knitting Machine\" itemprop=\"image\" height=\"575\" width=\"550\" title=\"Single Jersey Circular Knitting Machine\">\n<h2>\n\t\tSingle Jersey Circular Knitting Machine\n\t<\/h2>\n\t<p>Designed with the central adjustment system to adjust fabrics in different levels of density easily and conveniently, normally equipped with different gauges of cylinders which is easy to alter and can meet the varying requirements in the knitting market.<\/p>\n\t\t\t<a href=\"http:\/\/www.xdknitmachinery.com\/wp-content\/uploads\/2016\/12\/1-single-jersey-circular-knitting-machine.pdf\" target=\"_blank\" role=\"button\" rel=\"noopener noreferrer\">\n\t\t\t\t\t\tDownload Specifications\n\t\t\t\t\t<\/a>\n\t\t\t<a href=\"\/contact\" target=\"_self\" role=\"button\" rel=\"noopener noreferrer\">\n\t\t\t\t\t\tInquire This Item\n\t\t\t\t\t<\/a>\n\t\t<h3>\t\t\n\t Transfer Capably<\/h3>\t\t\n\t\t\t<p>Flexibly and easily knits different fabrics through replacing some heart parts\uff0chigh investment utilization<\/p>\n\t\t<h3>\t\t\n\tHigh Speed Technology<\/h3>\t\t\n\t\t\t<p>High speed technology to meet your demand on high production and&nbsp;fast return of investment<\/p>\n\t\t<h3>\t\t\n\tCentral Adjustment System<\/h3>\t\t\n\t\t\t<p>Easily adjust fabric density, meet different demands of knitting market<\/p>\n<h2>\n\t\tMain Features\n\t<\/h2>\n\t<p>Adopting the 4 track cams seal design and equipped with knit cams, tuck cams and miss cams. High precision central raising and falling system can adjust the fabric weight conveniently and quickly. <\/p>\n<p>The special design of the feeding yarn carrier makes the option of Lycra more proficient. Featuring  an ergonomic design, the additional middle feeding yarn transfer ring makes it easy for personnel to monitor and carry yarn, without the machine touching the operator\u2019s body; at the same time, the yarn carrying system is freer and steadier, satisfying the demand of machine operating and knitting at high speeds.<\/p>\n\t<img decoding=\"async\" src=\"http:\/\/www.xdknitmachinery.com\/wp-content\/uploads\/2016\/10\/heart.jpg\" alt=\"heart\" width=\"300\" height=\"200\">\n<h3> Flexible for knitting varying fabrics and Multi-functional models.<\/h3>\n<p>A machine with multipurpose functions, by replacing the heart parts, it can easily converted into 3-thread-fleece and terry machine and other machines. <\/p>\n<img decoding=\"async\" src=\"http:\/\/www.xdknitmachinery.com\/wp-content\/uploads\/2016\/10\/sinker-cam.jpg\" alt=\"sinker-cam\" width=\"300\" height=\"200\">\n<h3>From single jersey knitting machine to 3-thread-fleece and terry machine<\/h3>\n<p>By changing a few parts, the machine can be configured to produce various different cloths, such as fiber covered cotton, single pique mesh, single fleece and small stripe cloth.<\/p>\n\t\t\tTechnical Data\t\t\n\t\t\tFabric Sample\t\t\n\t\t\tEquipment\t\t\n\t\t\t\tTechnical Data\n\t\t\t\t<table>\n<tbody>\n<tr>\n<th>Model<\/th>\n<th>Cylinder Diameter<\/th>\n<th>Machine Gauges<\/th>\n<th>No. of Feeders<\/th>\n<th>Speed<\/th>\n<\/tr>\n<tr>\n<td>SJ3<\/td>\n<td>16\u2019\u2019-44\u2019\u2019<\/td>\n<td>16-36G<\/td>\n<td>3 F\/Inch<\/td>\n<td>20-45 RPM<\/td>\n<\/tr>\n<tr>\n<td>SJ4<\/td>\n<td>26\u2019\u2019-44\u2019\u2019<\/td>\n<td>18-30G<\/td>\n<td>4 F\/Inch<\/td>\n<td>20-30 RPM<\/td>\n<\/tr>\n<tr>\n<td>SJ6<\/td>\n<td>26\u2019\u2019-44\u2019\u2019<\/td>\n<td>20-30G<\/td>\n<td>6 F\/Inch<\/td>\n<td>20-25 RPM<\/td>\n<\/tr>\n<\/tbody>\n<\/table>\n\t\t\t\tFabric Sample\n\t\t\t\tApplication Area: Vest, T-shirt, Polo shirts, functional sportswear and underwear or seamless clothes(small size).<br>\n<img loading=\"lazy\" decoding=\"async\" src=\"http:\/\/www.xdknitmachinery.com\/wp-content\/uploads\/2016\/10\/single-fabric.jpg\" alt=\"single-fabric\" width=\"300\" height=\"200\"><img loading=\"lazy\" decoding=\"async\" src=\"http:\/\/www.xdknitmachinery.com\/wp-content\/uploads\/2016\/10\/single-sample.jpg\" alt=\"single-sample\" width=\"300\" height=\"200\">\n<p>We know you have it in you: the passion for knitting lovely fabrics and an invariant taste for fashion clothing. Do you want to take it on to the next level by making your own line of single weft knit fabrics (in fast production rates while maintaining quality)?<\/p>\n<p>You are in for a treat with our Single Jersey Circular Knitting Machine for fabricating single fabric in an intricate knitting manner, specifically manufactured for innovative textile and apparel industries. What\u2019s more is you get to enjoy our China-quoted, affordable price for this special fabric equipment.<\/p>\n<p>Experience hassle-free operation with its central stitch adjustment system. You can easily and conveniently adjust the fabric in different levels of fabric density. We have equipped our Single Jersey Knitting Machine with different gauges of cylinders that requires less power for excellence in fabric-making efficiency.<\/p>\n<ul>\n<li>Most Popular model, capable of knitting various kinds of single jersey fabrics.<\/li>\n<li>High-volume production on the knitting market.<\/li>\n<li>Strong inter-convertibility. Conversion kits allow for single jersey, terry and fleece machine changes.<\/li>\n<\/ul>\n<p><strong>Application Area:<\/strong> Vest, T-shirts, Polo shirts, functional sportswear and underwear or seamless clothes(small size).<\/p>\n<p><strong>Applicable Yarn Materials:<\/strong> cotton, synthetic fiber, silk, artificial wool, mesh or elastic cloth.<\/p>\n\t\t\t\tEquipment\n\t\t\t\t<table>\n<tbody>\n<tr>\n<th>Equipment<\/th>\n<th>STANDARD<\/th>\n<th>OPTION A<\/th>\n<th>OPTION B<\/th>\n<\/tr>\n<tr>\n<td>Needle<\/td>\n<td>Groz Beckert, Germany<\/td>\n<td>Samsung, Korea<\/td>\n<td>Yantex, Korea<\/td>\n<\/tr>\n<tr>\n<td>Sinker (For single knit)<\/td>\n<td>Kern Libbers, Germany<\/td>\n<td>Samsung, Korea<\/td>\n<td>Yantex, Korea<\/td>\n<\/tr>\n<tr>\n<td>High Rigidity Special Design Robust Frame<\/td>\n<td>SINTELLI<\/td>\n<td>\/<\/td>\n<td>\/<\/td>\n<\/tr>\n<tr>\n<td>Zirconia Yarn Guide<\/td>\n<td>SINTELLI<\/td>\n<td>\/<\/td>\n<td>\/<\/td>\n<\/tr>\n<tr>\n<td>Yarn Feeder<\/td>\n<td>SUN Feeder (B19)<\/td>\n<td>SUN Feeder (B23K)<\/td>\n<td>Global OR Memminger<\/td>\n<\/tr>\n<tr>\n<td>Automatic oil Lubricator<\/td>\n<td>Shengsong, Taiwan<\/td>\n<td>Taiguan, Taiwan<\/td>\n<td>Can be customized<\/td>\n<\/tr>\n<tr>\n<td>Tube Creel<\/td>\n<td>Triangle Creel<\/td>\n<td>Creel with tube<\/td>\n<td>\/<\/td>\n<\/tr>\n<tr>\n<td>4 PCS Teeth Belt<\/td>\n<td>MEGADYNE<\/td>\n<td>\/<\/td>\n<td>\/<\/td>\n<\/tr>\n<tr>\n<td>Micro-computer control panel (3-shift counter and 4 digital RPM counter)<\/td>\n<td>SINTELLI<\/td>\n<td>Can be customized<\/td>\n<td>\/<\/td>\n<\/tr>\n<tr>\n<td>Air System<\/td>\n<td>Taiguan, Taiwan<\/td>\n<td>Shengsong, Taiwan<\/td>\n<td>Taishan<\/td>\n<\/tr>\n<tr>\n<td>Inverter<\/td>\n<td>TOSHIBA, Japan<\/td>\n<td>Delta, Taiwan<\/td>\n<td>Yolico, Japan<\/td>\n<\/tr>\n<tr>\n<td>Motor<\/td>\n<td>Teco, Taiwan<\/td>\n<td>Sintelli<\/td>\n<td>Delta, Taiwan<\/td>\n<\/tr>\n<tr>\n<td>Take Down System<\/td>\n<td>Fabric open take-down system<\/td>\n<td>Sintelli Folding &amp; Rolling take-down system<\/td>\n<td>\/<\/td>\n<\/tr>\n<tr>\n<td>Cylinder<\/td>\n<td>SINTELLI Japanese High Precision Alloy Steel material<\/td>\n<td>\/<\/td>\n<td>\/<\/td>\n<\/tr>\n<tr>\n<td>Machine CAM setting<\/td>\n<td>Single Jersey: 4 tracks Double Jersey: Dial 2 tracks, cylinder 4 tracks<\/td>\n<td>Exchange cam parts for structions<\/td>\n<td>\/<\/td>\n<\/tr>\n<tr>\n<td>Lycra feeder<\/td>\n<td>SUN WAL5-4A\/B<\/td>\n<td>SUN WAL2-4A\/B<\/td>\n<td>Memminger<\/td>\n<\/tr>\n<\/tbody>\n<\/table>\n<h3>Benefits:<\/h3>\n<p><strong>High Transfer Capability<\/strong><\/p>\n<p>Flexible and easily knits different fabrics. Heart\/Core parts can be easily switched and replaced, ensuring complete utilization in many years before wear.<\/p>\n<p><strong>High-Speed Technology<\/strong><\/p>\n<p>Everything is highly digitized. Also, quality and quantity are both met with this high speed technology meeting your demand with capabilities of high production rates in hand with its quality knitting. Quicker return of investment is met in a shorter lead time.<\/p>\n<p><strong>Central Stitch Adjustment System<\/strong><\/p>\n<p>Easily adjust fabric density (GSM), meeting different demands of knitting market.<\/p>\n<p><strong>Power Saving Lube Oil System<\/strong><\/p>\n<p>Adapts an oil bath to lubricate the wire race bearing thus running the machine smoothly while saving power and energy.<\/p>\n\t<p>The <strong>Single Jersey Circular Knitting Machine<\/strong> parts perform dedicated, human hand-like knitting which adopts a 4-track cam seal design. A set of latch needles, cylinder and sinker ring all revolve along the stationary knitting cam systems.<\/p>\n<p>The machine is equipped with knit cams, tuck cams and miss cams that variably controls the height of the needles and individual needle selection. High precision central raising and falling system can adjust the fabric weight conveniently and quickly.<\/p>\n<p><strong>Premium Quality Lycra can be made (For Spandex Manufacturing)<\/strong><\/p>\n<p>With our special design of the feeding yarn carrier, Lycra can be made as soft, elastic, flexible and more proficient than ever.<\/p>\n<p>Featuring an ergonomic design, the additional middle feeding yarn transfer ring makes it easy for personnel to monitor and carry yarn, without the machine touching the operator\u2019s body; at the same time, the yarn carrying system is freer and steadier, satisfying the demand of machine operating and knitting at high speeds.<\/p>\n<p><strong>Flexible for Knitting Varying Fabrics and Multi-functional Models<\/strong><\/p>\n<p>This conventional single jersey circular knitting machine can perform multi-purpose functions by just replacing the heart parts. Easy conversion into 3-thread-fleece and terry machine and other machines can be performed.<\/p>\n","protected":false},"excerpt":{"rendered":"","protected":false},"author":3,"featured_media":0,"parent":178,"menu_order":0,"comment_status":"closed","ping_status":"closed","template":"page-templates\/single-jersey.php","meta":{"footnotes":""},"class_list":["post-222","page","type-page","status-publish","hentry"],"acf":[],"yoast_head":"<!-- This site is optimized with the Yoast SEO plugin v27.3 - https:\/\/yoast.com\/product\/yoast-seo-wordpress\/ -->\n<title>Single Jersey Circular Knitting Machine | Sintelli<\/title>\n<meta name=\"description\" content=\"Most Popular model, capable of knitting various kinds of single jersey fabrics, high-volume production. Check Details.\" \/>\n<meta name=\"robots\" content=\"index, follow, max-snippet:-1, max-image-preview:large, max-video-preview:-1\" \/>\n<link rel=\"canonical\" href=\"https:\/\/xd.demo.somue.com\/products\/single\/single-jersey\/\" \/>\n<meta property=\"og:locale\" content=\"es_ES\" \/>\n<meta property=\"og:type\" content=\"article\" \/>\n<meta property=\"og:title\" content=\"Single Jersey Circular Knitting Machine | Sintelli\" \/>\n<meta property=\"og:description\" content=\"Most Popular model, capable of knitting various kinds of single jersey fabrics, high-volume production. Check Details.\" \/>\n<meta property=\"og:url\" content=\"https:\/\/xd.demo.somue.com\/products\/single\/single-jersey\/\" \/>\n<meta property=\"article:modified_time\" content=\"2023-07-31T09:22:02+00:00\" \/>\n<meta property=\"og:image\" content=\"https:\/\/www.xdknitmachinery.com\/wp-content\/uploads\/2020\/07\/Single-Jersey-Circular-Knitting-Machine.jpg\" \/>\n<meta name=\"twitter:card\" content=\"summary_large_image\" \/>\n<meta name=\"twitter:label1\" content=\"Tiempo de lectura\" \/>\n\t<meta name=\"twitter:data1\" content=\"6 minutos\" \/>\n<script type=\"application\/ld+json\" class=\"yoast-schema-graph\">{\"@context\":\"https:\\\/\\\/schema.org\",\"@graph\":[{\"@type\":\"WebPage\",\"@id\":\"https:\\\/\\\/xd.demo.somue.com\\\/products\\\/single\\\/single-jersey\\\/\",\"url\":\"https:\\\/\\\/xd.demo.somue.com\\\/products\\\/single\\\/single-jersey\\\/\",\"name\":\"Single Jersey Circular Knitting Machine | Sintelli\",\"isPartOf\":{\"@id\":\"https:\\\/\\\/xd.demo.somue.com\\\/#website\"},\"primaryImageOfPage\":{\"@id\":\"https:\\\/\\\/xd.demo.somue.com\\\/products\\\/single\\\/single-jersey\\\/#primaryimage\"},\"image\":{\"@id\":\"https:\\\/\\\/xd.demo.somue.com\\\/products\\\/single\\\/single-jersey\\\/#primaryimage\"},\"thumbnailUrl\":\"https:\\\/\\\/www.xdknitmachinery.com\\\/wp-content\\\/uploads\\\/2020\\\/07\\\/Single-Jersey-Circular-Knitting-Machine.jpg\",\"datePublished\":\"2016-10-24T06:57:47+00:00\",\"dateModified\":\"2023-07-31T09:22:02+00:00\",\"description\":\"Most Popular model, capable of knitting various kinds of single jersey fabrics, high-volume production. Check Details.\",\"breadcrumb\":{\"@id\":\"https:\\\/\\\/xd.demo.somue.com\\\/products\\\/single\\\/single-jersey\\\/#breadcrumb\"},\"inLanguage\":\"es\",\"potentialAction\":[{\"@type\":\"ReadAction\",\"target\":[\"https:\\\/\\\/xd.demo.somue.com\\\/products\\\/single\\\/single-jersey\\\/\"]}]},{\"@type\":\"ImageObject\",\"inLanguage\":\"es\",\"@id\":\"https:\\\/\\\/xd.demo.somue.com\\\/products\\\/single\\\/single-jersey\\\/#primaryimage\",\"url\":\"https:\\\/\\\/www.xdknitmachinery.com\\\/wp-content\\\/uploads\\\/2020\\\/07\\\/Single-Jersey-Circular-Knitting-Machine.jpg\",\"contentUrl\":\"https:\\\/\\\/www.xdknitmachinery.com\\\/wp-content\\\/uploads\\\/2020\\\/07\\\/Single-Jersey-Circular-Knitting-Machine.jpg\"},{\"@type\":\"BreadcrumbList\",\"@id\":\"https:\\\/\\\/xd.demo.somue.com\\\/products\\\/single\\\/single-jersey\\\/#breadcrumb\",\"itemListElement\":[{\"@type\":\"ListItem\",\"position\":1,\"name\":\"Home\",\"item\":\"https:\\\/\\\/xd.demo.somue.com\\\/\"},{\"@type\":\"ListItem\",\"position\":2,\"name\":\"Products\",\"item\":\"https:\\\/\\\/xd.demo.somue.com\\\/products\\\/\"},{\"@type\":\"ListItem\",\"position\":3,\"name\":\"Single Knit Series\",\"item\":\"https:\\\/\\\/xd.demo.somue.com\\\/products\\\/single\\\/\"},{\"@type\":\"ListItem\",\"position\":4,\"name\":\"Single Jersey Circular Knitting Machine\"}]},{\"@type\":\"WebSite\",\"@id\":\"https:\\\/\\\/xd.demo.somue.com\\\/#website\",\"url\":\"https:\\\/\\\/xd.demo.somue.com\\\/\",\"name\":\"\",\"description\":\"\",\"potentialAction\":[{\"@type\":\"SearchAction\",\"target\":{\"@type\":\"EntryPoint\",\"urlTemplate\":\"https:\\\/\\\/xd.demo.somue.com\\\/?s={search_term_string}\"},\"query-input\":{\"@type\":\"PropertyValueSpecification\",\"valueRequired\":true,\"valueName\":\"search_term_string\"}}],\"inLanguage\":\"es\"}]}<\/script>\n<!-- \/ Yoast SEO plugin. -->","yoast_head_json":{"title":"M\u00e1quina para hacer punto circular de una sola camiseta | Sintelli","description":"Modelo m\u00e1s popular, capaz de tejer varios tipos de tejidos de un solo jersey, producci\u00f3n de gran volumen. Ver detalles.","robots":{"index":"index","follow":"follow","max-snippet":"max-snippet:-1","max-image-preview":"max-image-preview:large","max-video-preview":"max-video-preview:-1"},"canonical":"https:\/\/xd.demo.somue.com\/products\/single\/single-jersey\/","og_locale":"es_ES","og_type":"article","og_title":"Single Jersey Circular Knitting Machine | Sintelli","og_description":"Most Popular model, capable of knitting various kinds of single jersey fabrics, high-volume production. Check Details.","og_url":"https:\/\/xd.demo.somue.com\/products\/single\/single-jersey\/","article_modified_time":"2023-07-31T09:22:02+00:00","og_image":[{"url":"https:\/\/www.xdknitmachinery.com\/wp-content\/uploads\/2020\/07\/Single-Jersey-Circular-Knitting-Machine.jpg","type":"","width":"","height":""}],"twitter_card":"summary_large_image","twitter_misc":{"Tiempo de lectura":"6 minutos"},"schema":{"@context":"https:\/\/schema.org","@graph":[{"@type":"WebPage","@id":"https:\/\/xd.demo.somue.com\/products\/single\/single-jersey\/","url":"https:\/\/xd.demo.somue.com\/products\/single\/single-jersey\/","name":"M\u00e1quina para hacer punto circular de una sola camiseta | Sintelli","isPartOf":{"@id":"https:\/\/xd.demo.somue.com\/#website"},"primaryImageOfPage":{"@id":"https:\/\/xd.demo.somue.com\/products\/single\/single-jersey\/#primaryimage"},"image":{"@id":"https:\/\/xd.demo.somue.com\/products\/single\/single-jersey\/#primaryimage"},"thumbnailUrl":"https:\/\/www.xdknitmachinery.com\/wp-content\/uploads\/2020\/07\/Single-Jersey-Circular-Knitting-Machine.jpg","datePublished":"2016-10-24T06:57:47+00:00","dateModified":"2023-07-31T09:22:02+00:00","description":"Modelo m\u00e1s popular, capaz de tejer varios tipos de tejidos de un solo jersey, producci\u00f3n de gran volumen. Ver detalles.","breadcrumb":{"@id":"https:\/\/xd.demo.somue.com\/products\/single\/single-jersey\/#breadcrumb"},"inLanguage":"es","potentialAction":[{"@type":"ReadAction","target":["https:\/\/xd.demo.somue.com\/products\/single\/single-jersey\/"]}]},{"@type":"ImageObject","inLanguage":"es","@id":"https:\/\/xd.demo.somue.com\/products\/single\/single-jersey\/#primaryimage","url":"https:\/\/www.xdknitmachinery.com\/wp-content\/uploads\/2020\/07\/Single-Jersey-Circular-Knitting-Machine.jpg","contentUrl":"https:\/\/www.xdknitmachinery.com\/wp-content\/uploads\/2020\/07\/Single-Jersey-Circular-Knitting-Machine.jpg"},{"@type":"BreadcrumbList","@id":"https:\/\/xd.demo.somue.com\/products\/single\/single-jersey\/#breadcrumb","itemListElement":[{"@type":"ListItem","position":1,"name":"Home","item":"https:\/\/xd.demo.somue.com\/"},{"@type":"ListItem","position":2,"name":"Products","item":"https:\/\/xd.demo.somue.com\/products\/"},{"@type":"ListItem","position":3,"name":"Single Knit Series","item":"https:\/\/xd.demo.somue.com\/products\/single\/"},{"@type":"ListItem","position":4,"name":"Single Jersey Circular Knitting Machine"}]},{"@type":"WebSite","@id":"https:\/\/xd.demo.somue.com\/#website","url":"https:\/\/xd.demo.somue.com\/","name":"","description":"","potentialAction":[{"@type":"SearchAction","target":{"@type":"EntryPoint","urlTemplate":"https:\/\/xd.demo.somue.com\/?s={search_term_string}"},"query-input":{"@type":"PropertyValueSpecification","valueRequired":true,"valueName":"search_term_string"}}],"inLanguage":"es"}]}},"_links":{"self":[{"href":"https:\/\/www.xdknitmachinery.com\/es\/wp-json\/wp\/v2\/pages\/222","targetHints":{"allow":["GET"]}}],"collection":[{"href":"https:\/\/www.xdknitmachinery.com\/es\/wp-json\/wp\/v2\/pages"}],"about":[{"href":"https:\/\/www.xdknitmachinery.com\/es\/wp-json\/wp\/v2\/types\/page"}],"author":[{"embeddable":true,"href":"https:\/\/www.xdknitmachinery.com\/es\/wp-json\/wp\/v2\/users\/3"}],"replies":[{"embeddable":true,"href":"https:\/\/www.xdknitmachinery.com\/es\/wp-json\/wp\/v2\/comments?post=222"}],"version-history":[{"count":2,"href":"https:\/\/www.xdknitmachinery.com\/es\/wp-json\/wp\/v2\/pages\/222\/revisions"}],"predecessor-version":[{"id":5468,"href":"https:\/\/www.xdknitmachinery.com\/es\/wp-json\/wp\/v2\/pages\/222\/revisions\/5468"}],"up":[{"embeddable":true,"href":"https:\/\/www.xdknitmachinery.com\/es\/wp-json\/wp\/v2\/pages\/178"}],"wp:attachment":[{"href":"https:\/\/www.xdknitmachinery.com\/es\/wp-json\/wp\/v2\/media?parent=222"}],"curies":[{"name":"wp","href":"https:\/\/api.w.org\/{rel}","templated":true}]}}