{"id":180,"date":"2016-10-20T08:11:56","date_gmt":"2016-10-20T08:11:56","guid":{"rendered":"http:\/\/www.xdknitmachinery.com\/?page_id=180"},"modified":"2025-02-19T10:33:04","modified_gmt":"2025-02-19T10:33:04","slug":"double","status":"publish","type":"page","link":"https:\/\/www.xdknitmachinery.com\/es\/products\/double\/","title":{"rendered":"Serie de punto doble"},"content":{"rendered":"<section class=\"uk-section  uk-section-default uk-light\" style=\"background-image:url(https:\/\/www.xdknitmachinery.com\/wp-content\/uploads\/2025\/02\/banner1920X300px2.jpg)\">\n    <div class=\"uk-container\">\n        \r\n<div class=\"uk-custom-columns  uk-text-center\" uk-grid>\n\r\n<div class=\"uk-width-1-1@m\">\n    \r\n\r\n<h2 class=\"wp-block-heading\">Serie de punto doble<\/h2>\r\n\r\n\r\n\r\n<span><span><a href=\"https:\/\/xd.demo.somue.com\/\">Home<\/a><\/span><\/span>\r\n\r\n\n<\/div>\n\r\n\n<\/div>\n\r\n\n    <\/div>\n<\/section>\r\n\r\n<section class=\"uk-section  uk-section-default\" style=\"background-image:url()\">\n    <div class=\"uk-container\">\n        \r\n<div class=\"uk-custom-columns uk-grid- uk-text-\" uk-grid>\n\r\n<div class=\"uk-width-1-3@m\">\n    \r\n\r\n<figure class=\"wp-block-image size-full\"><img fetchpriority=\"high\" decoding=\"async\" width=\"550\" height=\"575\" src=\"https:\/\/www.xdknitmachinery.com\/wp-content\/uploads\/2023\/08\/Body-Size-Double-Jersey-Circular-Knitting-Machine.jpg\" alt=\"Body Size Double Jersey Circular Knitting Machine\" class=\"wp-image-5549\" srcset=\"https:\/\/www.xdknitmachinery.com\/wp-content\/uploads\/2023\/08\/Body-Size-Double-Jersey-Circular-Knitting-Machine.jpg 550w, https:\/\/www.xdknitmachinery.com\/wp-content\/uploads\/2023\/08\/Body-Size-Double-Jersey-Circular-Knitting-Machine-287x300.jpg 287w\" sizes=\"(max-width: 550px) 100vw, 550px\" \/><\/figure>\r\n\r\n\n<\/div>\n\r\n\r\n<div class=\"uk-width-2-3@m\">\n    \r\n\r\n<h2 class=\"wp-block-heading\">M\u00e1quina para hacer punto circular de interbloqueo de doble jersey<\/h2>\r\n\r\n\r\n<style>\n\n    \n        hr:after{border-top:2px solid #ffa500!important;}\n\n    <\/style>\n\n<hr class=\"uk-divider-small\">\r\n\r\n\r\n<p>Los componentes principales est\u00e1n dise\u00f1ados mediante un sistema CAD y mecanizados mediante CNC para mejorar la precisi\u00f3n del equipo. Utiliza un lubricador de aceite autom\u00e1tico para lubricar el cilindro y las agujas respectivamente, lo que evita que las agujas se da\u00f1en f\u00e1cilmente.<\/p>\r\n\r\n\r\n\n\r\n<div class=\"uk-grid-small uk-child-width-expand uk-flex-middle\" uk-grid>\n\n    <div class=\"uk-width-auto\"><span class=\"uk-icon\" uk-icon=\"icon:check;ratio:1\"><\/span><\/div>\n\n    <div>\r\n\r\n<p>Alto productivo. Cada modelo puede equiparse con alimentador de Lycra opcionalmente.<\/p>\r\n\r\n<\/div>\n\n<\/div>\r\n\r\n<div class=\"uk-grid-small uk-child-width-expand uk-flex-middle\" uk-grid>\n\n    <div class=\"uk-width-auto\"><span class=\"uk-icon\" uk-icon=\"icon:check;ratio:1\"><\/span><\/div>\n\n    <div>\r\n\r\n<p>Fuerte interconvertibilidad. Los kits de conversi\u00f3n permiten cambiar las nervaduras y el enclavamiento<\/p>\r\n\r\n<\/div>\n\n<\/div>\r\n\r\n<div class=\"uk-grid-small uk-child-width-expand uk-flex-middle\" uk-grid>\n\n    <div class=\"uk-width-auto\"><span class=\"uk-icon\" uk-icon=\"icon:check;ratio:1\"><\/span><\/div>\n\n    <div>\r\n\r\n<p>Datos tecnol\u00f3gicos: 16''-40'', 10G-36G, 32F-96F<\/p>\r\n\r\n<\/div>\n\n<\/div>\r\n\r\n\r\n<a href=\"\/es\/products\/double\/interlock\/\" class=\"uk-button uk-button-primary  uk-border-default  uk-margin-top\">Ver m\u00e1s<\/a>\r\n\n<\/div>\n\r\n\n<\/div>\n\r\n\n    <\/div>\n<\/section>\r\n\r\n<section class=\"uk-section  uk-section-muted\" style=\"background-image:url()\">\n    <div class=\"uk-container\">\n        \r\n<div class=\"uk-custom-columns uk-grid- uk-text-\" uk-grid>\n\r\n<div class=\"uk-width-1-3@m\">\n    \r\n\r\n<figure class=\"wp-block-image size-full\"><img decoding=\"async\" width=\"550\" height=\"575\" src=\"https:\/\/www.xdknitmachinery.com\/wp-content\/uploads\/2023\/08\/rib-circular-knitting-machine.jpg\" alt=\"rib circular knitting machine\" class=\"wp-image-5551\" srcset=\"https:\/\/www.xdknitmachinery.com\/wp-content\/uploads\/2023\/08\/rib-circular-knitting-machine.jpg 550w, https:\/\/www.xdknitmachinery.com\/wp-content\/uploads\/2023\/08\/rib-circular-knitting-machine-287x300.jpg 287w\" sizes=\"(max-width: 550px) 100vw, 550px\" \/><\/figure>\r\n\r\n\n<\/div>\n\r\n\r\n<div class=\"uk-width-2-3@m  uk-flex-first@l\">\n    \r\n\r\n<h2 class=\"wp-block-heading\">M\u00e1quina para hacer punto circular de costillas<\/h2>\r\n\r\n\r\n<style>\n\n    \n        hr:after{border-top:2px solid #ffa500!important;}\n\n    <\/style>\n\n<hr class=\"uk-divider-small\">\r\n\r\n\r\n<p>Ampliamente utilizado en la producci\u00f3n de gran volumen de telas para ropa interior suaves y c\u00f3modas.<\/p>\r\n\r\n\r\n\n\r\n<div class=\"uk-grid-small uk-child-width-expand uk-flex-middle\" uk-grid>\n\n    <div class=\"uk-width-auto\"><span class=\"uk-icon\" uk-icon=\"icon:check;ratio:1\"><\/span><\/div>\n\n    <div>\r\n\r\n<p>Modelo m\u00e1s popular, capaz de tejer varios tipos de telas de jersey doble.<\/p>\r\n\r\n<\/div>\n\n<\/div>\r\n\r\n<div class=\"uk-grid-small uk-child-width-expand uk-flex-middle\" uk-grid>\n\n    <div class=\"uk-width-auto\"><span class=\"uk-icon\" uk-icon=\"icon:check;ratio:1\"><\/span><\/div>\n\n    <div>\r\n\r\n<p>Dise\u00f1o intercambiable para entrelazar la m\u00e1quina de tejer.<\/p>\r\n\r\n<\/div>\n\n<\/div>\r\n\r\n<div class=\"uk-grid-small uk-child-width-expand uk-flex-middle\" uk-grid>\n\n    <div class=\"uk-width-auto\"><span class=\"uk-icon\" uk-icon=\"icon:check;ratio:1\"><\/span><\/div>\n\n    <div>\r\n\r\n<p>Datos tecnol\u00f3gicos: 30\u2019\u2019-38\u2019\u2019, 10G-22G, 52F-72F<\/p>\r\n\r\n<\/div>\n\n<\/div>\r\n\r\n\r\n<a href=\"\/es\/products\/double\/rib\/\" class=\"uk-button uk-button-primary  uk-border-default  uk-margin-top\">Ver m\u00e1s<\/a>\r\n\n<\/div>\n\r\n\n<\/div>\n\r\n\n    <\/div>\n<\/section>\r\n\r\n<section class=\"uk-section  uk-section-default\" style=\"background-image:url()\">\n    <div class=\"uk-container\">\n        \r\n<div class=\"uk-custom-columns uk-grid- uk-text-\" uk-grid>\n\r\n<div class=\"uk-width-1-3@m\">\n    \r\n\r\n<figure class=\"wp-block-image size-full\"><img decoding=\"async\" width=\"550\" height=\"575\" src=\"https:\/\/www.xdknitmachinery.com\/wp-content\/uploads\/2023\/08\/Double-Jersey-Open-Width-Circular-Knitting-Machine.jpg\" alt=\"Double Jersey Open Width Circular Knitting Machine\" class=\"wp-image-5550\" srcset=\"https:\/\/www.xdknitmachinery.com\/wp-content\/uploads\/2023\/08\/Double-Jersey-Open-Width-Circular-Knitting-Machine.jpg 550w, https:\/\/www.xdknitmachinery.com\/wp-content\/uploads\/2023\/08\/Double-Jersey-Open-Width-Circular-Knitting-Machine-287x300.jpg 287w\" sizes=\"(max-width: 550px) 100vw, 550px\" \/><\/figure>\r\n\r\n\n<\/div>\n\r\n\r\n<div class=\"uk-width-2-3@m\">\n    \r\n\r\n<h2 class=\"wp-block-heading\">M\u00e1quina para hacer punto circular de doble jersey de tama\u00f1o corporal<\/h2>\r\n\r\n\r\n<style>\n\n    \n        hr:after{border-top:2px solid #ffa500!important;}\n\n    <\/style>\n\n<hr class=\"uk-divider-small\">\r\n\r\n\r\n<p>Nuevo tipo desarrollado para hacer frente a los diferentes cambios en el mercado. Esta m\u00e1quina de tejer de di\u00e1metro peque\u00f1o puede producir camisas, ropa interior, trajes de ba\u00f1o y m\u00e1s sin costuras.<\/p>\r\n\r\n\r\n\n\r\n<div class=\"uk-grid-small uk-child-width-expand uk-flex-middle\" uk-grid>\n\n    <div class=\"uk-width-auto\"><span class=\"uk-icon\" uk-icon=\"icon:check;ratio:1\"><\/span><\/div>\n\n    <div>\r\n\r\n<p>Tama\u00f1o mini de alta velocidad para satisfacer la demanda del mercado<\/p>\r\n\r\n<\/div>\n\n<\/div>\r\n\r\n<div class=\"uk-grid-small uk-child-width-expand uk-flex-middle\" uk-grid>\n\n    <div class=\"uk-width-auto\"><span class=\"uk-icon\" uk-icon=\"icon:check;ratio:1\"><\/span><\/div>\n\n    <div>\r\n\r\n<p>Capaz de producir cualquier prenda de punto sin costuras.<\/p>\r\n\r\n<\/div>\n\n<\/div>\r\n\r\n<div class=\"uk-grid-small uk-child-width-expand uk-flex-middle\" uk-grid>\n\n    <div class=\"uk-width-auto\"><span class=\"uk-icon\" uk-icon=\"icon:check;ratio:1\"><\/span><\/div>\n\n    <div>\r\n\r\n<p>Datos tecnol\u00f3gicos: 12\u2019\u2019-28\u2019\u2019, 16-28G, 24-56F<\/p>\r\n\r\n<\/div>\n\n<\/div>\r\n\r\n\r\n<a href=\"\/es\/products\/double\/body-size\/\" class=\"uk-button uk-button-primary  uk-border-default  uk-margin-top\">Ver m\u00e1s<\/a>\r\n\n<\/div>\n\r\n\n<\/div>\n\r\n\n    <\/div>\n<\/section>\r\n\r\n<section class=\"uk-section  uk-section-muted\" style=\"background-image:url()\">\n    <div class=\"uk-container\">\n        \r\n<div class=\"uk-custom-columns uk-grid- uk-text-\" uk-grid>\n\r\n<div class=\"uk-width-1-3@m\">\n    \r\n\r\n<figure class=\"wp-block-image size-full\"><img loading=\"lazy\" decoding=\"async\" width=\"550\" height=\"575\" src=\"https:\/\/www.xdknitmachinery.com\/wp-content\/uploads\/2020\/07\/Double-JerseyInterlock-Circular-Knitting-Machine.jpg\" alt=\"Double Jersey Interlock Circular Knitting Machine\" class=\"wp-image-3333\" srcset=\"https:\/\/www.xdknitmachinery.com\/wp-content\/uploads\/2020\/07\/Double-JerseyInterlock-Circular-Knitting-Machine.jpg 550w, https:\/\/www.xdknitmachinery.com\/wp-content\/uploads\/2020\/07\/Double-JerseyInterlock-Circular-Knitting-Machine-287x300.jpg 287w\" sizes=\"(max-width: 550px) 100vw, 550px\" \/><\/figure>\r\n\r\n\n<\/div>\n\r\n\r\n<div class=\"uk-width-2-3@m uk-flex-first@l\">\n    \r\n\r\n<h2 class=\"wp-block-heading\">M\u00e1quina para hacer punto circular de ancho abierto de doble jersey<\/h2>\r\n\r\n\r\n<style>\n\n    \n        hr:after{border-top:2px solid #ffa500!important;}\n\n    <\/style>\n\n<hr class=\"uk-divider-small\">\r\n\r\n\r\n<p>Siguiendo el dise\u00f1o del engranaje sin desplegar la tela, permite enrollarla f\u00e1cilmente. Su dispositivo de parada de seguridad funciona cuando la tela no est\u00e1 cortada completamente.<\/p>\r\n\r\n\r\n\n\r\n<div class=\"uk-grid-small uk-child-width-expand uk-flex-middle\" uk-grid>\n\n    <div class=\"uk-width-auto\"><span class=\"uk-icon\" uk-icon=\"icon:check;ratio:1\"><\/span><\/div>\n\n    <div>\r\n\r\n<p>Calidad de tejido de primera clase sin ning\u00fan pliegue central en toda la superficie del tejido.<\/p>\r\n\r\n<\/div>\n\n<\/div>\r\n\r\n<div class=\"uk-grid-small uk-child-width-expand uk-flex-middle\" uk-grid>\n\n    <div class=\"uk-width-auto\"><span class=\"uk-icon\" uk-icon=\"icon:check;ratio:1\"><\/span><\/div>\n\n    <div>\r\n\r\n<p>Menos desperdicio al procesar telas<\/p>\r\n\r\n<\/div>\n\n<\/div>\r\n\r\n<div class=\"uk-grid-small uk-child-width-expand uk-flex-middle\" uk-grid>\n\n    <div class=\"uk-width-auto\"><span class=\"uk-icon\" uk-icon=\"icon:check;ratio:1\"><\/span><\/div>\n\n    <div>\r\n\r\n<p>Datos tecnol\u00f3gicos: 16''-44'', 10G-36G, 32F-96F<\/p>\r\n\r\n<\/div>\n\n<\/div>\r\n\r\n\r\n<a href=\"\/es\/products\/double\/open-width\/\" class=\"uk-button uk-button-primary  uk-border-default  uk-margin-top\">Ver m\u00e1s<\/a>\r\n\n<\/div>\n\r\n\n<\/div>\n\r\n\n    <\/div>\n<\/section>","protected":false},"excerpt":{"rendered":"","protected":false},"author":3,"featured_media":0,"parent":11,"menu_order":0,"comment_status":"closed","ping_status":"closed","template":"page-templates\/prodcuts-double.php","meta":{"footnotes":""},"class_list":["post-180","page","type-page","status-publish","hentry"],"acf":[],"yoast_head":"<!-- This site is optimized with the Yoast SEO plugin v27.3 - https:\/\/yoast.com\/product\/yoast-seo-wordpress\/ -->\n<title>Double Jersey Circular Knitting Machine | Sintelli<\/title>\n<meta name=\"description\" content=\"Double Circular Knitting Machine Series including interlock \u00b7 Rib \u00b7 Body Size \u00b7 Open Width, Check Details\" \/>\n<meta name=\"robots\" content=\"index, follow, max-snippet:-1, max-image-preview:large, max-video-preview:-1\" \/>\n<link rel=\"canonical\" href=\"https:\/\/xd.demo.somue.com\/products\/double\/\" \/>\n<meta property=\"og:locale\" content=\"es_ES\" \/>\n<meta property=\"og:type\" content=\"article\" \/>\n<meta property=\"og:title\" content=\"Double Jersey Circular Knitting Machine | Sintelli\" \/>\n<meta property=\"og:description\" content=\"Double Circular Knitting Machine Series including interlock \u00b7 Rib \u00b7 Body Size \u00b7 Open Width, Check Details\" \/>\n<meta property=\"og:url\" content=\"https:\/\/xd.demo.somue.com\/products\/double\/\" \/>\n<meta property=\"article:modified_time\" content=\"2025-02-19T10:33:04+00:00\" \/>\n<meta property=\"og:image\" content=\"https:\/\/www.xdknitmachinery.com\/wp-content\/uploads\/2023\/08\/Body-Size-Double-Jersey-Circular-Knitting-Machine.jpg\" \/>\n<meta name=\"twitter:card\" content=\"summary_large_image\" \/>\n<meta name=\"twitter:label1\" content=\"Tiempo de lectura\" \/>\n\t<meta name=\"twitter:data1\" content=\"2 minutos\" \/>\n<script type=\"application\/ld+json\" class=\"yoast-schema-graph\">{\"@context\":\"https:\\\/\\\/schema.org\",\"@graph\":[{\"@type\":\"WebPage\",\"@id\":\"https:\\\/\\\/xd.demo.somue.com\\\/products\\\/double\\\/\",\"url\":\"https:\\\/\\\/xd.demo.somue.com\\\/products\\\/double\\\/\",\"name\":\"Double Jersey Circular Knitting Machine | Sintelli\",\"isPartOf\":{\"@id\":\"https:\\\/\\\/xd.demo.somue.com\\\/#website\"},\"primaryImageOfPage\":{\"@id\":\"https:\\\/\\\/xd.demo.somue.com\\\/products\\\/double\\\/#primaryimage\"},\"image\":{\"@id\":\"https:\\\/\\\/xd.demo.somue.com\\\/products\\\/double\\\/#primaryimage\"},\"thumbnailUrl\":\"https:\\\/\\\/www.xdknitmachinery.com\\\/wp-content\\\/uploads\\\/2023\\\/08\\\/Body-Size-Double-Jersey-Circular-Knitting-Machine.jpg\",\"datePublished\":\"2016-10-20T08:11:56+00:00\",\"dateModified\":\"2025-02-19T10:33:04+00:00\",\"description\":\"Double Circular Knitting Machine Series including interlock \u00b7 Rib \u00b7 Body Size \u00b7 Open Width, Check Details\",\"breadcrumb\":{\"@id\":\"https:\\\/\\\/xd.demo.somue.com\\\/products\\\/double\\\/#breadcrumb\"},\"inLanguage\":\"es\",\"potentialAction\":[{\"@type\":\"ReadAction\",\"target\":[\"https:\\\/\\\/xd.demo.somue.com\\\/products\\\/double\\\/\"]}]},{\"@type\":\"ImageObject\",\"inLanguage\":\"es\",\"@id\":\"https:\\\/\\\/xd.demo.somue.com\\\/products\\\/double\\\/#primaryimage\",\"url\":\"https:\\\/\\\/www.xdknitmachinery.com\\\/wp-content\\\/uploads\\\/2023\\\/08\\\/Body-Size-Double-Jersey-Circular-Knitting-Machine.jpg\",\"contentUrl\":\"https:\\\/\\\/www.xdknitmachinery.com\\\/wp-content\\\/uploads\\\/2023\\\/08\\\/Body-Size-Double-Jersey-Circular-Knitting-Machine.jpg\"},{\"@type\":\"BreadcrumbList\",\"@id\":\"https:\\\/\\\/xd.demo.somue.com\\\/products\\\/double\\\/#breadcrumb\",\"itemListElement\":[{\"@type\":\"ListItem\",\"position\":1,\"name\":\"Home\",\"item\":\"https:\\\/\\\/xd.demo.somue.com\\\/\"},{\"@type\":\"ListItem\",\"position\":2,\"name\":\"Products\",\"item\":\"https:\\\/\\\/xd.demo.somue.com\\\/products\\\/\"},{\"@type\":\"ListItem\",\"position\":3,\"name\":\"Double Knit Series\"}]},{\"@type\":\"WebSite\",\"@id\":\"https:\\\/\\\/xd.demo.somue.com\\\/#website\",\"url\":\"https:\\\/\\\/xd.demo.somue.com\\\/\",\"name\":\"\",\"description\":\"\",\"potentialAction\":[{\"@type\":\"SearchAction\",\"target\":{\"@type\":\"EntryPoint\",\"urlTemplate\":\"https:\\\/\\\/xd.demo.somue.com\\\/?s={search_term_string}\"},\"query-input\":{\"@type\":\"PropertyValueSpecification\",\"valueRequired\":true,\"valueName\":\"search_term_string\"}}],\"inLanguage\":\"es\"}]}<\/script>\n<!-- \/ Yoast SEO plugin. -->","yoast_head_json":{"title":"M\u00e1quina para hacer punto circular de doble jersey | Sintelli","description":"Serie de m\u00e1quinas de tejer circulares dobles que incluyen interlock \u00b7 Costilla \u00b7 Tama\u00f1o del cuerpo \u00b7 Ancho abierto, consulte los detalles","robots":{"index":"index","follow":"follow","max-snippet":"max-snippet:-1","max-image-preview":"max-image-preview:large","max-video-preview":"max-video-preview:-1"},"canonical":"https:\/\/xd.demo.somue.com\/products\/double\/","og_locale":"es_ES","og_type":"article","og_title":"Double Jersey Circular Knitting Machine | Sintelli","og_description":"Double Circular Knitting Machine Series including interlock \u00b7 Rib \u00b7 Body Size \u00b7 Open Width, Check Details","og_url":"https:\/\/xd.demo.somue.com\/products\/double\/","article_modified_time":"2025-02-19T10:33:04+00:00","og_image":[{"url":"https:\/\/www.xdknitmachinery.com\/wp-content\/uploads\/2023\/08\/Body-Size-Double-Jersey-Circular-Knitting-Machine.jpg","type":"","width":"","height":""}],"twitter_card":"summary_large_image","twitter_misc":{"Tiempo de lectura":"2 minutos"},"schema":{"@context":"https:\/\/schema.org","@graph":[{"@type":"WebPage","@id":"https:\/\/xd.demo.somue.com\/products\/double\/","url":"https:\/\/xd.demo.somue.com\/products\/double\/","name":"M\u00e1quina para hacer punto circular de doble jersey | Sintelli","isPartOf":{"@id":"https:\/\/xd.demo.somue.com\/#website"},"primaryImageOfPage":{"@id":"https:\/\/xd.demo.somue.com\/products\/double\/#primaryimage"},"image":{"@id":"https:\/\/xd.demo.somue.com\/products\/double\/#primaryimage"},"thumbnailUrl":"https:\/\/www.xdknitmachinery.com\/wp-content\/uploads\/2023\/08\/Body-Size-Double-Jersey-Circular-Knitting-Machine.jpg","datePublished":"2016-10-20T08:11:56+00:00","dateModified":"2025-02-19T10:33:04+00:00","description":"Serie de m\u00e1quinas de tejer circulares dobles que incluyen interlock \u00b7 Costilla \u00b7 Tama\u00f1o del cuerpo \u00b7 Ancho abierto, consulte los detalles","breadcrumb":{"@id":"https:\/\/xd.demo.somue.com\/products\/double\/#breadcrumb"},"inLanguage":"es","potentialAction":[{"@type":"ReadAction","target":["https:\/\/xd.demo.somue.com\/products\/double\/"]}]},{"@type":"ImageObject","inLanguage":"es","@id":"https:\/\/xd.demo.somue.com\/products\/double\/#primaryimage","url":"https:\/\/www.xdknitmachinery.com\/wp-content\/uploads\/2023\/08\/Body-Size-Double-Jersey-Circular-Knitting-Machine.jpg","contentUrl":"https:\/\/www.xdknitmachinery.com\/wp-content\/uploads\/2023\/08\/Body-Size-Double-Jersey-Circular-Knitting-Machine.jpg"},{"@type":"BreadcrumbList","@id":"https:\/\/xd.demo.somue.com\/products\/double\/#breadcrumb","itemListElement":[{"@type":"ListItem","position":1,"name":"Home","item":"https:\/\/xd.demo.somue.com\/"},{"@type":"ListItem","position":2,"name":"Products","item":"https:\/\/xd.demo.somue.com\/products\/"},{"@type":"ListItem","position":3,"name":"Double Knit Series"}]},{"@type":"WebSite","@id":"https:\/\/xd.demo.somue.com\/#website","url":"https:\/\/xd.demo.somue.com\/","name":"","description":"","potentialAction":[{"@type":"SearchAction","target":{"@type":"EntryPoint","urlTemplate":"https:\/\/xd.demo.somue.com\/?s={search_term_string}"},"query-input":{"@type":"PropertyValueSpecification","valueRequired":true,"valueName":"search_term_string"}}],"inLanguage":"es"}]}},"_links":{"self":[{"href":"https:\/\/www.xdknitmachinery.com\/es\/wp-json\/wp\/v2\/pages\/180","targetHints":{"allow":["GET"]}}],"collection":[{"href":"https:\/\/www.xdknitmachinery.com\/es\/wp-json\/wp\/v2\/pages"}],"about":[{"href":"https:\/\/www.xdknitmachinery.com\/es\/wp-json\/wp\/v2\/types\/page"}],"author":[{"embeddable":true,"href":"https:\/\/www.xdknitmachinery.com\/es\/wp-json\/wp\/v2\/users\/3"}],"replies":[{"embeddable":true,"href":"https:\/\/www.xdknitmachinery.com\/es\/wp-json\/wp\/v2\/comments?post=180"}],"version-history":[{"count":46,"href":"https:\/\/www.xdknitmachinery.com\/es\/wp-json\/wp\/v2\/pages\/180\/revisions"}],"predecessor-version":[{"id":5975,"href":"https:\/\/www.xdknitmachinery.com\/es\/wp-json\/wp\/v2\/pages\/180\/revisions\/5975"}],"up":[{"embeddable":true,"href":"https:\/\/www.xdknitmachinery.com\/es\/wp-json\/wp\/v2\/pages\/11"}],"wp:attachment":[{"href":"https:\/\/www.xdknitmachinery.com\/es\/wp-json\/wp\/v2\/media?parent=180"}],"curies":[{"name":"wp","href":"https:\/\/api.w.org\/{rel}","templated":true}]}}