{"id":1066,"date":"2018-05-04T08:01:10","date_gmt":"2018-05-04T08:01:10","guid":{"rendered":"https:\/\/www.xdknitmachinery.com\/?page_id=1066"},"modified":"2023-08-04T02:59:23","modified_gmt":"2023-08-04T02:59:23","slug":"become-our-partner","status":"publish","type":"page","link":"https:\/\/www.xdknitmachinery.com\/es\/become-our-partner\/","title":{"rendered":"Convi\u00e9rtase en nuestro socio"},"content":{"rendered":"<h2><strong>Convi\u00e9rtase en nuestro socio<\/strong><\/h2>\n<h2>POR QU\u00c9 HACER NEGOCIOS CON NOSOTROS<\/h2>\n<h3>Alta capacidad de fabricaci\u00f3n<\/h3>\n<p>Se producen entre 1.500 y 2.000 m\u00e1quinas cada a\u00f1o y una tasa de retenci\u00f3n de clientes del 85%<\/p>\n<h3>Equipo profesional<\/h3>\n<p>F\u00e1brica de 100.000 metros cuadrados con 300 empleados y trabajadores.<\/p>\n<h3>Precio competitivo<\/h3>\n<p>F\u00e1brica propia para acomodar la m\u00e1quina a buen precio.<\/p>\n<h3>Warranty<\/h3>\n<p>Se producen entre 1.500 y 2.000 m\u00e1quinas cada a\u00f1o y una tasa de retenci\u00f3n de clientes del 85%<\/p>\n<h3>Development<\/h3>\n<p>40 a\u00f1os en la industria textil, contamos con un departamento de I + D con experiencia completa.<\/p>\n<h3>Support<\/h3>\n<p>\u00a1El 75% de las piezas de repuesto son fabricadas por nosotros mismos y respaldan sus servicios posventa!<\/p>\n<h2 data-fontsize=\"41\" data-lineheight=\"45\">El tipo de Socios que buscamos:<\/h2>\n<h4>\n\tConstruir una red de ventas de asociaciones a largo plazo.<\/h4>\n<p>Buscamos ampliar nuestra Red de Socios, con personas expertas en esta industria, que tengan una cartera de clientes, trayectoria exitosa en ventas, credenciales y se consideren los mejores.<\/p>\n<p>Por encima de todo, buscamos socios con integridad, \u00e9tica laboral, visi\u00f3n y valores.<\/p>\n<p>Nuestro objetivo es construir asociaciones a largo plazo que nos ayuden a conservar nuestra ventaja competitiva y asegurar ganancias para ambas partes.<\/p>\n<p>&nbsp;<\/p>\n<ul>\n<li>Conocimiento profesional sobre la industria textil y buenas relaciones con clientes potenciales.<\/li>\n<li>Soporte t\u00e9cnico o dispuesto a formar ingenieros para el servicio postventa.<\/li>\n<li>Pasi\u00f3n por la venta de m\u00e1quinas y quiere desafiarse a s\u00ed mismo para conseguir m\u00e1s pedidos cada a\u00f1o.<\/li>\n<\/ul>\n<p><img fetchpriority=\"high\" decoding=\"async\" src=\"https:\/\/www.xdknitmachinery.com\/wp-content\/uploads\/2017\/05\/14th-Dhaka-Intl-Textile-Garment-Machinery-Exhibition.jpg\" alt=\"14th Dhaka Int'l Textile&amp; Garment Machinery Exhibition\" itemprop=\"image\" height=\"641\" width=\"854\" title=\"14a Exposici\u00f3n Internacional de Maquinaria Textil y de Confecci\u00f3n de Dhaka\"><\/p>\n<h3>\n\t\tDescargue una breve introducci\u00f3n para obtener m\u00e1s informaci\u00f3n<\/h3>\n<p><a href=\"https:\/\/www.xdknitmachinery.com\/wp-content\/uploads\/2018\/05\/XINDA-brief-introduction-2018.pdf\" target=\"_blank\" role=\"button\" rel=\"noopener\"><br \/>\nDescargar PDF<br \/>\n<\/a><br \/>\n<img decoding=\"async\" src=\"https:\/\/www.xdknitmachinery.com\/wp-content\/uploads\/2016\/10\/single-terry.jpg\" alt=\"single-terry\" itemprop=\"image\" height=\"380\" width=\"360\" title=\"single-terry\"><\/p>\n<h2>\n\tNuestras gamas de m\u00e1quinas<\/h2>\n<p>Buscamos ampliar nuestra Red de Partners, con personas expertas en herramientas, que tengan cartera de clientes, trayectoria exitosa en ventas, credenciales y se consideren los mejores.<\/p>\n<h4><b>M\u00e1quinas de tejer circulares:<\/b><\/h4>\n<ul>\n<li>Serie de punto \u00fanico<\/li>\n<li>Serie de punto doble<\/li>\n<li>Serie Computarizada Jacquard<\/li>\n<li>y mas<\/li>\n<\/ul>\n<h5>No solo fabricamos m\u00e1quinas de tejer circulares, sino tambi\u00e9n piezas y ofrecemos m\u00e1quinas de tejer usadas.<\/h5>\n<h2>\n\t\tEXCELENTES SERVICIOS<\/h2>\n<h3>An\u00e1lisis de telas<\/h3>\n<p>Bas\u00e1ndonos en brindar la mejor soluci\u00f3n para nuestro cliente, analizamos muestras de tela en 24 horas de forma gratuita.<\/p>\n<h3>Installation<\/h3>\n<p>La instalaci\u00f3n no finalizar\u00e1 hasta que la m\u00e1quina se depure a un estado de funcionamiento regular y estable, seg\u00fan sea necesario.<\/p>\n<h3>Training<\/h3>\n<p>Puede enviar a sus t\u00e9cnicos a nuestra empresa para que se capaciten con alojamiento y comida gratuitos.<\/p>\n<h3>Maintenance<\/h3>\n<p>Soporte t\u00e9cnico instant\u00e1neo a trav\u00e9s de tel\u00e9fono\/video o descripci\u00f3n de imagen. Nuestros ingenieros estar\u00e1n listos para ayudar si es necesario.<\/p>\n<h3>Delivery<\/h3>\n<p>Aproximadamente 30-40 d\u00edas despu\u00e9s de haber recibido el dep\u00f3sito o carta de cr\u00e9dito<\/p>\n<h3>Warranty<\/h3>\n<p>Reemplace libremente cualquier pieza con problema de calidad bajo garant\u00eda, excepto las piezas de desgaste r\u00e1pido.<\/p>\n<h3>\n\t\t\u00bfQuieres convertirte en nuestro socio? \u00a1Escr\u00edbenos ahora!<\/h3>\n<p><a href=\"\/es\/contact\/\" target=\"_self\" role=\"button\" rel=\"noopener\"><br \/>\nCont\u00e1ctenos<br \/>\n<\/a><\/p>\n<h3>\n\t\t\u00bfPreguntas sobre c\u00f3mo convertirse en nuestro agente?<br \/>\n\u00a1Escr\u00edbenos!<\/h3>\n<p>Obtenga orientaci\u00f3n gratuita hoy con Sintelli Knitting Machinery, \u00a1charlemos!<\/p>\n<p>Utilice el formulario de contacto a continuaci\u00f3n y su caso ser\u00e1 respondido dentro de las 12 horas.<\/p>\n\n<div class=\"wpcf7 no-js\" id=\"wpcf7-f105-o1\" lang=\"en-US\" dir=\"ltr\" data-wpcf7-id=\"105\">\n<div class=\"screen-reader-response\"><p role=\"status\" aria-live=\"polite\" aria-atomic=\"true\"><\/p> <ul><\/ul><\/div>\n<form action=\"\/es\/wp-json\/wp\/v2\/pages\/1066#wpcf7-f105-o1\" method=\"post\" class=\"wpcf7-form init\" aria-label=\"Formulario de contacto\" novalidate=\"novalidate\" data-status=\"init\" data-trp-original-action=\"\/es\/wp-json\/wp\/v2\/pages\/1066#wpcf7-f105-o1\">\n<fieldset class=\"hidden-fields-container\"><input type=\"hidden\" name=\"_wpcf7\" value=\"105\" \/><input type=\"hidden\" name=\"_wpcf7_version\" value=\"6.1.5\" \/><input type=\"hidden\" name=\"_wpcf7_locale\" value=\"en_US\" \/><input type=\"hidden\" name=\"_wpcf7_unit_tag\" value=\"wpcf7-f105-o1\" \/><input type=\"hidden\" name=\"_wpcf7_container_post\" value=\"0\" \/><input type=\"hidden\" name=\"_wpcf7_posted_data_hash\" value=\"\" \/><input type=\"hidden\" name=\"_wpcf7_recaptcha_response\" value=\"\" \/>\n<\/fieldset>\n<div class=\"uk-grid-small\" uk-grid>\n\t<div class=\"uk-width-1-2@m\">\n\t\t<p><span class=\"wpcf7-form-control-wrap\" data-name=\"your-name\"><input size=\"40\" maxlength=\"400\" class=\"wpcf7-form-control wpcf7-text wpcf7-validates-as-required\" aria-required=\"true\" aria-invalid=\"false\" placeholder=\"Su nombre*\" value=\"\" type=\"text\" name=\"your-name\" \/><\/span>\n\t\t<\/p>\n\t<\/div>\n\t<div class=\"uk-width-1-2@m\">\n\t\t<p><span class=\"wpcf7-form-control-wrap\" data-name=\"your-email\"><input size=\"40\" maxlength=\"400\" class=\"wpcf7-form-control wpcf7-email wpcf7-validates-as-required wpcf7-text wpcf7-validates-as-email\" aria-required=\"true\" aria-invalid=\"false\" placeholder=\"Tu correo electr\u00f3nico*\" value=\"\" type=\"email\" name=\"your-email\" \/><\/span>\n\t\t<\/p>\n\t<\/div>\n\t<div class=\"fl-col\" style=\"width: 100%;\">\n\t\t<p><span class=\"wpcf7-form-control-wrap\" data-name=\"your-number\"><input size=\"40\" maxlength=\"400\" class=\"wpcf7-form-control wpcf7-text\" aria-invalid=\"false\" placeholder=\"Tu tel\u00e9fono\" value=\"\" type=\"text\" name=\"your-number\" \/><\/span>\n\t\t<\/p>\n\t<\/div>\n\t<div class=\"fl-col\" style=\"width: 100%;\">\n\t\t<p><span class=\"wpcf7-form-control-wrap\" data-name=\"your-subject\"><input size=\"40\" maxlength=\"400\" class=\"wpcf7-form-control wpcf7-text\" aria-invalid=\"false\" placeholder=\"Subject\" value=\"\" type=\"text\" name=\"your-subject\" \/><\/span>\n\t\t<\/p>\n\t<\/div>\n\t<div class=\"fl-col\" style=\"width: 100%;\">\n\t\t<p><span class=\"wpcf7-form-control-wrap\" data-name=\"your-message\"><textarea cols=\"40\" rows=\"8\" maxlength=\"2000\" class=\"wpcf7-form-control wpcf7-textarea\" aria-invalid=\"false\" placeholder=\"Message\" name=\"your-message\"><\/textarea><\/span>\n\t\t<\/p>\n\t<\/div>\n\t<div class=\"fl-col\" style=\"width: 100%;\">\n\t\t<p><input class=\"wpcf7-form-control wpcf7-submit has-spinner uk-button uk-button-primary\" type=\"submit\" value=\"ENVIAR UN MENSAJE\" \/>\n\t\t<\/p>\n\t<\/div>\n<\/div><p style=\"display: none !important;\" class=\"akismet-fields-container\" data-prefix=\"_wpcf7_ak_\"><label>\u0394<textarea name=\"_wpcf7_ak_hp_textarea\" cols=\"45\" rows=\"8\" maxlength=\"100\"><\/textarea><\/label><input type=\"hidden\" id=\"ak_js_1\" name=\"_wpcf7_ak_js\" value=\"226\"\/><script>document.getElementById( \"ak_js_1\" ).setAttribute( \"value\", ( new Date() ).getTime() );<\/script><\/p><div class=\"wpcf7-response-output\" aria-hidden=\"true\"><\/div>\n<input type=\"hidden\" name=\"trp-form-language\" value=\"es\"\/><\/form>\n<\/div>","protected":false},"excerpt":{"rendered":"<p>Become Our Partner WHY DO BUSINESS WITH US High Manufacturing Capacity 1,500-2,000 machines produced every year and 85% Client Retention Rate Professional Team 100,000 square meters factory with 300 staffs and workers. Competitive Price Self-own factory to accommodate the machine with good price. Warranty 1,500-2,000 machines produced every year and 85% Client Retention Rate Development [&hellip;]<\/p>\n","protected":false},"author":2,"featured_media":0,"parent":0,"menu_order":0,"comment_status":"closed","ping_status":"closed","template":"page-templates\/become-our-partner.php","meta":{"footnotes":""},"class_list":["post-1066","page","type-page","status-publish","hentry"],"acf":[],"yoast_head":"<!-- This site is optimized with the Yoast SEO plugin v27.3 - https:\/\/yoast.com\/product\/yoast-seo-wordpress\/ -->\n<title>Become Our Partner -<\/title>\n<meta name=\"robots\" content=\"index, follow, max-snippet:-1, max-image-preview:large, max-video-preview:-1\" \/>\n<link rel=\"canonical\" href=\"https:\/\/xd.demo.somue.com\/become-our-partner\/\" \/>\n<meta property=\"og:locale\" content=\"es_ES\" \/>\n<meta property=\"og:type\" content=\"article\" \/>\n<meta property=\"og:title\" content=\"Become Our Partner -\" \/>\n<meta property=\"og:description\" content=\"Become Our Partner WHY DO BUSINESS WITH US High Manufacturing Capacity 1,500-2,000 machines produced every year and 85% Client Retention Rate Professional Team 100,000 square meters factory with 300 staffs and workers. Competitive Price Self-own factory to accommodate the machine with good price. Warranty 1,500-2,000 machines produced every year and 85% Client Retention Rate Development [&hellip;]\" \/>\n<meta property=\"og:url\" content=\"https:\/\/xd.demo.somue.com\/become-our-partner\/\" \/>\n<meta property=\"article:modified_time\" content=\"2023-08-04T02:59:23+00:00\" \/>\n<meta property=\"og:image\" content=\"https:\/\/www.xdknitmachinery.com\/wp-content\/uploads\/2017\/05\/14th-Dhaka-Intl-Textile-Garment-Machinery-Exhibition.jpg\" \/>\n<meta name=\"twitter:card\" content=\"summary_large_image\" \/>\n<meta name=\"twitter:label1\" content=\"Tiempo de lectura\" \/>\n\t<meta name=\"twitter:data1\" content=\"3 minutos\" \/>\n<script type=\"application\/ld+json\" class=\"yoast-schema-graph\">{\"@context\":\"https:\\\/\\\/schema.org\",\"@graph\":[{\"@type\":\"WebPage\",\"@id\":\"https:\\\/\\\/xd.demo.somue.com\\\/become-our-partner\\\/\",\"url\":\"https:\\\/\\\/xd.demo.somue.com\\\/become-our-partner\\\/\",\"name\":\"Become Our Partner -\",\"isPartOf\":{\"@id\":\"https:\\\/\\\/xd.demo.somue.com\\\/#website\"},\"primaryImageOfPage\":{\"@id\":\"https:\\\/\\\/xd.demo.somue.com\\\/become-our-partner\\\/#primaryimage\"},\"image\":{\"@id\":\"https:\\\/\\\/xd.demo.somue.com\\\/become-our-partner\\\/#primaryimage\"},\"thumbnailUrl\":\"https:\\\/\\\/www.xdknitmachinery.com\\\/wp-content\\\/uploads\\\/2017\\\/05\\\/14th-Dhaka-Intl-Textile-Garment-Machinery-Exhibition.jpg\",\"datePublished\":\"2018-05-04T08:01:10+00:00\",\"dateModified\":\"2023-08-04T02:59:23+00:00\",\"breadcrumb\":{\"@id\":\"https:\\\/\\\/xd.demo.somue.com\\\/become-our-partner\\\/#breadcrumb\"},\"inLanguage\":\"es\",\"potentialAction\":[{\"@type\":\"ReadAction\",\"target\":[\"https:\\\/\\\/xd.demo.somue.com\\\/become-our-partner\\\/\"]}]},{\"@type\":\"ImageObject\",\"inLanguage\":\"es\",\"@id\":\"https:\\\/\\\/xd.demo.somue.com\\\/become-our-partner\\\/#primaryimage\",\"url\":\"https:\\\/\\\/www.xdknitmachinery.com\\\/wp-content\\\/uploads\\\/2017\\\/05\\\/14th-Dhaka-Intl-Textile-Garment-Machinery-Exhibition.jpg\",\"contentUrl\":\"https:\\\/\\\/www.xdknitmachinery.com\\\/wp-content\\\/uploads\\\/2017\\\/05\\\/14th-Dhaka-Intl-Textile-Garment-Machinery-Exhibition.jpg\"},{\"@type\":\"BreadcrumbList\",\"@id\":\"https:\\\/\\\/xd.demo.somue.com\\\/become-our-partner\\\/#breadcrumb\",\"itemListElement\":[{\"@type\":\"ListItem\",\"position\":1,\"name\":\"Home\",\"item\":\"https:\\\/\\\/xd.demo.somue.com\\\/\"},{\"@type\":\"ListItem\",\"position\":2,\"name\":\"Become Our Partner\"}]},{\"@type\":\"WebSite\",\"@id\":\"https:\\\/\\\/xd.demo.somue.com\\\/#website\",\"url\":\"https:\\\/\\\/xd.demo.somue.com\\\/\",\"name\":\"\",\"description\":\"\",\"potentialAction\":[{\"@type\":\"SearchAction\",\"target\":{\"@type\":\"EntryPoint\",\"urlTemplate\":\"https:\\\/\\\/xd.demo.somue.com\\\/?s={search_term_string}\"},\"query-input\":{\"@type\":\"PropertyValueSpecification\",\"valueRequired\":true,\"valueName\":\"search_term_string\"}}],\"inLanguage\":\"es\"}]}<\/script>\n<!-- \/ Yoast SEO plugin. -->","yoast_head_json":{"title":"Convi\u00e9rtase en nuestro socio -","robots":{"index":"index","follow":"follow","max-snippet":"max-snippet:-1","max-image-preview":"max-image-preview:large","max-video-preview":"max-video-preview:-1"},"canonical":"https:\/\/xd.demo.somue.com\/become-our-partner\/","og_locale":"es_ES","og_type":"article","og_title":"Become Our Partner -","og_description":"Become Our Partner WHY DO BUSINESS WITH US High Manufacturing Capacity 1,500-2,000 machines produced every year and 85% Client Retention Rate Professional Team 100,000 square meters factory with 300 staffs and workers. Competitive Price Self-own factory to accommodate the machine with good price. Warranty 1,500-2,000 machines produced every year and 85% Client Retention Rate Development [&hellip;]","og_url":"https:\/\/xd.demo.somue.com\/become-our-partner\/","article_modified_time":"2023-08-04T02:59:23+00:00","og_image":[{"url":"https:\/\/www.xdknitmachinery.com\/wp-content\/uploads\/2017\/05\/14th-Dhaka-Intl-Textile-Garment-Machinery-Exhibition.jpg","type":"","width":"","height":""}],"twitter_card":"summary_large_image","twitter_misc":{"Tiempo de lectura":"3 minutos"},"schema":{"@context":"https:\/\/schema.org","@graph":[{"@type":"WebPage","@id":"https:\/\/xd.demo.somue.com\/become-our-partner\/","url":"https:\/\/xd.demo.somue.com\/become-our-partner\/","name":"Convi\u00e9rtase en nuestro socio -","isPartOf":{"@id":"https:\/\/xd.demo.somue.com\/#website"},"primaryImageOfPage":{"@id":"https:\/\/xd.demo.somue.com\/become-our-partner\/#primaryimage"},"image":{"@id":"https:\/\/xd.demo.somue.com\/become-our-partner\/#primaryimage"},"thumbnailUrl":"https:\/\/www.xdknitmachinery.com\/wp-content\/uploads\/2017\/05\/14th-Dhaka-Intl-Textile-Garment-Machinery-Exhibition.jpg","datePublished":"2018-05-04T08:01:10+00:00","dateModified":"2023-08-04T02:59:23+00:00","breadcrumb":{"@id":"https:\/\/xd.demo.somue.com\/become-our-partner\/#breadcrumb"},"inLanguage":"es","potentialAction":[{"@type":"ReadAction","target":["https:\/\/xd.demo.somue.com\/become-our-partner\/"]}]},{"@type":"ImageObject","inLanguage":"es","@id":"https:\/\/xd.demo.somue.com\/become-our-partner\/#primaryimage","url":"https:\/\/www.xdknitmachinery.com\/wp-content\/uploads\/2017\/05\/14th-Dhaka-Intl-Textile-Garment-Machinery-Exhibition.jpg","contentUrl":"https:\/\/www.xdknitmachinery.com\/wp-content\/uploads\/2017\/05\/14th-Dhaka-Intl-Textile-Garment-Machinery-Exhibition.jpg"},{"@type":"BreadcrumbList","@id":"https:\/\/xd.demo.somue.com\/become-our-partner\/#breadcrumb","itemListElement":[{"@type":"ListItem","position":1,"name":"Home","item":"https:\/\/xd.demo.somue.com\/"},{"@type":"ListItem","position":2,"name":"Become Our Partner"}]},{"@type":"WebSite","@id":"https:\/\/xd.demo.somue.com\/#website","url":"https:\/\/xd.demo.somue.com\/","name":"","description":"","potentialAction":[{"@type":"SearchAction","target":{"@type":"EntryPoint","urlTemplate":"https:\/\/xd.demo.somue.com\/?s={search_term_string}"},"query-input":{"@type":"PropertyValueSpecification","valueRequired":true,"valueName":"search_term_string"}}],"inLanguage":"es"}]}},"_links":{"self":[{"href":"https:\/\/www.xdknitmachinery.com\/es\/wp-json\/wp\/v2\/pages\/1066","targetHints":{"allow":["GET"]}}],"collection":[{"href":"https:\/\/www.xdknitmachinery.com\/es\/wp-json\/wp\/v2\/pages"}],"about":[{"href":"https:\/\/www.xdknitmachinery.com\/es\/wp-json\/wp\/v2\/types\/page"}],"author":[{"embeddable":true,"href":"https:\/\/www.xdknitmachinery.com\/es\/wp-json\/wp\/v2\/users\/2"}],"replies":[{"embeddable":true,"href":"https:\/\/www.xdknitmachinery.com\/es\/wp-json\/wp\/v2\/comments?post=1066"}],"version-history":[{"count":1,"href":"https:\/\/www.xdknitmachinery.com\/es\/wp-json\/wp\/v2\/pages\/1066\/revisions"}],"predecessor-version":[{"id":5542,"href":"https:\/\/www.xdknitmachinery.com\/es\/wp-json\/wp\/v2\/pages\/1066\/revisions\/5542"}],"wp:attachment":[{"href":"https:\/\/www.xdknitmachinery.com\/es\/wp-json\/wp\/v2\/media?parent=1066"}],"curies":[{"name":"wp","href":"https:\/\/api.w.org\/{rel}","templated":true}]}}